{"id":707,"date":"2020-04-17T14:48:01","date_gmt":"2020-04-17T13:48:01","guid":{"rendered":"http:\/\/s833217312.online.de\/?page_id=707"},"modified":"2021-01-13T16:09:34","modified_gmt":"2021-01-13T15:09:34","slug":"impressum","status":"publish","type":"page","link":"https:\/\/shoppingb2b.haworth.com\/de\/impressum\/","title":{"rendered":"Impressum"},"content":{"rendered":"\nF\u00fcr die Ver\u00f6ffentlichung und den Betrieb des Internetauftritts ist im Sinne des \u00a7 5 TMG verantwortlich\n\n<strong>Haworth GmbH<\/strong>\n\nAm Deisterbahnhof 6,\n\n31848 Bad M\u00fcnder am Deister\nDeutschland\n\nTelefon: +49 (0) 5042 501-0\nTelefax: +49 (0) 5042 501-200\nE-Mail: info.de@haworth.com\n\n<strong>www.shopping.haworth.com<\/strong>\n\nGesch\u00e4ftsf\u00fchrung: Christian Ennenbach und Maik Haenel\nUSt-IdNr.: DE123990410\n\nHandelsregister: Amtsgericht Hannover\nRegisternummer: HRB 212482\n\nVerantwortlich f\u00fcr den Inhalt nach \u00a7 55 Abs. 2 Rundfunkstaatsvertrag (RStV): Herr Christian Ennenbach und Herr Manfred Scholz (Anschrift s. o.)\n\nZur au\u00dfergerichtlichen Beilegung von verbraucherrechtlichen Streitigkeiten hat die Europ\u00e4ische Union eine Online-Plattform (\u201eOS-Plattform\u201c) eingerichtet, an die Sie sich wenden k\u00f6nnen.\n\nDie Plattform finden Sie unter: <a href=\"https:\/\/webgate.ec.europa.eu\/odr\/\">https:\/\/webgate.ec.europa.eu\/odr\/<\/a>.\n\nVerpflichtung f\u00fcr Streitbeilegungsverfahren gem\u00e4\u00df \u00a7 36 VSBG:\n\nDie Haworth GmbH wird nicht an einem Streitbeilegungsverfahren vor einer Verbraucherschlichtungsstelle teilnehmen und ist auch nicht dazu verpflichtet.\n\n<strong>Der Nutzung von im Rahmen der Impressumspflicht ver\u00f6ffentlichten Kontaktdaten durch Dritte zur \u00dcbersendung von nicht ausdr\u00fccklich angeforderter Werbung und Informationsmaterialien wird hiermit widersprochen. Wir behalten uns rechtliche Schritte im Falle der unverlangten Zusendung von Werbeinformationen, etwa durch Spam-Mails, vor.\n<\/strong>\n<ol>\n \t<li><strong> Inhalt des Onlineangebots<\/strong><\/li>\n<\/ol>\nUm die Informationen auf dieser Website m\u00f6glichst aktuell, sachlich korrekt und eindeutig zu halten, werden bei der Erstellung dieser Website alle Anstrengungen unternommen, um dies zu gew\u00e4hrleisten. Trotz aller Anstrengungen ist es m\u00f6glich, dass es zu unbeabsichtigten Fehlangaben kommen kann. Das Angebot der Webseiteninhalte erfolgt von dem Verantwortlichen unverbindlich und unter Ausschluss jeglicher Garantien oder Zusicherungen. Dies gilt ebenfalls f\u00fcr s\u00e4mtliche Webseiten, auf die mittels (Hyper-)Link verwiesen wird.\n\nSofern seitens des Verantwortlichen kein nachweislich vors\u00e4tzliches oder grob fahrl\u00e4ssiges Verschulden vorliegt, sind Haftungsanspr\u00fcche gegen\u00fcber dem Verantwortlichen, welche sich auf Sch\u00e4den materieller oder immaterieller Art beziehen, die durch die Nutzung oder Nichtnutzung der dargebotenen Informationen bzw. durch die Nutzung fehlerhafter und unvollst\u00e4ndiger Informationen verursacht wurden, ausgeschlossen.\n<ol start=\"2\">\n \t<li><strong> Verweise und Links<\/strong><\/li>\n<\/ol>\nBei direkten oder indirekten Verweisen auf fremde Internetseiten (\u201eLinks\u201c), welche au\u00dferhalb des Verantwortungsbereichs des Verantwortlichen liegen, besteht eine Haftungsverpflichtung ausschlie\u00dflich in dem Fall, wenn der Verantwortliche von den Inhalten Kenntnis hat und es technisch m\u00f6glich und zumutbar w\u00e4re, die Nutzung im Falle rechtswidriger Inhalte zu verhindern.\n\nDer Verantwortliche erkl\u00e4rt hiermit ausdr\u00fccklich, dass zum Zeitpunkt der Linksetzung keine illegalen Inhalte auf den zu verlinkenden Seiten erkennbar waren. Auf die aktuelle und zuk\u00fcnftige Gestaltung, die Inhalte oder die Urheberschaft der verlinkten\/verkn\u00fcpften Seiten hat der Verantwortliche keinerlei Einfluss. Es ist nicht zumutbar, eine permanente inhaltliche Kontrolle der verlinkten Seiten ohne konkrete Anhaltspunkte einer Rechtsverletzung durchzuf\u00fchren. Deshalb distanzieren wir uns hiermit ausdr\u00fccklich von allen Inhalten der verlinkten\/verkn\u00fcpften Seiten, welche nach der Linksetzung ver\u00e4ndert wurden. Diese Feststellung gilt f\u00fcr alle innerhalb des eigenen Internetangebots gesetzten Links und Verweise sowie f\u00fcr Fremdeintr\u00e4ge in den eingerichteten G\u00e4steb\u00fcchern, Diskussionsforen und Mailinglisten des Verantwortlichen. Sollten aus der Nutzung oder Nichtnutzung solcherart dargebotener Informationen Sch\u00e4den entstehen, haftet allein der Anbieter der Seite, auf welche verwiesen wurde, nicht derjenige, der \u00fcber Links auf die jeweilige Ver\u00f6ffentlichung lediglich verweist. Dies gilt ebenfalls f\u00fcr illegale, fehlerhafte oder unvollst\u00e4ndige Inhalte. Bei Bekanntwerden von Rechtsverletzungen werden wir derartige Links entfernen.\n<ol start=\"3\">\n \t<li><strong> Urheber- und Kennzeichenrecht<\/strong><\/li>\n<\/ol>\nDer Verantwortliche ist bestrebt, in allen Publikationen die Urheberrechte der verwendeten Grafiken, Tondokumente, Videosequenzen und Texte zu beachten, von dem Verantwortlichen selbst erstellte Grafiken, Tondokumente, Videosequenzen und Texte zu nutzen oder auf lizenzfreie Grafiken, Tondokumente, Videosequenzen und Texte zur\u00fcckzugreifen.\n\nAlle innerhalb des Internetangebots genannten und ggf. durch Dritte gesch\u00fctzten Marken- und Warenzeichen unterliegen uneingeschr\u00e4nkt den Bestimmungen des jeweils g\u00fcltigen Kennzeichenrechts und den Besitzrechten der jeweiligen Eigent\u00fcmer. Allein aufgrund der blo\u00dfen Nennung ist nicht der Schluss zu ziehen, dass Markenzeichen nicht durch Rechte Dritter gesch\u00fctzt sind.\n\nDie durch uns erstellten Inhalte und Werke auf diesen Seiten unterliegen dem deutschen Urheberrecht. Das Urheberrecht f\u00fcr ver\u00f6ffentlichte, von dem Verantwortlichen selbst erstellte Werke bleibt allein beim Urheber. Ohne ausdr\u00fcckliche Zustimmung durch den Verantwortlichen ist eine Vervielf\u00e4ltigung oder Verwendung solcher Werke, insbesondere Grafiken, Tondokumente, Videosequenzen und Texte, nicht gestattet. Im Fall einer rechtm\u00e4\u00dfigen Nutzung des auf dieser Homepage zur Verf\u00fcgung gestellten Informations- und Bildmaterials muss diese unter Angabe der urheberrechtlichen Quelle erfolgen. Wir behalten uns das Recht vor, die Genehmigung f\u00fcr die Vervielf\u00e4ltigung urheberrechtlich gesch\u00fctzten Materials jederzeit zur\u00fcckzuziehen. Dies gilt insbesondere dann, wenn von dem Recht f\u00fcr die Vervielf\u00e4ltigung entsprechenden Materials nach unserer Ansicht auf eine den unseren Interessen zuwiderlaufenden Art und Weise Gebrauch gemacht wird oder Anweisungen zum Schutz des Urheberrechts nicht konsequent eingehalten werden.\n\nWir \u00fcbernehmen in Verbindung mit dieser Genehmigung keinerlei Gew\u00e4hrleistung oder Haftung f\u00fcr die Freiheit von Rechten Dritter.\n<ol start=\"4\">\n \t<li><strong> Haftungsbeschr\u00e4nkung und Haftungsausschluss<\/strong><\/li>\n<\/ol>\nDiese Website wurde mit gr\u00f6\u00dftm\u00f6glicher Sorgfalt zusammengestellt. Gem\u00e4\u00df \u00a7 7 Abs. 1 TMG sind wir als Diensteanbieter f\u00fcr eigene Inhalte auf diesen Seiten nach den allgemeinen Gesetzen verantwortlich. Entsprechend \u00a7\u00a7 8 bis 10 TMG besteht f\u00fcr uns als Diensteanbieter jedoch keine Verpflichtung, \u00fcbermittelte oder gespeicherte fremde Informationen zu \u00fcberwachen. Weiterhin sind wir nicht verpflichtet, nach Umst\u00e4nden zu forschen, die auf eine rechtswidrige T\u00e4tigkeit hinweisen. Hiervon unber\u00fchrt bleiben Verpflichtungen zur Entfernung oder Sperrung der Nutzung von Informationen nach Kenntniserlangung. Vor dem Zeitpunkt der Kenntnis ist eine diesbez\u00fcgliche Haftung f\u00fcr eine konkrete Rechtsverletzung nicht m\u00f6glich. Die entsprechenden Inhalte werden nach Bekanntwerden entsprechender Rechtsverletzungen umgehend entfernt.\n\nSofern seitens des Verantwortlichen kein nachweislich vors\u00e4tzliches oder grob fahrl\u00e4ssiges Verschulden vorliegt, sind Haftungsanspr\u00fcche gegen\u00fcber dem Verantwortlichen, welche sich auf Sch\u00e4den materieller oder immaterieller Art beziehen und durch die Nutzung oder Nichtnutzung der dargebotenen Informationen bzw. durch die Nutzung fehlerhafter und unvollst\u00e4ndiger Informationen verursacht wurden, ausgeschlossen.\n\nAlle Angebote sind freibleibend und unverbindlich. Wir behalten es uns ausdr\u00fccklich vor, Teile der oder alle Seiten ohne gesonderte Ank\u00fcndigung zu ver\u00e4ndern, zu erg\u00e4nzen, zu l\u00f6schen oder die Ver\u00f6ffentlichung zeitweise oder endg\u00fcltig einzustellen oder an andere Nutzungsbedingungen zu kn\u00fcpfen.\n<ol start=\"5\">\n \t<li><strong> Rechtswirksamkeit dieses Haftungsausschlusses<\/strong><\/li>\n<\/ol>\nDieser Haftungsausschluss ist als Teil des Internetangebots zu betrachten, von dem aus auf diese Seite verwiesen wurde. Sofern Teile oder einzelne Formulierungen dieses Textes der geltenden Rechtslage nicht, nicht mehr oder nicht vollst\u00e4ndig entsprechen sollten, bleiben die \u00fcbrigen Teile des Dokuments in ihrem Inhalt und ihrer G\u00fcltigkeit davon unber\u00fchrt.\n","protected":false},"excerpt":{"rendered":"<p>F\u00fcr die Ver\u00f6ffentlichung und den Betrieb des Internetauftritts ist im Sinne des \u00a7 5 TMG verantwortlich Haworth GmbH Am Deisterbahnhof 6, 31848 Bad M\u00fcnder am Deister Deutschland Telefon: +49 (0) 5042 501-0 Telefax: +49 (0) 5042 501-200 E-Mail: info.de@haworth.com www.shopping.haworth.com Gesch\u00e4ftsf\u00fchrung: Christian Ennenbach und Maik Haenel USt-IdNr.: DE123990410 Handelsregister: Amtsgericht Hannover Registernummer: HRB 212482 Verantwortlich [&#8230;]\n","protected":false},"author":3990,"featured_media":0,"parent":0,"menu_order":0,"comment_status":"closed","ping_status":"closed","template":"","meta":{"footnotes":""},"class_list":["post-707","page","type-page","status-publish","hentry"],"_links":{"self":[{"href":"https:\/\/shoppingb2b.haworth.com\/de\/wp-json\/wp\/v2\/pages\/707","targetHints":{"allow":["GET"]}}],"collection":[{"href":"https:\/\/shoppingb2b.haworth.com\/de\/wp-json\/wp\/v2\/pages"}],"about":[{"href":"https:\/\/shoppingb2b.haworth.com\/de\/wp-json\/wp\/v2\/types\/page"}],"author":[{"embeddable":true,"href":"https:\/\/shoppingb2b.haworth.com\/de\/wp-json\/wp\/v2\/users\/3990"}],"replies":[{"embeddable":true,"href":"https:\/\/shoppingb2b.haworth.com\/de\/wp-json\/wp\/v2\/comments?post=707"}],"version-history":[{"count":0,"href":"https:\/\/shoppingb2b.haworth.com\/de\/wp-json\/wp\/v2\/pages\/707\/revisions"}],"wp:attachment":[{"href":"https:\/\/shoppingb2b.haworth.com\/de\/wp-json\/wp\/v2\/media?parent=707"}],"curies":[{"name":"wp","href":"https:\/\/api.w.org\/{rel}","templated":true}]}}