{"id":11909,"date":"2021-02-24T13:38:42","date_gmt":"2021-02-24T12:38:42","guid":{"rendered":"https:\/\/shopping.haworth.com\/?post_type=product&#038;p=11909"},"modified":"2021-03-31T22:35:42","modified_gmt":"2021-03-31T21:35:42","slug":"de-nia-schwarz","status":"publish","type":"product","link":"https:\/\/shoppingb2b.haworth.com\/de\/produkt\/de-nia-schwarz\/","title":{"rendered":"Nia Schwarz"},"content":{"rendered":"<div class=\"row\"  id=\"row-1635139126\">\n\n\t<div id=\"col-470610868\" class=\"col medium-6 small-12 large-6\"  >\n\t\t<div class=\"col-inner\"  >\n\t\t\t\n\t\t\t\n<h2>Nia \u00dcberblick<\/h2>\n<div class=\"pdp-tabs-overview__description\">\n<p>Die ideale Arbeitsumgebung f\u00fcr die Wissensarbeiter von morgen unterst\u00fctzt, wo es n\u00f6tig ist, und l\u00e4sst so viel Freiheit wie gew\u00fcnscht. Nia f\u00f6rdert die Aktivit\u00e4t im Arbeitsalltag und bietet dabei sowohl den Komfort eines Loungesessels als auch die pr\u00e4zise Technik eines Arbeitsstuhls. Auf diese Weise vereint Nia Komfort, Leistung und Design in einem Produkt. Hinter dem schlanken Design verbirgt sich eine intelligente Mechanik, die, wie umfangreiche Tests bewiesen haben, in jeder Sitzposition einen bemerkenswerten Komfort bietet.<\/p>\n<p>B\u00fcros werden immer vielseitiger und multifunktionaler, um den steigenden Anforderungen und verschiedenen Aufgaben seiner Nutzer gerecht zu werden Flexible Arbeitsweisen haben dazu gef\u00fchrt, dass das Angebot an flexiblen, nicht zugeordneten Arbeitspl\u00e4tzen zunehmend steigt.<\/p>\n<p>Traditionelles vs. Agiles Arbeiten<br \/>\nAgile Arbeiter haben kein Interesse daran, den Arbeitsstuhl, den sie nur f\u00fcr einige Stunden nutzen wollen, langwierig einzustellen. \u200bDie ideale Arbeitsumgebung f\u00fcr Wissensarbeiter von morgen sorgt f\u00fcr Support, wo er gebraucht wird und Freiraum, wo er gew\u00fcnscht ist.<\/p>\n<p>Designed um agiles Arbeit w\u00e4hrend des Arbeitstages zu unterst\u00fctzen , kombiniert Nia den Komfort eines Lounge Stuhles mit dem pr\u00e4zisen Engineering unserer High Performance Arbeitsst\u00fchle.<\/p>\n<\/div>\n\t\t<\/div>\n\t\t\t<\/div>\n\n\t\n\n\t<div id=\"col-1188610565\" class=\"col medium-6 small-12 large-6\"  >\n\t\t<div class=\"col-inner\"  >\n\t\t\t\n\t\t\t\n\t<div class=\"img has-hover x md-x lg-x y md-y lg-y\" id=\"image_1647063233\">\n\t\t\t\t\t\t\t\t<div class=\"img-inner dark\" >\n\t\t\t\t\t\t\t\t\t\n\t\t\t\t\t<\/div>\n\t\t\t\t\t\t\t\t\n<style>\n#image_1647063233 {\n  width: 100%;\n}\n<\/style>\n\t<\/div>\n\t\n\t\t<\/div>\n\t\t\t<\/div>\n\n\t\n<\/div>\n<div class=\"accordion\" rel=\"\">\n<div class=\"accordion-item\"><a href=\"#\" class=\"accordion-title plain\"><button class=\"toggle\"><i class=\"icon-angle-down\"><\/i><\/button><span>Ausstattungen<\/span><\/a><div class=\"accordion-inner\">\n<ul>\n<li>So viel Freiheit wie gew\u00fcnscht, so viel Unterst\u00fctzung wie n\u00f6tig<\/li>\n<li>Einfache intuitive Einstellm\u00f6glichkeiten<\/li>\n<li>Smarter und patentierter Mechanismus<\/li>\n<li>Unterst\u00fctzt unz\u00e4hlige Sitzpositionen<\/li>\n<li>Geeignet f\u00fcr die unterschiedlichsten Arbeitseins\u00e4tze<\/li>\n<\/ul>\n<\/div><\/div>\n<\/div>\n<div class=\"is-divider divider clearfix\" style=\"max-width:0px;height:80px;\"><\/div>\n<div class=\"video video-fit mb box-shadow-4\" style=\"padding-top:56.25%;\"><p><iframe loading=\"lazy\" title=\"Meet Nia\" src=\"https:\/\/player.vimeo.com\/video\/358088110?dnt=1&amp;app_id=122963\" width=\"1020\" height=\"574\" frameborder=\"0\" allow=\"autoplay; fullscreen; picture-in-picture\" allowfullscreen><\/iframe><\/p>\n<\/div>\n","protected":false},"excerpt":{"rendered":"<p style=\"text-align: center;\">Traditionelle Arbeitsst\u00fchle stehen im Kontrast zu dem Trend &#8222;Office goes Residential&#8220;.<br \/>\nNia passt mit seinen klaren Linien und dem verdecktem Mechanismus optisch ideal in die Wohlf\u00fchl-Atmosph\u00e4re moderner B\u00fcros ohne dabei Kompromisse bei der Performance einzugehen.<\/p>\n","protected":false},"featured_media":11919,"template":"","meta":[],"product_brand":[],"product_cat":[523,94],"product_tag":[457,450,175,505,487,510,619,527,548,185,500,455,447],"class_list":{"0":"post-11909","1":"product","2":"type-product","3":"status-publish","4":"has-post-thumbnail","6":"product_cat-alle","7":"product_cat-stuehle","8":"product_tag-austria-de","9":"product_tag-belgium-de","10":"product_tag-deutschland","11":"product_tag-hungary-de","12":"product_tag-ireland-de","13":"product_tag-italy-de","14":"product_tag-luxembourg-de","15":"product_tag-nia-de","16":"product_tag-niaidea-de","17":"product_tag-niederlande","18":"product_tag-poland-de","19":"product_tag-portugal-de","20":"product_tag-spain-de","22":"first","23":"instock","24":"taxable","25":"shipping-taxable","26":"purchasable","27":"product-type-simple"},"gallery_images":[11922,11916,11913],"_links":{"self":[{"href":"https:\/\/shoppingb2b.haworth.com\/de\/wp-json\/wp\/v2\/product\/11909","targetHints":{"allow":["GET"]}}],"collection":[{"href":"https:\/\/shoppingb2b.haworth.com\/de\/wp-json\/wp\/v2\/product"}],"about":[{"href":"https:\/\/shoppingb2b.haworth.com\/de\/wp-json\/wp\/v2\/types\/product"}],"wp:featuredmedia":[{"embeddable":true,"href":"https:\/\/shoppingb2b.haworth.com\/de\/wp-json\/wp\/v2\/media\/11919"}],"wp:attachment":[{"href":"https:\/\/shoppingb2b.haworth.com\/de\/wp-json\/wp\/v2\/media?parent=11909"}],"wp:term":[{"taxonomy":"product_brand","embeddable":true,"href":"https:\/\/shoppingb2b.haworth.com\/de\/wp-json\/wp\/v2\/product_brand?post=11909"},{"taxonomy":"product_cat","embeddable":true,"href":"https:\/\/shoppingb2b.haworth.com\/de\/wp-json\/wp\/v2\/product_cat?post=11909"},{"taxonomy":"product_tag","embeddable":true,"href":"https:\/\/shoppingb2b.haworth.com\/de\/wp-json\/wp\/v2\/product_tag?post=11909"}],"curies":[{"name":"wp","href":"https:\/\/api.w.org\/{rel}","templated":true}]}}