{"id":1248,"date":"2020-04-30T15:30:36","date_gmt":"2020-04-30T14:30:37","guid":{"rendered":"http:\/\/s833217312.online.de\/?post_type=product&#038;p=1248"},"modified":"2021-03-31T22:52:39","modified_gmt":"2021-03-31T21:52:39","slug":"fr-eddy","status":"publish","type":"product","link":"https:\/\/shoppingb2b.haworth.com\/de\/produkt\/fr-eddy\/","title":{"rendered":"Eddy"},"content":{"rendered":"<div class=\"row\"  id=\"row-736130956\">\n\n\t<div id=\"col-1257641687\" class=\"col medium-6 small-12 large-6\"  >\n\t\t<div class=\"col-inner\"  >\n\t\t\t\n\t\t\t\n<p>ENTWORFEN VON JOHANNES TORPE<\/p>\n<h2>Vielseitig<\/h2>\n<p>Die schlanke tempor\u00e4re Arbeitsfl\u00e4che unterst\u00fctzt alle Bed\u00fcrfnisse des Nutzers. Der Tisch l\u00e4sst sich dank seiner Rollen leicht bewegen und ist je nach Einsatzbereich in der H\u00f6he einstellbar.<\/p>\n<h2>Effizient<\/h2>\n<p>Eddy f\u00f6rdert die Zusammenarbeit, Flexibilit\u00e4t und Kreativit\u00e4t am Arbeitsplatz und ist dabei auch noch platzsparend.<\/p>\n<h2>Mobil<\/h2>\n<p>Eddy erm\u00f6glicht das Arbeiten in offenen Raumstrukturen und \u00fcberall, wo Sie effektiv arbeiten k\u00f6nnen.<\/p>\n\t\t<\/div>\n\t\t\t<\/div>\n\n\t\n\n\t<div id=\"col-1970739649\" class=\"col medium-6 small-12 large-6\"  >\n\t\t<div class=\"col-inner\"  >\n\t\t\t\n\t\t\t\n\t<div class=\"img has-hover x md-x lg-x y md-y lg-y\" id=\"image_670718302\">\n\t\t\t\t\t\t\t\t<div class=\"img-inner dark\" >\n\t\t\t<img loading=\"lazy\" decoding=\"async\" width=\"750\" height=\"775\" src=\"https:\/\/shoppingb2b.haworth.com\/wp-content\/uploads\/2020\/04\/eddy_accessory_body_01.jpg\" class=\"attachment-large size-large\" alt=\"\" srcset=\"https:\/\/shoppingb2b.haworth.com\/wp-content\/uploads\/2020\/04\/eddy_accessory_body_01.jpg 750w, https:\/\/shoppingb2b.haworth.com\/wp-content\/uploads\/2020\/04\/eddy_accessory_body_01-247x255.jpg 247w, https:\/\/shoppingb2b.haworth.com\/wp-content\/uploads\/2020\/04\/eddy_accessory_body_01-512x529.jpg 512w, https:\/\/shoppingb2b.haworth.com\/wp-content\/uploads\/2020\/04\/eddy_accessory_body_01-507x524.jpg 507w, https:\/\/shoppingb2b.haworth.com\/wp-content\/uploads\/2020\/04\/eddy_accessory_body_01-387x400.jpg 387w\" sizes=\"auto, (max-width: 750px) 100vw, 750px\" \/>\t\t\t\t\t\t\n\t\t\t\t\t<\/div>\n\t\t\t\t\t\t\t\t\n<style>\n#image_670718302 {\n  width: 45%;\n}\n<\/style>\n\t<\/div>\n\t\n\t\t<\/div>\n\t\t\t<\/div>\n\n\t\n<\/div>\n","protected":false},"excerpt":{"rendered":"<p style=\"text-align: center;\">Eddy ist vielseitig einsetzbar und somit ideal als tempor\u00e4rer Arbeitsplatz oder f\u00fcr spontane Meetings.<\/p>\n","protected":false},"featured_media":1287,"template":"","meta":[],"product_brand":[],"product_cat":[97],"product_tag":[244,174,105,108,207],"class_list":{"0":"post-1248","1":"product","2":"type-product","3":"status-publish","4":"has-post-thumbnail","6":"product_cat-tische","7":"product_tag-eddy-de","8":"product_tag-frankreich","9":"product_tag-haworth-de-2","10":"product_tag-home-office-de-2","11":"product_tag-tisch","13":"first","14":"instock","15":"taxable","16":"shipping-taxable","17":"product-type-simple"},"gallery_images":[1293,1290,1284],"_links":{"self":[{"href":"https:\/\/shoppingb2b.haworth.com\/de\/wp-json\/wp\/v2\/product\/1248","targetHints":{"allow":["GET"]}}],"collection":[{"href":"https:\/\/shoppingb2b.haworth.com\/de\/wp-json\/wp\/v2\/product"}],"about":[{"href":"https:\/\/shoppingb2b.haworth.com\/de\/wp-json\/wp\/v2\/types\/product"}],"wp:featuredmedia":[{"embeddable":true,"href":"https:\/\/shoppingb2b.haworth.com\/de\/wp-json\/wp\/v2\/media\/1287"}],"wp:attachment":[{"href":"https:\/\/shoppingb2b.haworth.com\/de\/wp-json\/wp\/v2\/media?parent=1248"}],"wp:term":[{"taxonomy":"product_brand","embeddable":true,"href":"https:\/\/shoppingb2b.haworth.com\/de\/wp-json\/wp\/v2\/product_brand?post=1248"},{"taxonomy":"product_cat","embeddable":true,"href":"https:\/\/shoppingb2b.haworth.com\/de\/wp-json\/wp\/v2\/product_cat?post=1248"},{"taxonomy":"product_tag","embeddable":true,"href":"https:\/\/shoppingb2b.haworth.com\/de\/wp-json\/wp\/v2\/product_tag?post=1248"}],"curies":[{"name":"wp","href":"https:\/\/api.w.org\/{rel}","templated":true}]}}