{"id":145110,"date":"2020-11-04T14:23:06","date_gmt":"2020-11-04T13:23:06","guid":{"rendered":"https:\/\/shopping.haworth.com\/product\/fern\/"},"modified":"2022-02-03T09:59:16","modified_gmt":"2022-02-03T08:59:16","slug":"fern","status":"publish","type":"product","link":"https:\/\/shoppingb2b.haworth.com\/de\/produkt\/fern\/","title":{"rendered":"Fern"},"content":{"rendered":"<div class=\"row\"  id=\"row-1481416820\">\n\n\t<div id=\"col-406178322\" class=\"col medium-6 small-12 large-6\"  >\n\t\t<div class=\"col-inner\"  >\n\t\t\t\n\t\t\t\n<h2>Fern \u00dcberblick<\/h2>\n<p>Eine neue Bewegung \u2013 Einfach, nat\u00fcrlich und ungehindert \u2013 Fern ist mit jeder Bewegung im Einklang.<\/p>\n<h4>Gutes Gef\u00fchl<\/h4>\n<div>Der Fern mit seiner neuen Art von ganzt\u00e4gigem Komfort eignet sich ideal f\u00fcr die unterschiedlichen Anwender \u2013 unabh\u00e4ngig von deren Gr\u00f6\u00dfe, Haltung oder Arbeitsweise. Die ergonomischen Innovationen des forschungsbasierten Fern bieten hervorragende R\u00fcckenunterst\u00fctzung und passen sich all Ihren Bewegungen an.<\/div>\n<div><\/div>\n<h4>Gutes Arbeiten<\/h4>\n<div>Mit Fern \u2013 mehr Komfort bei weniger Ablenkung. Sobald Sie sich bewegen oder Ihre Position ver\u00e4ndern, arbeitet der Fern mit Ihnen,<br \/>\nnicht gegen Sie, damit Sie sich auf Ihre aktuelle Aufgabe konzentrieren k\u00f6nnen. Der Fern verf\u00fcgt \u00fcber keinen festen Au\u00dfenrand, nur weiche, biegsame Kanten, die Sie nicht behindern oder in Ihrer Bewegung einschr\u00e4nken.<\/div>\n<div><\/div>\n<h4>Gutes Sitzen<\/h4>\n<div>Der Fern mit seiner neuen Art von ganzt\u00e4gigem Komfort eignet sich ideal f\u00fcr die unterschiedlichen Anwender \u2013 unabh\u00e4ngig von deren Gr\u00f6\u00dfe, Haltung oder Arbeitsweise. Die ergonomischen Innovationen des forschungsbasierten Fern bieten hervorragende R\u00fcckenunterst\u00fctzung und passen sich all Ihren Bewegungen an.<\/div>\n\t\t<\/div>\n\t\t\t<\/div>\n\n\t\n\n\t<div id=\"col-249983096\" class=\"col medium-6 small-12 large-6\"  >\n\t\t<div class=\"col-inner\"  >\n\t\t\t\n\t\t\t\n\t<div class=\"img has-hover x md-x lg-x y md-y lg-y\" id=\"image_615969982\">\n\t\t\t\t\t\t\t\t<div class=\"img-inner dark\" >\n\t\t\t<img loading=\"lazy\" decoding=\"async\" width=\"800\" height=\"800\" src=\"https:\/\/shoppingb2b.haworth.com\/wp-content\/uploads\/2020\/10\/fern_1000x1000_2-800x800.jpg\" class=\"attachment-large size-large\" alt=\"\" srcset=\"https:\/\/shoppingb2b.haworth.com\/wp-content\/uploads\/2020\/10\/fern_1000x1000_2-800x800.jpg 800w, https:\/\/shoppingb2b.haworth.com\/wp-content\/uploads\/2020\/10\/fern_1000x1000_2-400x400.jpg 400w, https:\/\/shoppingb2b.haworth.com\/wp-content\/uploads\/2020\/10\/fern_1000x1000_2-280x280.jpg 280w, https:\/\/shoppingb2b.haworth.com\/wp-content\/uploads\/2020\/10\/fern_1000x1000_2-768x768.jpg 768w, https:\/\/shoppingb2b.haworth.com\/wp-content\/uploads\/2020\/10\/fern_1000x1000_2-247x247.jpg 247w, https:\/\/shoppingb2b.haworth.com\/wp-content\/uploads\/2020\/10\/fern_1000x1000_2-512x512.jpg 512w, https:\/\/shoppingb2b.haworth.com\/wp-content\/uploads\/2020\/10\/fern_1000x1000_2.jpg 1000w\" sizes=\"auto, (max-width: 800px) 100vw, 800px\" \/>\t\t\t\t\t\t\n\t\t\t\t\t<\/div>\n\t\t\t\t\t\t\t\t\n<style>\n#image_615969982 {\n  width: 100%;\n}\n<\/style>\n\t<\/div>\n\t\n\t\t<\/div>\n\t\t\t<\/div>\n\n\t\n\n\t<div id=\"col-187245828\" class=\"col medium-4 small-12 large-4\"  >\n\t\t<div class=\"col-inner\"  >\n\t\t\t\n\t\t\t\n<div class=\"accordion\" rel=\"\">\n<div class=\"accordion-item\"><a href=\"#\" class=\"accordion-title plain\"><button class=\"toggle\"><i class=\"icon-angle-down\"><\/i><\/button><span>Zertifikate und Auszeichnungen<\/span><\/a><div class=\"accordion-inner\">\n<ul>\n<li>Zertifikat &#8211; FIRA: strukturelle Sicherheit<\/li>\n<li>Zertifikat &#8211; GreenGuard<\/li>\n<li>Zertifikat &#8211; GreenGuard Gold<\/li>\n<li>Zertifikat &#8211; GS-Sicherheit<\/li>\n<li>German Design Award<\/li>\n<li>Zertifikat &#8211; FEMB: Level 3<\/li>\n<\/ul>\n<\/div><\/div>\n<\/div>\n\t\t<\/div>\n\t\t\t<\/div>\n\n\t\n<\/div>\n<div class=\"is-divider divider clearfix\" style=\"max-width:0px;height:80px;\"><\/div>\n<div class=\"video video-fit mb box-shadow-4\" style=\"padding-top:56.25%;\"><p><iframe loading=\"lazy\" title=\"Fern Adjustment Video\" src=\"https:\/\/player.vimeo.com\/video\/424026415?h=e0d9294ed8&amp;dnt=1&amp;app_id=122963\" width=\"1020\" height=\"574\" frameborder=\"0\" allow=\"autoplay; fullscreen; picture-in-picture\" allowfullscreen><\/iframe><\/p>\n<\/div>\n","protected":false},"excerpt":{"rendered":"<p style=\"text-align: center;\" data-mce-style=\"text-align: center;\">Der Drehstuhl Fern ist einfach und intuitiv zu benutzen.<br \/>Inspiriert von der Natur, unterst\u00fctzt der Fern jede Bewegung des Nutzers.<\/p>\n","protected":false},"featured_media":231030,"template":"","meta":[],"product_brand":[],"product_cat":[523,1058,94],"product_tag":[457,450,991,175,992,993,105,505,487,510,994,995,619,555,996,500,455,997,447,998],"class_list":{"0":"post-145110","1":"product","2":"type-product","3":"status-publish","4":"has-post-thumbnail","6":"product_cat-alle","7":"product_cat-black-friday-de","8":"product_cat-stuehle","9":"product_tag-austria-de","10":"product_tag-belgium-de","11":"product_tag-bulgaria-de","12":"product_tag-deutschland","13":"product_tag-estonia-de","14":"product_tag-greece-de","15":"product_tag-haworth-de-2","16":"product_tag-hungary-de","17":"product_tag-ireland-de","18":"product_tag-italy-de","19":"product_tag-latvia-de","20":"product_tag-lithuania-de","21":"product_tag-luxembourg-de","22":"product_tag-lyftidea-de","23":"product_tag-norway-de","24":"product_tag-poland-de","25":"product_tag-portugal-de","26":"product_tag-slovania-de","27":"product_tag-spain-de","28":"product_tag-sweden-de","30":"first","31":"instock","32":"taxable","33":"shipping-taxable","34":"purchasable","35":"product-type-simple"},"gallery_images":[6955,6921],"_links":{"self":[{"href":"https:\/\/shoppingb2b.haworth.com\/de\/wp-json\/wp\/v2\/product\/145110","targetHints":{"allow":["GET"]}}],"collection":[{"href":"https:\/\/shoppingb2b.haworth.com\/de\/wp-json\/wp\/v2\/product"}],"about":[{"href":"https:\/\/shoppingb2b.haworth.com\/de\/wp-json\/wp\/v2\/types\/product"}],"wp:featuredmedia":[{"embeddable":true,"href":"https:\/\/shoppingb2b.haworth.com\/de\/wp-json\/wp\/v2\/media\/231030"}],"wp:attachment":[{"href":"https:\/\/shoppingb2b.haworth.com\/de\/wp-json\/wp\/v2\/media?parent=145110"}],"wp:term":[{"taxonomy":"product_brand","embeddable":true,"href":"https:\/\/shoppingb2b.haworth.com\/de\/wp-json\/wp\/v2\/product_brand?post=145110"},{"taxonomy":"product_cat","embeddable":true,"href":"https:\/\/shoppingb2b.haworth.com\/de\/wp-json\/wp\/v2\/product_cat?post=145110"},{"taxonomy":"product_tag","embeddable":true,"href":"https:\/\/shoppingb2b.haworth.com\/de\/wp-json\/wp\/v2\/product_tag?post=145110"}],"curies":[{"name":"wp","href":"https:\/\/api.w.org\/{rel}","templated":true}]}}