{"id":17376,"date":"2021-04-09T12:59:08","date_gmt":"2021-04-09T11:59:08","guid":{"rendered":"https:\/\/shopping.haworth.com\/?post_type=product&#038;p=17376"},"modified":"2021-04-26T10:31:22","modified_gmt":"2021-04-26T09:31:22","slug":"hiya-hoehenverstellbar-160x80","status":"publish","type":"product","link":"https:\/\/shoppingb2b.haworth.com\/de\/produkt\/hiya-hoehenverstellbar-160x80\/","title":{"rendered":"Hiya &#8211; h\u00f6henverstellbar 160&#215;80"},"content":{"rendered":"<div class=\"row\"  id=\"row-762195095\">\n\n\t<div id=\"col-1291700819\" class=\"col medium-6 small-12 large-6\"  >\n\t\t<div class=\"col-inner\"  >\n\t\t\t\n\t\t\t\n<h2>Hiya \u00dcberblick<\/h2>\n<p>H\u00f6henverstellbare Tische f\u00f6rdern Haltungs-wechsel, um Bewegung und Wohlbefinden zu unterst\u00fctzen, so dass die Menschen bequem optimale Arbeit leisten k\u00f6nnen.<br \/>\nDer HiYa Tisch ist eine preiswerte L\u00f6sung mit flexiblem Design, das die ergonomischen Bed\u00fcrfnisse Ihrer Mitarbeiter unterst\u00fctzt.<br \/>\nEin freistehender, h\u00f6henverstellbarer Tisch mit erweiterten Verstellm\u00f6glichkeiten, um den individuellen Arbeitsstilen verschiedener Menschen gerecht zu werden.<br \/>\nDank unterschiedlicher Breiten bietet er flexibles Design f\u00fcr jede Umgebung.<\/p>\n<div class=\"accordion\" rel=\"\">\n<div class=\"accordion-item\"><a href=\"#\" class=\"accordion-title plain\"><button class=\"toggle\"><i class=\"icon-angle-down\"><\/i><\/button><span>Merkmale<\/span><\/a><div class=\"accordion-inner\">\n<ul>\n<li>Einfache Einstellung und Anpassung durch schlichtes, intuitives Pedal<\/li>\n<li>Einstellung einer beliebigen Breite zwischen 120 und 160 cm dank des Teleskop-Zugbalkens (optional)<\/li>\n<li>Nach GS zertifiziert<\/li>\n<li>Kabelkanal<\/li>\n<\/ul>\n<\/div><\/div>\n<\/div>\n\t\t<\/div>\n\t\t\t<\/div>\n\n\t\n\n\t<div id=\"col-1518443659\" class=\"col medium-6 small-12 large-6\"  >\n\t\t<div class=\"col-inner\"  >\n\t\t\t\n\t\t\t\n\t<div class=\"img has-hover x md-x lg-x y md-y lg-y\" id=\"image_2141701653\">\n\t\t\t\t\t\t\t\t<div class=\"img-inner dark\" >\n\t\t\t<img loading=\"lazy\" decoding=\"async\" width=\"800\" height=\"800\" src=\"https:\/\/shoppingb2b.haworth.com\/wp-content\/uploads\/2021\/04\/WHITE_HiYa_160x80_WHITE-SWEEP_00-800x800.png\" class=\"attachment-large size-large\" alt=\"\" srcset=\"https:\/\/shoppingb2b.haworth.com\/wp-content\/uploads\/2021\/04\/WHITE_HiYa_160x80_WHITE-SWEEP_00-800x800.png 800w, https:\/\/shoppingb2b.haworth.com\/wp-content\/uploads\/2021\/04\/WHITE_HiYa_160x80_WHITE-SWEEP_00-400x400.png 400w, https:\/\/shoppingb2b.haworth.com\/wp-content\/uploads\/2021\/04\/WHITE_HiYa_160x80_WHITE-SWEEP_00-280x280.png 280w, https:\/\/shoppingb2b.haworth.com\/wp-content\/uploads\/2021\/04\/WHITE_HiYa_160x80_WHITE-SWEEP_00-768x768.png 768w, https:\/\/shoppingb2b.haworth.com\/wp-content\/uploads\/2021\/04\/WHITE_HiYa_160x80_WHITE-SWEEP_00-247x247.png 247w, https:\/\/shoppingb2b.haworth.com\/wp-content\/uploads\/2021\/04\/WHITE_HiYa_160x80_WHITE-SWEEP_00-512x512.png 512w, https:\/\/shoppingb2b.haworth.com\/wp-content\/uploads\/2021\/04\/WHITE_HiYa_160x80_WHITE-SWEEP_00.png 1000w\" sizes=\"auto, (max-width: 800px) 100vw, 800px\" \/>\t\t\t\t\t\t\n\t\t\t\t\t<\/div>\n\t\t\t\t\t\t\t\t\n<style>\n#image_2141701653 {\n  width: 100%;\n}\n<\/style>\n\t<\/div>\n\t\n\t\t<\/div>\n\t\t\t<\/div>\n\n\t\n<\/div>\n","protected":false},"excerpt":{"rendered":"<p style=\"text-align: center;\">Design: Haworth Design Studio<br \/>\nDer HiYa-Tisch ist eine kosteng\u00fcnstige L\u00f6sung mit Designflexibilit\u00e4t<br \/>\nwelche die ergonomischen Bed\u00fcrfnisse Ihrer Belegschaft unterst\u00fctzt.<\/p>\n","protected":false},"featured_media":20365,"template":"","meta":[],"product_brand":[],"product_cat":[523,97],"product_tag":[633,632,194,563],"class_list":{"0":"post-17376","1":"product","2":"type-product","3":"status-publish","4":"has-post-thumbnail","6":"product_cat-alle","7":"product_cat-tische","8":"product_tag-hiya-de","9":"product_tag-hiyaidea-de","10":"product_tag-schweiz","11":"product_tag-tables-de","13":"first","14":"instock","15":"taxable","16":"shipping-taxable","17":"product-type-simple"},"gallery_images":[8304,20370],"_links":{"self":[{"href":"https:\/\/shoppingb2b.haworth.com\/de\/wp-json\/wp\/v2\/product\/17376","targetHints":{"allow":["GET"]}}],"collection":[{"href":"https:\/\/shoppingb2b.haworth.com\/de\/wp-json\/wp\/v2\/product"}],"about":[{"href":"https:\/\/shoppingb2b.haworth.com\/de\/wp-json\/wp\/v2\/types\/product"}],"wp:featuredmedia":[{"embeddable":true,"href":"https:\/\/shoppingb2b.haworth.com\/de\/wp-json\/wp\/v2\/media\/20365"}],"wp:attachment":[{"href":"https:\/\/shoppingb2b.haworth.com\/de\/wp-json\/wp\/v2\/media?parent=17376"}],"wp:term":[{"taxonomy":"product_brand","embeddable":true,"href":"https:\/\/shoppingb2b.haworth.com\/de\/wp-json\/wp\/v2\/product_brand?post=17376"},{"taxonomy":"product_cat","embeddable":true,"href":"https:\/\/shoppingb2b.haworth.com\/de\/wp-json\/wp\/v2\/product_cat?post=17376"},{"taxonomy":"product_tag","embeddable":true,"href":"https:\/\/shoppingb2b.haworth.com\/de\/wp-json\/wp\/v2\/product_tag?post=17376"}],"curies":[{"name":"wp","href":"https:\/\/api.w.org\/{rel}","templated":true}]}}