{"id":3665,"date":"2020-07-03T08:06:28","date_gmt":"2020-07-03T07:06:28","guid":{"rendered":"http:\/\/s833217312.online.de\/?post_type=product&#038;p=3665"},"modified":"2021-03-31T22:45:27","modified_gmt":"2021-03-31T21:45:27","slug":"ch-power-module","status":"publish","type":"product","link":"https:\/\/shoppingb2b.haworth.com\/de\/produkt\/ch-power-module\/","title":{"rendered":"Power Module"},"content":{"rendered":"<div>\n<h1 class=\"text\">Design trifft Technologie<\/h1>\n<p>DESK 2 ALU BLACK ist eine designorientierte Steckdosenleiste, die auch mit verschiedenen individuellen Modulen best\u00fcckt werden kann. So kann die Steckdosenleiste individuell an unterschiedliche Bed\u00fcrfnisse angepasst werden.<\/p>\n<\/div>\n<div>Das \u00e4sthetisch ansprechende zweifarbige Aussehen des Produkts ist auf eine Kombination aus Aluminium und Endkappen aus schwarzem Kunststoff zur\u00fcckzuf\u00fchren. Wie das Schwesterprodukt DESK 2 wird auch DESK 2 ALU BLACK mit Montagewinkeln platzsparend an M\u00f6beln befestigt.<\/div>\n","protected":false},"excerpt":{"rendered":"<p style=\"text-align: center;\"><span style=\"color: #333333;\">2 Strom, Dual-USB-Ladeger\u00e4t, 3 m Kabel mit Stecker<\/span><\/p>\n","protected":false},"featured_media":2591,"template":"","meta":[],"product_brand":[],"product_cat":[523,517],"product_tag":[108,437,194,207],"class_list":{"0":"post-3665","1":"product","2":"type-product","3":"status-publish","4":"has-post-thumbnail","6":"product_cat-alle","7":"product_cat-zubehoer","8":"product_tag-home-office-de-2","9":"product_tag-power-module-de","10":"product_tag-schweiz","11":"product_tag-tisch","13":"first","14":"instock","15":"taxable","16":"shipping-taxable","17":"product-type-simple"},"gallery_images":[],"_links":{"self":[{"href":"https:\/\/shoppingb2b.haworth.com\/de\/wp-json\/wp\/v2\/product\/3665","targetHints":{"allow":["GET"]}}],"collection":[{"href":"https:\/\/shoppingb2b.haworth.com\/de\/wp-json\/wp\/v2\/product"}],"about":[{"href":"https:\/\/shoppingb2b.haworth.com\/de\/wp-json\/wp\/v2\/types\/product"}],"wp:featuredmedia":[{"embeddable":true,"href":"https:\/\/shoppingb2b.haworth.com\/de\/wp-json\/wp\/v2\/media\/2591"}],"wp:attachment":[{"href":"https:\/\/shoppingb2b.haworth.com\/de\/wp-json\/wp\/v2\/media?parent=3665"}],"wp:term":[{"taxonomy":"product_brand","embeddable":true,"href":"https:\/\/shoppingb2b.haworth.com\/de\/wp-json\/wp\/v2\/product_brand?post=3665"},{"taxonomy":"product_cat","embeddable":true,"href":"https:\/\/shoppingb2b.haworth.com\/de\/wp-json\/wp\/v2\/product_cat?post=3665"},{"taxonomy":"product_tag","embeddable":true,"href":"https:\/\/shoppingb2b.haworth.com\/de\/wp-json\/wp\/v2\/product_tag?post=3665"}],"curies":[{"name":"wp","href":"https:\/\/api.w.org\/{rel}","templated":true}]}}