{"id":5164,"date":"2020-08-20T14:45:58","date_gmt":"2020-08-25T11:09:14","guid":{"rendered":"http:\/\/s833217312.online.de\/?post_type=product&#038;p=5164"},"modified":"2021-08-02T15:33:16","modified_gmt":"2021-08-02T14:33:16","slug":"uk-tibas-140x80","status":"publish","type":"product","link":"https:\/\/shoppingb2b.haworth.com\/de\/produkt\/uk-tibas-140x80\/","title":{"rendered":"Tibas 140&#215;80"},"content":{"rendered":"<div class=\"row\"  id=\"row-1451669179\">\n\n\t<div id=\"col-1565120163\" class=\"col medium-6 small-12 large-6\"  >\n\t\t<div class=\"col-inner\"  >\n\t\t\t\n\t\t\t\n<h2>Tibas \u00dcberblick<\/h2>\n<h5>Kreativ freiz\u00fcgig.<br \/>\nElegant und leicht scheint die Tischplatte \u00fcber der stabilen Tischstruktur zu schweben,<br \/>\num sich harmonisch in jedes Ambiente zu integrieren.<\/h5>\n<h5>Tibas \u00f6ffnet nicht nur am Arbeitsplatz, sondern auch im Besprechungsbereich<br \/>\nneue kreative Freir\u00e4ume und \u00fcberzeugt hier im Detail,<br \/>\nwie die Nutzung einer Gestellseite f\u00fcr zwei Tischfl\u00e4chen.<br \/>\nDas schont das Budget und steigert die optische Wirkung.<\/h5>\n<h2>Nachhaltiges Handeln<\/h2>\n<h5>konzipiert und erf\u00fcllen h\u00f6chste Sicherheits- und Qualit\u00e4tsstandards.<br \/>\nNachhaltiges Handeln ist Teil unserer Unternehmenskultur.<\/h5>\n\t\t<\/div>\n\t\t\t<\/div>\n\n\t\n\n\t<div id=\"col-822555745\" class=\"col medium-6 small-12 large-6\"  >\n\t\t<div class=\"col-inner\"  >\n\t\t\t\n\t\t\t\n\t<div class=\"img has-hover x md-x lg-x y md-y lg-y\" id=\"image_1800124479\">\n\t\t\t\t\t\t\t\t<div class=\"img-inner dark\" >\n\t\t\t<img loading=\"lazy\" decoding=\"async\" width=\"800\" height=\"800\" src=\"https:\/\/shoppingb2b.haworth.com\/wp-content\/uploads\/2020\/08\/TIBAS-HEIGHT-ADJUSTABLE_WHITE-SWEEP_R0_V1-800x800.png\" class=\"attachment-large size-large\" alt=\"\" srcset=\"https:\/\/shoppingb2b.haworth.com\/wp-content\/uploads\/2020\/08\/TIBAS-HEIGHT-ADJUSTABLE_WHITE-SWEEP_R0_V1-800x800.png 800w, https:\/\/shoppingb2b.haworth.com\/wp-content\/uploads\/2020\/08\/TIBAS-HEIGHT-ADJUSTABLE_WHITE-SWEEP_R0_V1-400x400.png 400w, https:\/\/shoppingb2b.haworth.com\/wp-content\/uploads\/2020\/08\/TIBAS-HEIGHT-ADJUSTABLE_WHITE-SWEEP_R0_V1-280x280.png 280w, https:\/\/shoppingb2b.haworth.com\/wp-content\/uploads\/2020\/08\/TIBAS-HEIGHT-ADJUSTABLE_WHITE-SWEEP_R0_V1-768x768.png 768w, https:\/\/shoppingb2b.haworth.com\/wp-content\/uploads\/2020\/08\/TIBAS-HEIGHT-ADJUSTABLE_WHITE-SWEEP_R0_V1-247x247.png 247w, https:\/\/shoppingb2b.haworth.com\/wp-content\/uploads\/2020\/08\/TIBAS-HEIGHT-ADJUSTABLE_WHITE-SWEEP_R0_V1-512x512.png 512w, https:\/\/shoppingb2b.haworth.com\/wp-content\/uploads\/2020\/08\/TIBAS-HEIGHT-ADJUSTABLE_WHITE-SWEEP_R0_V1.png 1000w\" sizes=\"auto, (max-width: 800px) 100vw, 800px\" \/>\t\t\t\t\t\t\n\t\t\t\t\t<\/div>\n\t\t\t\t\t\t\t\t\n<style>\n#image_1800124479 {\n  width: 100%;\n}\n<\/style>\n\t<\/div>\n\t\n\t\t<\/div>\n\t\t\t<\/div>\n\n\t\n<\/div>\n","protected":false},"excerpt":{"rendered":"<p style=\"text-align: center;\">Funktional und \u00e4sthetisch integriert sich Tibas in<br \/>\nunterschiedlichste Arbeitsumgebungen.<br \/>\nTibas ist ein echter Teamplayer und l\u00e4sst sich nahtlos mit<br \/>\nvielen Produkten von Haworth kombinieren.<\/p>\n","protected":false},"featured_media":17390,"template":"","meta":[],"product_brand":[],"product_cat":[523,97],"product_tag":[487,563,565,557,207,214,444],"class_list":{"0":"post-5164","1":"product","2":"type-product","3":"status-publish","4":"has-post-thumbnail","6":"product_cat-alle","7":"product_cat-tische","8":"product_tag-ireland-de","9":"product_tag-tables-de","10":"product_tag-tibas-de","11":"product_tag-tibasidea-de","12":"product_tag-tisch","13":"product_tag-tisch-de","14":"product_tag-united-kingdom-de","16":"first","17":"instock","18":"taxable","19":"shipping-taxable","20":"product-type-simple"},"gallery_images":[17380,17385],"_links":{"self":[{"href":"https:\/\/shoppingb2b.haworth.com\/de\/wp-json\/wp\/v2\/product\/5164","targetHints":{"allow":["GET"]}}],"collection":[{"href":"https:\/\/shoppingb2b.haworth.com\/de\/wp-json\/wp\/v2\/product"}],"about":[{"href":"https:\/\/shoppingb2b.haworth.com\/de\/wp-json\/wp\/v2\/types\/product"}],"wp:featuredmedia":[{"embeddable":true,"href":"https:\/\/shoppingb2b.haworth.com\/de\/wp-json\/wp\/v2\/media\/17390"}],"wp:attachment":[{"href":"https:\/\/shoppingb2b.haworth.com\/de\/wp-json\/wp\/v2\/media?parent=5164"}],"wp:term":[{"taxonomy":"product_brand","embeddable":true,"href":"https:\/\/shoppingb2b.haworth.com\/de\/wp-json\/wp\/v2\/product_brand?post=5164"},{"taxonomy":"product_cat","embeddable":true,"href":"https:\/\/shoppingb2b.haworth.com\/de\/wp-json\/wp\/v2\/product_cat?post=5164"},{"taxonomy":"product_tag","embeddable":true,"href":"https:\/\/shoppingb2b.haworth.com\/de\/wp-json\/wp\/v2\/product_tag?post=5164"}],"curies":[{"name":"wp","href":"https:\/\/api.w.org\/{rel}","templated":true}]}}