{"id":5168,"date":"2020-08-17T06:11:23","date_gmt":"2020-08-17T05:11:23","guid":{"rendered":"http:\/\/s833217312.online.de\/?post_type=product&#038;p=5168"},"modified":"2021-03-31T22:45:02","modified_gmt":"2021-03-31T21:45:02","slug":"uk-clamp","status":"publish","type":"product","link":"https:\/\/shoppingb2b.haworth.com\/de\/produkt\/uk-clamp\/","title":{"rendered":"Clamp"},"content":{"rendered":"<div class=\"row\"  id=\"row-2016481660\">\n\n\t<div id=\"col-178396548\" class=\"col medium-6 small-12 large-6\"  >\n\t\t<div class=\"col-inner\"  >\n\t\t\t\n\t\t\t\n<h2>Clamp<\/h2>\n<h5>Pablo Designs<\/h5>\n<h5>Nach Dana Cannam<\/h5>\n<h5>Die Steh- und Tischleuchten sind aus Hartholz.<\/h5>\n<h5>Warmes Licht, wo immer Sie es brauchen.<\/h5>\n<h5>Das einfache Design und die nachhaltige Konstruktion sind die Basis f\u00fcr die Clamp Tisch-und Stehleuchten.<br \/>\nSie kombinieren die Sch\u00f6nheit von nordamerikanischem Hartholz mit der Leuchtkraft und Energieeffizienz von LED-Technologie.<br \/>\nDie Clamp Elemente bilden zusammen eine Einheit, die um 360 Grad gedreht werden kann und warmes, indirektes Licht spendet. Diese Leuchten passen hervorragend zu verschiedensten Einrichtungsstilen, von privaten Artbeitsr\u00e4umen \u00fcber Coworking-Spaces bis hin zu Leser\u00e4umen.<\/h5>\n\t\t<\/div>\n\t\t\t<\/div>\n\n\t\n\n\t<div id=\"col-71544260\" class=\"col medium-6 small-12 large-6\"  >\n\t\t<div class=\"col-inner\"  >\n\t\t\t\n\t\t\t\n\t<div class=\"img has-hover x md-x lg-x y md-y lg-y\" id=\"image_118478536\">\n\t\t\t\t\t\t\t\t<div class=\"img-inner dark\" >\n\t\t\t<img loading=\"lazy\" decoding=\"async\" width=\"800\" height=\"800\" src=\"https:\/\/shoppingb2b.haworth.com\/wp-content\/uploads\/2020\/08\/CLAMP-AP_01-800x800.png\" class=\"attachment-large size-large\" alt=\"\" srcset=\"https:\/\/shoppingb2b.haworth.com\/wp-content\/uploads\/2020\/08\/CLAMP-AP_01-800x800.png 800w, https:\/\/shoppingb2b.haworth.com\/wp-content\/uploads\/2020\/08\/CLAMP-AP_01-400x400.png 400w, https:\/\/shoppingb2b.haworth.com\/wp-content\/uploads\/2020\/08\/CLAMP-AP_01-280x280.png 280w, https:\/\/shoppingb2b.haworth.com\/wp-content\/uploads\/2020\/08\/CLAMP-AP_01-768x768.png 768w, https:\/\/shoppingb2b.haworth.com\/wp-content\/uploads\/2020\/08\/CLAMP-AP_01-247x247.png 247w, https:\/\/shoppingb2b.haworth.com\/wp-content\/uploads\/2020\/08\/CLAMP-AP_01-512x512.png 512w, https:\/\/shoppingb2b.haworth.com\/wp-content\/uploads\/2020\/08\/CLAMP-AP_01.png 1000w\" sizes=\"auto, (max-width: 800px) 100vw, 800px\" \/>\t\t\t\t\t\t\n\t\t\t\t\t<\/div>\n\t\t\t\t\t\t\t\t\n<style>\n#image_118478536 {\n  width: 100%;\n}\n<\/style>\n\t<\/div>\n\t\n\t\t<\/div>\n\t\t\t<\/div>\n\n\t\n<\/div>\n","protected":false},"excerpt":{"rendered":"<p style=\"text-align: center;\">Clamp<br \/>\nPablo Designs<\/p>\n","protected":false},"featured_media":4870,"template":"","meta":[],"product_brand":[],"product_cat":[523,517],"product_tag":[573,574,617,487,575,555,548,444],"class_list":{"0":"post-5168","1":"product","2":"type-product","3":"status-publish","4":"has-post-thumbnail","6":"product_cat-alle","7":"product_cat-zubehoer","8":"product_tag-accessories-de","9":"product_tag-clamp-de","10":"product_tag-intuityidea-de","11":"product_tag-ireland-de","12":"product_tag-lamp-de","13":"product_tag-lyftidea-de","14":"product_tag-niaidea-de","15":"product_tag-united-kingdom-de","17":"first","18":"instock","19":"taxable","20":"shipping-taxable","21":"product-type-simple"},"gallery_images":[4873],"_links":{"self":[{"href":"https:\/\/shoppingb2b.haworth.com\/de\/wp-json\/wp\/v2\/product\/5168","targetHints":{"allow":["GET"]}}],"collection":[{"href":"https:\/\/shoppingb2b.haworth.com\/de\/wp-json\/wp\/v2\/product"}],"about":[{"href":"https:\/\/shoppingb2b.haworth.com\/de\/wp-json\/wp\/v2\/types\/product"}],"wp:featuredmedia":[{"embeddable":true,"href":"https:\/\/shoppingb2b.haworth.com\/de\/wp-json\/wp\/v2\/media\/4870"}],"wp:attachment":[{"href":"https:\/\/shoppingb2b.haworth.com\/de\/wp-json\/wp\/v2\/media?parent=5168"}],"wp:term":[{"taxonomy":"product_brand","embeddable":true,"href":"https:\/\/shoppingb2b.haworth.com\/de\/wp-json\/wp\/v2\/product_brand?post=5168"},{"taxonomy":"product_cat","embeddable":true,"href":"https:\/\/shoppingb2b.haworth.com\/de\/wp-json\/wp\/v2\/product_cat?post=5168"},{"taxonomy":"product_tag","embeddable":true,"href":"https:\/\/shoppingb2b.haworth.com\/de\/wp-json\/wp\/v2\/product_tag?post=5168"}],"curies":[{"name":"wp","href":"https:\/\/api.w.org\/{rel}","templated":true}]}}