{"id":5307,"date":"2020-08-25T13:03:55","date_gmt":"2020-08-25T12:03:55","guid":{"rendered":"http:\/\/s833217312.online.de\/?post_type=product&#038;p=5307"},"modified":"2022-03-16T09:49:02","modified_gmt":"2022-03-16T08:49:02","slug":"ch-zody-2","status":"publish","type":"product","link":"https:\/\/shoppingb2b.haworth.com\/de\/produkt\/ch-zody-2\/","title":{"rendered":"Zody"},"content":{"rendered":"<div class=\"row\"  id=\"row-1092614661\">\n\n\t<div id=\"col-1267751390\" class=\"col medium-6 small-12 large-6\"  >\n\t\t<div class=\"col-inner\"  >\n\t\t\t\n\t\t\t\n<h2>Zody \u00dcberblick<\/h2>\n<div>Zody ist ein leistungsstarker Stuhl, der wissenschaftsbasiertes Wohlbefinden und Komfort mit Nachhaltigkeit und internationalem Design verbindet.<\/div>\n<div><\/div>\n<div>Von ITO Design &amp; Michael Welsh<\/div>\n<div>Als hochleistungsf\u00e4higer Arbeitsstuhl verbindet Zody wissenschaftsbasierte Wellness und Komfort mit Nachhaltigkeit und internationalem Design.<\/div>\n<div><\/div>\n<div>Au\u00dfergew\u00f6hnliche Nachhaltigkeit<\/div>\n<div><\/div>\n<div>Zody ist mit GREENGUARD Gold und BIFMA Level TM 3 zertifiziert und besteht zu 42 Prozent aus recyceltem Material, und das optionale R\u00fcckenstrickmaterial wird abfallfrei und ohne Zuschnitt hergestellt. Am Ende seiner Nutzungsdauer ist Zody leicht zerlegbar und zu 93 Prozent wiederverwertbar. Im Rahmen des Take-Back-Programms kann der Zody an Haworth zur\u00fcckgegeben werden, wo wir den Stuhl zerlegen und die einzelnen Komponenten recyceln.<\/div>\n<div><\/div>\n<div>Weltweiter Appell<\/div>\n<div><\/div>\n<div>Das Designstudio ITO Design arbeitete mit Haworth zusammen, um das Beste aus europ\u00e4ischem und nordamerikanischem Erfindungsreichtum in einem ergonomischen und stilvollen Arbeitsstuhl zu vereinen. Mehr als drei Millionen Zody-St\u00fchle sind heute weltweit im Einsatz, ein Beweis daf\u00fcr, dass sich das Team darauf konzentriert hat, einen Stuhl zu schaffen, der Benutzer aus der ganzen Welt anspricht und ihnen passt. Die leichte \u00c4sthetik und die Optionen f\u00fcr Strick und Polsterung in einer Vielzahl von Farben bedeuten, dass Zody jeden Look annehmen kann &#8211; und in jeder Umgebung arbeiten kann.<\/div>\n<div><\/div>\n<div>Fortschrittliche Ergonomie<\/div>\n<div><\/div>\n<div>Zody verf\u00fcgt \u00fcber ein patentiertes PAL-R\u00fcckensystem (PAL = Pelvic and Asymmetrical Lumbar), mit dem die Benutzer den ganzen Tag \u00fcber ihren eigenen Komfort einstellen k\u00f6nnen. Die Beckenst\u00fctze tr\u00e4gt dazu bei, die nat\u00fcrliche Kr\u00fcmmung der Wirbels\u00e4ule aufrechtzuerhalten, w\u00e4hrend das Lendenpolster eine unabh\u00e4ngige Feineinstellung f\u00fcr die Unterst\u00fctzung auf beiden Seiten des unteren R\u00fcckens bietet. Dieses einzigartige System &#8211; zusammen mit einer Vielzahl von ergonomischen Anpassungen, dem flexiblen Rahmen und dem R\u00fccken aus Strick- oder Netzgewebe &#8211; dient der Verbesserung von Komfort und Wohlbefinden.<\/div>\n\t\t<\/div>\n\t\t\t<\/div>\n\n\t\n\n\t<div id=\"col-1600105996\" class=\"col medium-6 small-12 large-6\"  >\n\t\t<div class=\"col-inner\"  >\n\t\t\t\n\t\t\t\n\t<div class=\"img has-hover x md-x lg-x y md-y lg-y\" id=\"image_84174570\">\n\t\t\t\t\t\t\t\t<div class=\"img-inner dark\" >\n\t\t\t<img loading=\"lazy\" decoding=\"async\" width=\"800\" height=\"800\" src=\"https:\/\/shoppingb2b.haworth.com\/wp-content\/uploads\/2020\/04\/ZODY_02AP_Back-800x800.png\" class=\"attachment-large size-large\" alt=\"\" srcset=\"https:\/\/shoppingb2b.haworth.com\/wp-content\/uploads\/2020\/04\/ZODY_02AP_Back-800x800.png 800w, https:\/\/shoppingb2b.haworth.com\/wp-content\/uploads\/2020\/04\/ZODY_02AP_Back-247x247.png 247w, https:\/\/shoppingb2b.haworth.com\/wp-content\/uploads\/2020\/04\/ZODY_02AP_Back-512x512.png 512w, https:\/\/shoppingb2b.haworth.com\/wp-content\/uploads\/2020\/04\/ZODY_02AP_Back-507x507.png 507w, https:\/\/shoppingb2b.haworth.com\/wp-content\/uploads\/2020\/04\/ZODY_02AP_Back-400x400.png 400w, https:\/\/shoppingb2b.haworth.com\/wp-content\/uploads\/2020\/04\/ZODY_02AP_Back-280x280.png 280w, https:\/\/shoppingb2b.haworth.com\/wp-content\/uploads\/2020\/04\/ZODY_02AP_Back-768x768.png 768w, https:\/\/shoppingb2b.haworth.com\/wp-content\/uploads\/2020\/04\/ZODY_02AP_Back.png 1000w\" sizes=\"auto, (max-width: 800px) 100vw, 800px\" \/>\t\t\t\t\t\t\n\t\t\t\t\t<\/div>\n\t\t\t\t\t\t\t\t\n<style>\n#image_84174570 {\n  width: 100%;\n}\n<\/style>\n\t<\/div>\n\t\n\t\t<\/div>\n\t\t\t<\/div>\n\n\t\n<\/div>\n<div class=\"is-divider divider clearfix\" style=\"max-width:0px;height:80px;\"><\/div>\n<div class=\"video video-fit mb box-shadow-4\" style=\"padding-top:56.25%;\"><p><iframe loading=\"lazy\" title=\"Zody Adjustment Video\" src=\"https:\/\/player.vimeo.com\/video\/424028939?dnt=1&amp;app_id=122963\" width=\"1020\" height=\"574\" frameborder=\"0\" allow=\"autoplay; fullscreen\" allowfullscreen><\/iframe><\/p>\n<\/div>\n","protected":false},"excerpt":{"rendered":"<p style=\"text-align: center;\">Zody (Comforto 89) vereint wissenschaftliche Erkenntnisse und modernes Design zu einem B\u00fcrodrehsessel, der \u00fcber eine einzigartige asymmetrische Lumbalunterst\u00fctzung verf\u00fcgt.<\/p>\n","protected":false},"featured_media":1057,"template":"","meta":[],"product_brand":[],"product_cat":[523,1049,94],"product_tag":[617,107,194,557,162],"class_list":{"0":"post-5307","1":"product","2":"type-product","3":"status-publish","4":"has-post-thumbnail","6":"product_cat-alle","7":"product_cat-microsoft-datacenter-security-de","8":"product_cat-stuehle","9":"product_tag-intuityidea-de","10":"product_tag-schreibtischstuhl","11":"product_tag-schweiz","12":"product_tag-tibasidea-de","13":"product_tag-zody-de","15":"first","16":"instock","17":"taxable","18":"shipping-taxable","19":"product-type-simple"},"gallery_images":[1182,7049],"_links":{"self":[{"href":"https:\/\/shoppingb2b.haworth.com\/de\/wp-json\/wp\/v2\/product\/5307","targetHints":{"allow":["GET"]}}],"collection":[{"href":"https:\/\/shoppingb2b.haworth.com\/de\/wp-json\/wp\/v2\/product"}],"about":[{"href":"https:\/\/shoppingb2b.haworth.com\/de\/wp-json\/wp\/v2\/types\/product"}],"wp:featuredmedia":[{"embeddable":true,"href":"https:\/\/shoppingb2b.haworth.com\/de\/wp-json\/wp\/v2\/media\/1057"}],"wp:attachment":[{"href":"https:\/\/shoppingb2b.haworth.com\/de\/wp-json\/wp\/v2\/media?parent=5307"}],"wp:term":[{"taxonomy":"product_brand","embeddable":true,"href":"https:\/\/shoppingb2b.haworth.com\/de\/wp-json\/wp\/v2\/product_brand?post=5307"},{"taxonomy":"product_cat","embeddable":true,"href":"https:\/\/shoppingb2b.haworth.com\/de\/wp-json\/wp\/v2\/product_cat?post=5307"},{"taxonomy":"product_tag","embeddable":true,"href":"https:\/\/shoppingb2b.haworth.com\/de\/wp-json\/wp\/v2\/product_tag?post=5307"}],"curies":[{"name":"wp","href":"https:\/\/api.w.org\/{rel}","templated":true}]}}