{"id":5379,"date":"2020-08-25T15:13:52","date_gmt":"2020-08-25T14:13:52","guid":{"rendered":"http:\/\/s833217312.online.de\/?post_type=product&#038;p=5379"},"modified":"2021-03-31T22:43:04","modified_gmt":"2021-03-31T21:43:04","slug":"de-poppy","status":"publish","type":"product","link":"https:\/\/shoppingb2b.haworth.com\/de\/produkt\/de-poppy\/","title":{"rendered":"Poppy"},"content":{"rendered":"<div class=\"row\"  id=\"row-43266589\">\n\n\t<div id=\"col-1593612971\" class=\"col medium-6 small-12 large-6\"  >\n\t\t<div class=\"col-inner\"  >\n\t\t\t\n\t\t\t\n<h2>Poppy \u00dcberblick<\/h2>\n<p>Nach Patricia Urquiola<\/p>\n<p>Bei diesem zeitgen\u00f6ssischen Lounge Chair hat Haworth mit der Designerin Patricia Urquiola zusammengearbeitet.<\/p>\n<p>Denker, Kreative und Macher zugleich w\u00fcnschen sich sinnvolle R\u00e4ume,<br \/>\ndie ihre Arbeit unterst\u00fctzen \u2013 R\u00e4ume, die angenehm und zweckm\u00e4\u00dfig daherkommen.<\/p>\n<p>Ver\u00e4nderungen und die Weiterentwicklung der modernen Arbeitsstile verlangen dies auch der Arbeitsumgebung ab.<\/p>\n<p>Der Stuhl Poppy&#x2122; verk\u00f6rpert genau jene freundliche Atmosph\u00e4re von Wohnkomfort und W\u00e4rme, nach der man sich in moderner Arbeitsumgebung sehnt.<\/p>\n<p>Mit umfangreichen Polster- und Dreibeinoptionen kann Poppy&#x2122; nach Wunsch spielerisch, unerwartet oder klassisch einfach auftreten \u2013 ganz der Pers\u00f6nlichkeit oder der Firmenkultur entsprechend.<\/p>\n\t\t<\/div>\n\t\t\t<\/div>\n\n\t\n\n\t<div id=\"col-749803329\" class=\"col medium-6 small-12 large-6\"  >\n\t\t<div class=\"col-inner\"  >\n\t\t\t\n\t\t\t\n\t<div class=\"img has-hover x md-x lg-x y md-y lg-y\" id=\"image_1293236577\">\n\t\t\t\t\t\t\t\t<div class=\"img-inner dark\" >\n\t\t\t<img loading=\"lazy\" decoding=\"async\" width=\"800\" height=\"800\" src=\"https:\/\/shoppingb2b.haworth.com\/wp-content\/uploads\/2020\/08\/MK-R20-0012-HAWORTH-STORE-WAVE-1_POPPY_00-800x800.png\" class=\"attachment-large size-large\" alt=\"\" srcset=\"https:\/\/shoppingb2b.haworth.com\/wp-content\/uploads\/2020\/08\/MK-R20-0012-HAWORTH-STORE-WAVE-1_POPPY_00-800x800.png 800w, https:\/\/shoppingb2b.haworth.com\/wp-content\/uploads\/2020\/08\/MK-R20-0012-HAWORTH-STORE-WAVE-1_POPPY_00-400x400.png 400w, https:\/\/shoppingb2b.haworth.com\/wp-content\/uploads\/2020\/08\/MK-R20-0012-HAWORTH-STORE-WAVE-1_POPPY_00-280x280.png 280w, https:\/\/shoppingb2b.haworth.com\/wp-content\/uploads\/2020\/08\/MK-R20-0012-HAWORTH-STORE-WAVE-1_POPPY_00-768x768.png 768w, https:\/\/shoppingb2b.haworth.com\/wp-content\/uploads\/2020\/08\/MK-R20-0012-HAWORTH-STORE-WAVE-1_POPPY_00-247x247.png 247w, https:\/\/shoppingb2b.haworth.com\/wp-content\/uploads\/2020\/08\/MK-R20-0012-HAWORTH-STORE-WAVE-1_POPPY_00-512x512.png 512w, https:\/\/shoppingb2b.haworth.com\/wp-content\/uploads\/2020\/08\/MK-R20-0012-HAWORTH-STORE-WAVE-1_POPPY_00.png 1000w\" sizes=\"auto, (max-width: 800px) 100vw, 800px\" \/>\t\t\t\t\t\t\n\t\t\t\t\t<\/div>\n\t\t\t\t\t\t\t\t\n<style>\n#image_1293236577 {\n  width: 100%;\n}\n<\/style>\n\t<\/div>\n\t\n\t\t<\/div>\n\t\t\t<\/div>\n\n\t\n<\/div>\n<div class=\"accordion\" rel=\"\">\n<div class=\"accordion-item\"><a href=\"#\" class=\"accordion-title plain\"><button class=\"toggle\"><i class=\"icon-angle-down\"><\/i><\/button><span>Zertifikate und Auszeichnungen<\/span><\/a><div class=\"accordion-inner\">\n<ul>\n<li>Zertifikate und Auszeichnungen<\/li>\n<li>Zertifikat &#8211; GreenGuard<\/li>\n<li>Zertifikat &#8211; GreenGuard Gold<\/li>\n<li>German Design Award<\/li>\n<\/ul>\n<\/div><\/div>\n<\/div>\n<div class=\"is-divider divider clearfix\" style=\"max-width:0px;height:80px;\"><\/div>\n<div class=\"video video-fit mb box-shadow-4\" style=\"padding-top:56.25%;\"><p><iframe loading=\"lazy\" title=\"Patricia Urquiola on Poppy Lounge\" src=\"https:\/\/player.vimeo.com\/video\/293973288?dnt=1&amp;app_id=122963\" width=\"1000\" height=\"1000\" frameborder=\"0\" allow=\"autoplay; fullscreen\" allowfullscreen><\/iframe><\/p>\n<\/div>\n","protected":false},"excerpt":{"rendered":"<p style=\"text-align: center;\">\u00a0Poppy importiert die atmosph\u00e4rische W\u00e4rme des Wohnzimmers in die B\u00fcroumgebung.<br \/>\nBei Poppy handelt es sich um einen gepolsterten Lounge Stuhl.<br \/>\nPoppy eignet sich damit f\u00fcr den Konferenzraum, Wartebereich oder als Schreibtischstuhl.<\/p>\n","protected":false},"featured_media":4743,"template":"","meta":[],"product_brand":[],"product_cat":[523,94],"product_tag":[457,450,175,505,487,510,582,619,185,569,500,583,455,447],"class_list":{"0":"post-5379","1":"product","2":"type-product","3":"status-publish","4":"has-post-thumbnail","6":"product_cat-alle","7":"product_cat-stuehle","8":"product_tag-austria-de","9":"product_tag-belgium-de","10":"product_tag-deutschland","11":"product_tag-hungary-de","12":"product_tag-ireland-de","13":"product_tag-italy-de","14":"product_tag-lounge-de","15":"product_tag-luxembourg-de","16":"product_tag-niederlande","17":"product_tag-pipidea-de","18":"product_tag-poland-de","19":"product_tag-poppy-de","20":"product_tag-portugal-de","21":"product_tag-spain-de","23":"first","24":"instock","25":"taxable","26":"shipping-taxable","27":"product-type-simple"},"gallery_images":[4746,4752],"_links":{"self":[{"href":"https:\/\/shoppingb2b.haworth.com\/de\/wp-json\/wp\/v2\/product\/5379","targetHints":{"allow":["GET"]}}],"collection":[{"href":"https:\/\/shoppingb2b.haworth.com\/de\/wp-json\/wp\/v2\/product"}],"about":[{"href":"https:\/\/shoppingb2b.haworth.com\/de\/wp-json\/wp\/v2\/types\/product"}],"wp:featuredmedia":[{"embeddable":true,"href":"https:\/\/shoppingb2b.haworth.com\/de\/wp-json\/wp\/v2\/media\/4743"}],"wp:attachment":[{"href":"https:\/\/shoppingb2b.haworth.com\/de\/wp-json\/wp\/v2\/media?parent=5379"}],"wp:term":[{"taxonomy":"product_brand","embeddable":true,"href":"https:\/\/shoppingb2b.haworth.com\/de\/wp-json\/wp\/v2\/product_brand?post=5379"},{"taxonomy":"product_cat","embeddable":true,"href":"https:\/\/shoppingb2b.haworth.com\/de\/wp-json\/wp\/v2\/product_cat?post=5379"},{"taxonomy":"product_tag","embeddable":true,"href":"https:\/\/shoppingb2b.haworth.com\/de\/wp-json\/wp\/v2\/product_tag?post=5379"}],"curies":[{"name":"wp","href":"https:\/\/api.w.org\/{rel}","templated":true}]}}