{"id":6191,"date":"2020-09-10T14:05:11","date_gmt":"2020-09-10T13:06:56","guid":{"rendered":"http:\/\/s833217312.online.de\/?post_type=product&#038;p=6191"},"modified":"2021-03-31T22:38:23","modified_gmt":"2021-03-31T21:38:23","slug":"ch-be_hold-design-offenes-element-aufbauelement","status":"publish","type":"product","link":"https:\/\/shoppingb2b.haworth.com\/de\/produkt\/ch-be_hold-design-offenes-element-aufbauelement\/","title":{"rendered":"Be_Hold Design Offenes Element Aufbauelement"},"content":{"rendered":"<p>Von offenen Regalen und Schr\u00e4nken bis hin zu privaten Schlie\u00dff\u00e4chern und Schiebet\u00fcrschr\u00e4nken. Be_Hold die kernfunktionalen Elemente der Lagerung in Designerm\u00f6bel.<\/p>\n","protected":false},"excerpt":{"rendered":"<p style=\"text-align: center;\">Be_Hold die kernfunktionalen Elemente der Lagerung in Designerm\u00f6bel<\/p>\n","protected":false},"featured_media":6181,"template":"","meta":[],"product_brand":[],"product_cat":[523,517],"product_tag":[603,335,194],"class_list":{"0":"post-6191","1":"product","2":"type-product","3":"status-publish","4":"has-post-thumbnail","6":"product_cat-alle","7":"product_cat-zubehoer","8":"product_tag-behold-de","9":"product_tag-design-de","10":"product_tag-schweiz","12":"first","13":"instock","14":"taxable","15":"shipping-taxable","16":"purchasable","17":"product-type-simple"},"gallery_images":[],"_links":{"self":[{"href":"https:\/\/shoppingb2b.haworth.com\/de\/wp-json\/wp\/v2\/product\/6191","targetHints":{"allow":["GET"]}}],"collection":[{"href":"https:\/\/shoppingb2b.haworth.com\/de\/wp-json\/wp\/v2\/product"}],"about":[{"href":"https:\/\/shoppingb2b.haworth.com\/de\/wp-json\/wp\/v2\/types\/product"}],"wp:featuredmedia":[{"embeddable":true,"href":"https:\/\/shoppingb2b.haworth.com\/de\/wp-json\/wp\/v2\/media\/6181"}],"wp:attachment":[{"href":"https:\/\/shoppingb2b.haworth.com\/de\/wp-json\/wp\/v2\/media?parent=6191"}],"wp:term":[{"taxonomy":"product_brand","embeddable":true,"href":"https:\/\/shoppingb2b.haworth.com\/de\/wp-json\/wp\/v2\/product_brand?post=6191"},{"taxonomy":"product_cat","embeddable":true,"href":"https:\/\/shoppingb2b.haworth.com\/de\/wp-json\/wp\/v2\/product_cat?post=6191"},{"taxonomy":"product_tag","embeddable":true,"href":"https:\/\/shoppingb2b.haworth.com\/de\/wp-json\/wp\/v2\/product_tag?post=6191"}],"curies":[{"name":"wp","href":"https:\/\/api.w.org\/{rel}","templated":true}]}}