{"id":6193,"date":"2020-09-10T14:05:10","date_gmt":"2020-09-10T13:06:57","guid":{"rendered":"http:\/\/s833217312.online.de\/?post_type=product&#038;p=6193"},"modified":"2021-03-31T22:38:23","modified_gmt":"2021-03-31T21:38:23","slug":"ch-be_hold-schiebeturenschrank","status":"publish","type":"product","link":"https:\/\/shoppingb2b.haworth.com\/de\/produkt\/ch-be_hold-schiebeturenschrank\/","title":{"rendered":"BE_Hold Design Schiebet\u00fcrenschrank"},"content":{"rendered":"<p>Von offenen Regalen und Schr\u00e4nken bis hin zu privaten Schlie\u00dff\u00e4chern und Schiebet\u00fcrschr\u00e4nken. Be_Hold die kernfunktionalen Elemente der Lagerung in Designerm\u00f6bel.<\/p>\n","protected":false},"excerpt":{"rendered":"<p style=\"text-align: center;\">Be_Hold die kernfunktionalen Elemente der Lagerung in Designerm\u00f6bel<\/p>\n","protected":false},"featured_media":6178,"template":"","meta":[],"product_brand":[],"product_cat":[523,517],"product_tag":[603,194,606],"class_list":{"0":"post-6193","1":"product","2":"type-product","3":"status-publish","4":"has-post-thumbnail","6":"product_cat-alle","7":"product_cat-zubehoer","8":"product_tag-behold-de","9":"product_tag-schweiz","10":"product_tag-sliding-door-de","12":"first","13":"instock","14":"taxable","15":"shipping-taxable","16":"purchasable","17":"product-type-simple"},"gallery_images":[],"_links":{"self":[{"href":"https:\/\/shoppingb2b.haworth.com\/de\/wp-json\/wp\/v2\/product\/6193","targetHints":{"allow":["GET"]}}],"collection":[{"href":"https:\/\/shoppingb2b.haworth.com\/de\/wp-json\/wp\/v2\/product"}],"about":[{"href":"https:\/\/shoppingb2b.haworth.com\/de\/wp-json\/wp\/v2\/types\/product"}],"wp:featuredmedia":[{"embeddable":true,"href":"https:\/\/shoppingb2b.haworth.com\/de\/wp-json\/wp\/v2\/media\/6178"}],"wp:attachment":[{"href":"https:\/\/shoppingb2b.haworth.com\/de\/wp-json\/wp\/v2\/media?parent=6193"}],"wp:term":[{"taxonomy":"product_brand","embeddable":true,"href":"https:\/\/shoppingb2b.haworth.com\/de\/wp-json\/wp\/v2\/product_brand?post=6193"},{"taxonomy":"product_cat","embeddable":true,"href":"https:\/\/shoppingb2b.haworth.com\/de\/wp-json\/wp\/v2\/product_cat?post=6193"},{"taxonomy":"product_tag","embeddable":true,"href":"https:\/\/shoppingb2b.haworth.com\/de\/wp-json\/wp\/v2\/product_tag?post=6193"}],"curies":[{"name":"wp","href":"https:\/\/api.w.org\/{rel}","templated":true}]}}