{"id":6195,"date":"2020-09-10T14:05:10","date_gmt":"2020-09-10T13:06:57","guid":{"rendered":"http:\/\/s833217312.online.de\/?post_type=product&#038;p=6195"},"modified":"2021-03-31T22:38:23","modified_gmt":"2021-03-31T21:38:23","slug":"ch-flexx","status":"publish","type":"product","link":"https:\/\/shoppingb2b.haworth.com\/de\/produkt\/ch-flexx\/","title":{"rendered":"Flexx Container"},"content":{"rendered":"<h2>Metal Pedestals \u00dcberblick<\/h2>\n<p>Integrate.<br \/>\nDepending on the model, the Metal Pedestal features a pencil tray, and features different shapes<br \/>\nand thicknesses of top, matching the main Haworth desk ranges.<\/p>\n<p>Choose Your Options.<br \/>\nThese personal storage drawer units are available in different models with different number of drawers.<br \/>\nThe handle is integrated into the front of the drawer, providing a smooth appearance.<br \/>\nPedestals are fitted with a lock on the top drawer, which locks all drawers in place.<\/p>\n","protected":false},"excerpt":{"rendered":"<p style=\"text-align: center;\">Die Metal Pedestal Kollektion von Haworth Design Studio besteht aus<br \/>\nmobilen und tragenden Schubladenelementen mit<br \/>\nfester H\u00f6he, die in verschiedenen H\u00f6hen und Tiefen erh\u00e4ltlich sind.<\/p>\n","protected":false},"featured_media":6163,"template":"","meta":[],"product_brand":[],"product_cat":[523,517],"product_tag":[610,609,194],"class_list":{"0":"post-6195","1":"product","2":"type-product","3":"status-publish","4":"has-post-thumbnail","6":"product_cat-alle","7":"product_cat-zubehoer","8":"product_tag-container","9":"product_tag-flexx-de","10":"product_tag-schweiz","12":"first","13":"instock","14":"taxable","15":"shipping-taxable","16":"purchasable","17":"product-type-simple"},"gallery_images":[],"_links":{"self":[{"href":"https:\/\/shoppingb2b.haworth.com\/de\/wp-json\/wp\/v2\/product\/6195","targetHints":{"allow":["GET"]}}],"collection":[{"href":"https:\/\/shoppingb2b.haworth.com\/de\/wp-json\/wp\/v2\/product"}],"about":[{"href":"https:\/\/shoppingb2b.haworth.com\/de\/wp-json\/wp\/v2\/types\/product"}],"wp:featuredmedia":[{"embeddable":true,"href":"https:\/\/shoppingb2b.haworth.com\/de\/wp-json\/wp\/v2\/media\/6163"}],"wp:attachment":[{"href":"https:\/\/shoppingb2b.haworth.com\/de\/wp-json\/wp\/v2\/media?parent=6195"}],"wp:term":[{"taxonomy":"product_brand","embeddable":true,"href":"https:\/\/shoppingb2b.haworth.com\/de\/wp-json\/wp\/v2\/product_brand?post=6195"},{"taxonomy":"product_cat","embeddable":true,"href":"https:\/\/shoppingb2b.haworth.com\/de\/wp-json\/wp\/v2\/product_cat?post=6195"},{"taxonomy":"product_tag","embeddable":true,"href":"https:\/\/shoppingb2b.haworth.com\/de\/wp-json\/wp\/v2\/product_tag?post=6195"}],"curies":[{"name":"wp","href":"https:\/\/api.w.org\/{rel}","templated":true}]}}