{"id":6197,"date":"2020-09-21T09:14:33","date_gmt":"2020-09-21T08:14:33","guid":{"rendered":"http:\/\/s833217312.online.de\/?post_type=product&#038;p=6197"},"modified":"2021-03-31T22:38:23","modified_gmt":"2021-03-31T21:38:23","slug":"ch-sage","status":"publish","type":"product","link":"https:\/\/shoppingb2b.haworth.com\/de\/produkt\/ch-sage\/","title":{"rendered":"Sage"},"content":{"rendered":"<p>Comforto 39 unterst\u00fctzt Sie bei der Schreibtischarbeit und hilft Ihnen, Ihre k\u00f6rperliche Leistungsf\u00e4higkeit zu erhalten. Lassen Sie sich von den ergonomischen Qualit\u00e4ten von Comforto 39 \u00fcberzeugen.<\/p>\n","protected":false},"excerpt":{"rendered":"<p style=\"text-align: center;\">Lassen Sie sich von den ergonomischen Qualit\u00e4ten von Comforto 39 \u00fcberzeugen<\/p>\n","protected":false},"featured_media":6187,"template":"","meta":[],"product_brand":[],"product_cat":[523,94],"product_tag":[613,194,223],"class_list":{"0":"post-6197","1":"product","2":"type-product","3":"status-publish","4":"has-post-thumbnail","6":"product_cat-alle","7":"product_cat-stuehle","8":"product_tag-sage-de","9":"product_tag-schweiz","10":"product_tag-stuhl-de","12":"first","13":"instock","14":"taxable","15":"shipping-taxable","16":"purchasable","17":"product-type-simple"},"gallery_images":[6184],"_links":{"self":[{"href":"https:\/\/shoppingb2b.haworth.com\/de\/wp-json\/wp\/v2\/product\/6197","targetHints":{"allow":["GET"]}}],"collection":[{"href":"https:\/\/shoppingb2b.haworth.com\/de\/wp-json\/wp\/v2\/product"}],"about":[{"href":"https:\/\/shoppingb2b.haworth.com\/de\/wp-json\/wp\/v2\/types\/product"}],"wp:featuredmedia":[{"embeddable":true,"href":"https:\/\/shoppingb2b.haworth.com\/de\/wp-json\/wp\/v2\/media\/6187"}],"wp:attachment":[{"href":"https:\/\/shoppingb2b.haworth.com\/de\/wp-json\/wp\/v2\/media?parent=6197"}],"wp:term":[{"taxonomy":"product_brand","embeddable":true,"href":"https:\/\/shoppingb2b.haworth.com\/de\/wp-json\/wp\/v2\/product_brand?post=6197"},{"taxonomy":"product_cat","embeddable":true,"href":"https:\/\/shoppingb2b.haworth.com\/de\/wp-json\/wp\/v2\/product_cat?post=6197"},{"taxonomy":"product_tag","embeddable":true,"href":"https:\/\/shoppingb2b.haworth.com\/de\/wp-json\/wp\/v2\/product_tag?post=6197"}],"curies":[{"name":"wp","href":"https:\/\/api.w.org\/{rel}","templated":true}]}}