{"id":887,"date":"2020-04-20T17:23:23","date_gmt":"2020-04-20T16:23:23","guid":{"rendered":"http:\/\/s833217312.online.de\/?post_type=product&#038;p=887"},"modified":"2021-03-31T22:54:05","modified_gmt":"2021-03-31T21:54:05","slug":"de-lively","status":"publish","type":"product","link":"https:\/\/shoppingb2b.haworth.com\/de\/produkt\/de-lively\/","title":{"rendered":"Lively"},"content":{"rendered":"<h2>Ergonomisch ohne Kompromisse<\/h2>\n<p>Lively (Comforto 29) ist mit einer der fortschrittlichsten Gewichtssynchronautomatiken ausgestattet.<\/p>\n<p>Der Benutzer soll sich keine Gedanken \u00fcber seinen Stuhl machen, aber sofort f\u00fchlen, dass ihn der Stuhl unterst\u00fctzt.<\/p>\n<h2>Sitzkomfort<\/h2>\n<div>\n<p>Lively (Comforto 29) hei\u00dft sitzen in seiner sch\u00f6nsten Form.<\/p>\n<p>Ein internationales Team von Designern, Ergonomieexperten, Materialspezialisten, Modellbauern, Verfahrenstechnikern<\/p>\n<p>und \u00d6kologiefachleuten perfektioniert jedes Produkt in intensiven Pr\u00fcf- und Testverfahren so lange,<\/p>\n<p>bis ein Maximum an Qualit\u00e4t und Funktionalit\u00e4t f\u00fcr den intensiven Langzeitgebrauch garantiert werden kann.<\/p>\n<\/div>\n","protected":false},"excerpt":{"rendered":"<p style=\"text-align: center;\">Lively (Comforto 29) ist neueste Technologie zu einem attraktiven Preis \u2013 f\u00fcr alle, die einen ergonomischen Drehstuhl ohne Kompromisse suchen.<\/p>\n","protected":false},"featured_media":1194,"template":"","meta":[],"product_brand":[],"product_cat":[523,1058,94],"product_tag":[457,450,175,197,105,505,510,106,619,185,500,455,447],"class_list":{"0":"post-887","1":"product","2":"type-product","3":"status-publish","4":"has-post-thumbnail","6":"product_cat-alle","7":"product_cat-black-friday-de","8":"product_cat-stuehle","9":"product_tag-austria-de","10":"product_tag-belgium-de","11":"product_tag-deutschland","12":"product_tag-drehstuhl","13":"product_tag-haworth-de-2","14":"product_tag-hungary-de","15":"product_tag-italy-de","16":"product_tag-lively-de","17":"product_tag-luxembourg-de","18":"product_tag-niederlande","19":"product_tag-poland-de","20":"product_tag-portugal-de","21":"product_tag-spain-de","23":"first","24":"outofstock","25":"taxable","26":"shipping-taxable","27":"product-type-simple"},"gallery_images":[1190],"_links":{"self":[{"href":"https:\/\/shoppingb2b.haworth.com\/de\/wp-json\/wp\/v2\/product\/887","targetHints":{"allow":["GET"]}}],"collection":[{"href":"https:\/\/shoppingb2b.haworth.com\/de\/wp-json\/wp\/v2\/product"}],"about":[{"href":"https:\/\/shoppingb2b.haworth.com\/de\/wp-json\/wp\/v2\/types\/product"}],"wp:featuredmedia":[{"embeddable":true,"href":"https:\/\/shoppingb2b.haworth.com\/de\/wp-json\/wp\/v2\/media\/1194"}],"wp:attachment":[{"href":"https:\/\/shoppingb2b.haworth.com\/de\/wp-json\/wp\/v2\/media?parent=887"}],"wp:term":[{"taxonomy":"product_brand","embeddable":true,"href":"https:\/\/shoppingb2b.haworth.com\/de\/wp-json\/wp\/v2\/product_brand?post=887"},{"taxonomy":"product_cat","embeddable":true,"href":"https:\/\/shoppingb2b.haworth.com\/de\/wp-json\/wp\/v2\/product_cat?post=887"},{"taxonomy":"product_tag","embeddable":true,"href":"https:\/\/shoppingb2b.haworth.com\/de\/wp-json\/wp\/v2\/product_tag?post=887"}],"curies":[{"name":"wp","href":"https:\/\/api.w.org\/{rel}","templated":true}]}}