{"id":891,"date":"2020-04-20T17:41:24","date_gmt":"2020-04-20T16:41:24","guid":{"rendered":"http:\/\/s833217312.online.de\/?post_type=product&#038;p=891"},"modified":"2021-03-31T22:54:05","modified_gmt":"2021-03-31T21:54:05","slug":"fr-lively","status":"publish","type":"product","link":"https:\/\/shoppingb2b.haworth.com\/de\/produkt\/fr-lively\/","title":{"rendered":"Lively"},"content":{"rendered":"<h2>Ergonomisch ohne Kompromisse<\/h2>\n<p>Lively (Comforto 29) ist mit einer der fortschrittlichsten Gewichtssynchronautomatiken ausgestattet.<\/p>\n<p>Der Benutzer soll sich keine Gedanken \u00fcber seinen Stuhl machen, aber sofort f\u00fchlen, dass ihn der Stuhl unterst\u00fctzt.<\/p>\n<p>Weitere Komfortfunktionen, wie Sitztiefen-, Sitzneigeverstellung und Lumbalverstellung, erg\u00e4nzen die Ergonomieausstattung von Lively (Comforto 29).<\/p>\n<h2>Sitzkomfort<\/h2>\n<div>\n<p>Lively (Comforto 29) hei\u00dft sitzen in seiner sch\u00f6nsten Form.<\/p>\n<p>Ein internationales Team von Designern, Ergonomieexperten, Materialspezialisten, Modellbauern, Verfahrenstechnikern<\/p>\n<p>und \u00d6kologiefachleuten perfektioniert jedes Produkt in intensiven Pr\u00fcf- und Testverfahren so lange,<\/p>\n<p>bis ein Maximum an Qualit\u00e4t und Funktionalit\u00e4t f\u00fcr den intensiven Langzeitgebrauch garantiert werden kann.<\/p>\n<\/div>\n","protected":false},"excerpt":{"rendered":"<h4 style=\"text-align: center;\">Lively (Comforto 29) ist neueste Technologie zu einem attraktiven Preis \u2013<\/h4>\n<h4 style=\"text-align: center;\">f\u00fcr alle, die einen ergonomischen Drehstuhl ohne Kompromisse suchen.<\/h4>\n","protected":false},"featured_media":1194,"template":"","meta":[],"product_brand":[],"product_cat":[1058,94],"product_tag":[197,174,105,106],"class_list":{"0":"post-891","1":"product","2":"type-product","3":"status-publish","4":"has-post-thumbnail","6":"product_cat-black-friday-de","7":"product_cat-stuehle","8":"product_tag-drehstuhl","9":"product_tag-frankreich","10":"product_tag-haworth-de-2","11":"product_tag-lively-de","13":"first","14":"outofstock","15":"taxable","16":"shipping-taxable","17":"product-type-simple"},"gallery_images":[1190],"_links":{"self":[{"href":"https:\/\/shoppingb2b.haworth.com\/de\/wp-json\/wp\/v2\/product\/891","targetHints":{"allow":["GET"]}}],"collection":[{"href":"https:\/\/shoppingb2b.haworth.com\/de\/wp-json\/wp\/v2\/product"}],"about":[{"href":"https:\/\/shoppingb2b.haworth.com\/de\/wp-json\/wp\/v2\/types\/product"}],"wp:featuredmedia":[{"embeddable":true,"href":"https:\/\/shoppingb2b.haworth.com\/de\/wp-json\/wp\/v2\/media\/1194"}],"wp:attachment":[{"href":"https:\/\/shoppingb2b.haworth.com\/de\/wp-json\/wp\/v2\/media?parent=891"}],"wp:term":[{"taxonomy":"product_brand","embeddable":true,"href":"https:\/\/shoppingb2b.haworth.com\/de\/wp-json\/wp\/v2\/product_brand?post=891"},{"taxonomy":"product_cat","embeddable":true,"href":"https:\/\/shoppingb2b.haworth.com\/de\/wp-json\/wp\/v2\/product_cat?post=891"},{"taxonomy":"product_tag","embeddable":true,"href":"https:\/\/shoppingb2b.haworth.com\/de\/wp-json\/wp\/v2\/product_tag?post=891"}],"curies":[{"name":"wp","href":"https:\/\/api.w.org\/{rel}","templated":true}]}}