{"id":98394,"date":"2021-05-21T13:28:38","date_gmt":"2021-05-21T12:28:38","guid":{"rendered":"https:\/\/shopping.haworth.com\/product\/cappellini-bambi\/"},"modified":"2021-05-21T13:28:38","modified_gmt":"2021-05-21T12:28:38","slug":"cappellini-bambi","status":"publish","type":"product","link":"https:\/\/shoppingb2b.haworth.com\/de\/produkt\/cappellini-bambi\/","title":{"rendered":"Cappellini Bambi"},"content":{"rendered":"<p>Der Tisch Bambi widersetzt sich der Schwerkraft, denn sein Name erinnert an die prek\u00e4re Stabilit\u00e4t der Beine eines Rehkitzes.<br \/>\nDie Grundidee war, einen Tisch aus einer einzigen, in verschiedene Richtungen gebogenen Platte zu schaffen.<\/p>\n<p>Seine Stabilit\u00e4t wird durch die entgegengesetzten Winkel der beiden Beine gew\u00e4hrleistet, die sich im 90-Grad-Winkel kreuzen.<br \/>\nDas Design l\u00e4sst den Schreibtisch auf den ersten Blick zerbrechlich erscheinen, w\u00e4hrend er in Wirklichkeit ein starkes und gut ausbalanciertes M\u00f6belst\u00fcck ist.<\/p>\n<p>Der Bambi-Schreibtisch spiegelt perfekt den japanischen Designansatz von Nendo wider, der sich durch die Kombination von hochentwickelten Details mit der kindlichen \u00dcberraschung der Einfachheit auszeichnet.<\/p>\n","protected":false},"excerpt":{"rendered":"<p>Design: Nendo<\/p>\n<p>Beschreibung des Artikels: Rechteckiger Tisch mit idealen Ma\u00dfen f\u00fcr einen Schreibtisch im Home Office, hergestellt aus gefaltetem, lasergeschnittenem Aluminiumblech mit Metallgestell und Beinen aus stranggepresstem Metall.<\/p>\n","protected":false},"featured_media":32807,"template":"","meta":[],"product_brand":[],"product_cat":[523,97],"product_tag":[847,331,784,336,207,214],"class_list":{"0":"post-98394","1":"product","2":"type-product","3":"status-publish","4":"has-post-thumbnail","6":"product_cat-alle","7":"product_cat-tische","8":"product_tag-bambi-de","9":"product_tag-cappellini-de","10":"product_tag-europe-de","11":"product_tag-startseite","12":"product_tag-tisch","13":"product_tag-tisch-de","15":"first","16":"instock","17":"taxable","18":"shipping-taxable","19":"purchasable","20":"product-type-simple"},"gallery_images":[32817,32812],"_links":{"self":[{"href":"https:\/\/shoppingb2b.haworth.com\/de\/wp-json\/wp\/v2\/product\/98394","targetHints":{"allow":["GET"]}}],"collection":[{"href":"https:\/\/shoppingb2b.haworth.com\/de\/wp-json\/wp\/v2\/product"}],"about":[{"href":"https:\/\/shoppingb2b.haworth.com\/de\/wp-json\/wp\/v2\/types\/product"}],"wp:featuredmedia":[{"embeddable":true,"href":"https:\/\/shoppingb2b.haworth.com\/de\/wp-json\/wp\/v2\/media\/32807"}],"wp:attachment":[{"href":"https:\/\/shoppingb2b.haworth.com\/de\/wp-json\/wp\/v2\/media?parent=98394"}],"wp:term":[{"taxonomy":"product_brand","embeddable":true,"href":"https:\/\/shoppingb2b.haworth.com\/de\/wp-json\/wp\/v2\/product_brand?post=98394"},{"taxonomy":"product_cat","embeddable":true,"href":"https:\/\/shoppingb2b.haworth.com\/de\/wp-json\/wp\/v2\/product_cat?post=98394"},{"taxonomy":"product_tag","embeddable":true,"href":"https:\/\/shoppingb2b.haworth.com\/de\/wp-json\/wp\/v2\/product_tag?post=98394"}],"curies":[{"name":"wp","href":"https:\/\/api.w.org\/{rel}","templated":true}]}}