{"id":98421,"date":"2021-05-21T13:28:38","date_gmt":"2021-05-21T12:28:38","guid":{"rendered":"https:\/\/shopping.haworth.com\/product\/cappellini-bong\/"},"modified":"2021-05-21T13:28:38","modified_gmt":"2021-05-21T12:28:38","slug":"cappellini-bong","status":"publish","type":"product","link":"https:\/\/shoppingb2b.haworth.com\/de\/produkt\/cappellini-bong\/","title":{"rendered":"Cappellini Bong"},"content":{"rendered":"<p>Die Lieblingsformen von Giulio Cappellini sind einfach, aber ungew\u00f6hnlich, und der Tisch Bong verk\u00f6rpert dieses Konzept perfekt:<\/p>\n<p>eine Kugel, die im oberen Teil abgeschnitten ist, um zu einem Servicetisch oder einer Sitzgelegenheit zu werden. Bong besteht aus geformtem Fiberglas, das in einem von Cappellini entwickelten Verfahren hergestellt wird.<\/p>\n<p>Das Innere des Tisches ist v\u00f6llig leer, was ihn extrem leicht und einfach zu transportieren macht und einen sch\u00f6nen Kontrast zwischen dem realen und dem gef\u00fchlten Gewicht schafft, insbesondere mit der Oberfl\u00e4che aus wei\u00dfem Carrara-Marmor, der nicht echt ist, sondern mit einer speziellen 3D-Anwendung, DipPrint\u00ae genannt, die hydrostatischen Druck nutzt, um eine spezielle Dekoration auf eine Oberfl\u00e4che aufzubringen.<\/p>\n<p>Dank seiner Leichtigkeit und seines einfachen und essentiellen Designs ist Bong ein unverwechselbares Designobjekt, das sich f\u00fcr alle Arten von Wohnr\u00e4umen eignet.<\/p>\n","protected":false},"excerpt":{"rendered":"<p>Design: Giulio Cappellini<\/p>\n<p>Beschreibung des Artikels: Service-Tisch<\/p>\n","protected":false},"featured_media":32868,"template":"","meta":[],"product_brand":[],"product_cat":[865],"product_tag":[866,331,335,784,105],"class_list":{"0":"post-98421","1":"product","2":"type-product","3":"status-publish","4":"has-post-thumbnail","6":"product_cat-cappellini-de","7":"product_tag-bong-de","8":"product_tag-cappellini-de","9":"product_tag-design-de","10":"product_tag-europe-de","11":"product_tag-haworth-de-2","13":"first","14":"instock","15":"taxable","16":"shipping-taxable","17":"purchasable","18":"product-type-simple"},"gallery_images":[32876,32881],"_links":{"self":[{"href":"https:\/\/shoppingb2b.haworth.com\/de\/wp-json\/wp\/v2\/product\/98421","targetHints":{"allow":["GET"]}}],"collection":[{"href":"https:\/\/shoppingb2b.haworth.com\/de\/wp-json\/wp\/v2\/product"}],"about":[{"href":"https:\/\/shoppingb2b.haworth.com\/de\/wp-json\/wp\/v2\/types\/product"}],"wp:featuredmedia":[{"embeddable":true,"href":"https:\/\/shoppingb2b.haworth.com\/de\/wp-json\/wp\/v2\/media\/32868"}],"wp:attachment":[{"href":"https:\/\/shoppingb2b.haworth.com\/de\/wp-json\/wp\/v2\/media?parent=98421"}],"wp:term":[{"taxonomy":"product_brand","embeddable":true,"href":"https:\/\/shoppingb2b.haworth.com\/de\/wp-json\/wp\/v2\/product_brand?post=98421"},{"taxonomy":"product_cat","embeddable":true,"href":"https:\/\/shoppingb2b.haworth.com\/de\/wp-json\/wp\/v2\/product_cat?post=98421"},{"taxonomy":"product_tag","embeddable":true,"href":"https:\/\/shoppingb2b.haworth.com\/de\/wp-json\/wp\/v2\/product_tag?post=98421"}],"curies":[{"name":"wp","href":"https:\/\/api.w.org\/{rel}","templated":true}]}}