{"id":98531,"date":"2021-05-21T13:28:38","date_gmt":"2021-05-21T12:28:38","guid":{"rendered":"https:\/\/shopping.haworth.com\/product\/cappellini-cloud\/"},"modified":"2021-05-21T13:28:38","modified_gmt":"2021-05-21T12:28:38","slug":"cappellini-cloud","status":"publish","type":"product","link":"https:\/\/shoppingb2b.haworth.com\/de\/produkt\/cappellini-cloud\/","title":{"rendered":"Cappellini Cloud"},"content":{"rendered":"<p>Cloud ist ein modulares B\u00fccherregal mit hohlen F\u00e4chern, das im Rotationsgussverfahren hergestellt wird, einem System zur Herstellung von Hohlk\u00f6rpern aus einem einzigen St\u00fcck, ohne Schwei\u00dfarbeiten.<\/p>\n<p>Die Module sind &#8222;Mikroarchitekturen&#8220;, die der Form einer Wolke am Himmel nachempfunden sind. Die Module k\u00f6nnen nach dem Zufallsprinzip sowohl horizontal als auch vertikal mit einer Metallklammer miteinander verbunden werden, um Ihre ganz pers\u00f6nliche Cloud zu schaffen.<\/p>\n<p>Cloud ist ein verspieltes Designobjekt, das von Ronan &amp; Erwan Bouroullec entworfen wurde. Es kann als B\u00fccherregal oder als Raumteiler verwendet werden und bringt einen Hauch von Frische und Leichtigkeit in jedes Ambiente.<\/p>\n","protected":false},"excerpt":{"rendered":"<p>Design: Ronan &amp; Erwan Bouroullec<\/p>\n<p>Modulares doppelseitiges B\u00fccherregal<\/p>\n","protected":false},"featured_media":32892,"template":"","meta":[],"product_brand":[],"product_cat":[523,517],"product_tag":[331,869,335,870],"class_list":{"0":"post-98531","1":"product","2":"type-product","3":"status-publish","4":"has-post-thumbnail","6":"product_cat-alle","7":"product_cat-zubehoer","8":"product_tag-cappellini-de","9":"product_tag-cloud-de","10":"product_tag-design-de","11":"product_tag-storage-de","13":"first","14":"instock","15":"taxable","16":"shipping-taxable","17":"purchasable","18":"product-type-simple"},"gallery_images":[32897,32902],"_links":{"self":[{"href":"https:\/\/shoppingb2b.haworth.com\/de\/wp-json\/wp\/v2\/product\/98531","targetHints":{"allow":["GET"]}}],"collection":[{"href":"https:\/\/shoppingb2b.haworth.com\/de\/wp-json\/wp\/v2\/product"}],"about":[{"href":"https:\/\/shoppingb2b.haworth.com\/de\/wp-json\/wp\/v2\/types\/product"}],"wp:featuredmedia":[{"embeddable":true,"href":"https:\/\/shoppingb2b.haworth.com\/de\/wp-json\/wp\/v2\/media\/32892"}],"wp:attachment":[{"href":"https:\/\/shoppingb2b.haworth.com\/de\/wp-json\/wp\/v2\/media?parent=98531"}],"wp:term":[{"taxonomy":"product_brand","embeddable":true,"href":"https:\/\/shoppingb2b.haworth.com\/de\/wp-json\/wp\/v2\/product_brand?post=98531"},{"taxonomy":"product_cat","embeddable":true,"href":"https:\/\/shoppingb2b.haworth.com\/de\/wp-json\/wp\/v2\/product_cat?post=98531"},{"taxonomy":"product_tag","embeddable":true,"href":"https:\/\/shoppingb2b.haworth.com\/de\/wp-json\/wp\/v2\/product_tag?post=98531"}],"curies":[{"name":"wp","href":"https:\/\/api.w.org\/{rel}","templated":true}]}}