{"id":98537,"date":"2021-05-21T13:28:38","date_gmt":"2021-05-21T12:28:38","guid":{"rendered":"https:\/\/shopping.haworth.com\/product\/cappellini-fronzoni\/"},"modified":"2021-05-21T13:28:38","modified_gmt":"2021-05-21T12:28:38","slug":"cappellini-fronzoni","status":"publish","type":"product","link":"https:\/\/shoppingb2b.haworth.com\/de\/produkt\/cappellini-fronzoni\/","title":{"rendered":"Cappellini Fronzoni"},"content":{"rendered":"<p>Der Fronzoni-Tisch, den der ber\u00fchmte italienische Designer A.G. Fronzoni in den 60er Jahren entwarf, wird allgemein als offizielles Manifest des Minimalismus anerkannt.<\/p>\n<p>Die perfekten Proportionen und die sorgf\u00e4ltige Verwendung von Materialien und Farben machen dieses Objekt zu einem klaren Beispiel daf\u00fcr, wie die Einfachheit die h\u00f6chste Synthese des Designs darstellt.<\/p>\n<p>Der Fronzoni-Tisch ist ein n\u00fcchternes und essentielles Produkt, das Fronzonis Idee widerspiegelt, dass der Wert der Geometrie gegen\u00fcber der Funktion \u00fcberwiegt. A.G.<\/p>\n<p>Fronzoni gilt als Meister des Minimalismus und als Verfechter der Maxime &#8222;weniger ist mehr&#8220;. Ein perfekter Arbeitstisch f\u00fcr Designliebhaber, der sich durch sein klares und essentielles Design auszeichnet.<\/p>\n","protected":false},"excerpt":{"rendered":"<p>Design: AG Fronzoni<\/p>\n<p>Rechteckiger Tisch mit Metallgestell und Holzplatte<\/p>\n","protected":false},"featured_media":32920,"template":"","meta":[],"product_brand":[],"product_cat":[523,97],"product_tag":[331,335,784,873,207,214],"class_list":{"0":"post-98537","1":"product","2":"type-product","3":"status-publish","4":"has-post-thumbnail","6":"product_cat-alle","7":"product_cat-tische","8":"product_tag-cappellini-de","9":"product_tag-design-de","10":"product_tag-europe-de","11":"product_tag-fronzoni-de","12":"product_tag-tisch","13":"product_tag-tisch-de","15":"first","16":"instock","17":"taxable","18":"shipping-taxable","19":"purchasable","20":"product-type-simple"},"gallery_images":[32925,32930],"_links":{"self":[{"href":"https:\/\/shoppingb2b.haworth.com\/de\/wp-json\/wp\/v2\/product\/98537","targetHints":{"allow":["GET"]}}],"collection":[{"href":"https:\/\/shoppingb2b.haworth.com\/de\/wp-json\/wp\/v2\/product"}],"about":[{"href":"https:\/\/shoppingb2b.haworth.com\/de\/wp-json\/wp\/v2\/types\/product"}],"wp:featuredmedia":[{"embeddable":true,"href":"https:\/\/shoppingb2b.haworth.com\/de\/wp-json\/wp\/v2\/media\/32920"}],"wp:attachment":[{"href":"https:\/\/shoppingb2b.haworth.com\/de\/wp-json\/wp\/v2\/media?parent=98537"}],"wp:term":[{"taxonomy":"product_brand","embeddable":true,"href":"https:\/\/shoppingb2b.haworth.com\/de\/wp-json\/wp\/v2\/product_brand?post=98537"},{"taxonomy":"product_cat","embeddable":true,"href":"https:\/\/shoppingb2b.haworth.com\/de\/wp-json\/wp\/v2\/product_cat?post=98537"},{"taxonomy":"product_tag","embeddable":true,"href":"https:\/\/shoppingb2b.haworth.com\/de\/wp-json\/wp\/v2\/product_tag?post=98537"}],"curies":[{"name":"wp","href":"https:\/\/api.w.org\/{rel}","templated":true}]}}