{"id":98551,"date":"2021-05-21T13:28:38","date_gmt":"2021-05-21T12:28:38","guid":{"rendered":"https:\/\/shopping.haworth.com\/product\/cappellini-juli-plastic\/"},"modified":"2021-05-21T13:28:38","modified_gmt":"2021-05-21T12:28:38","slug":"cappellini-juli-plastic","status":"publish","type":"product","link":"https:\/\/shoppingb2b.haworth.com\/de\/produkt\/cappellini-juli-plastic\/","title":{"rendered":"Cappellini Juli Plastic"},"content":{"rendered":"<p>Der Juli Plastic ist eine zeitgem\u00e4\u00dfe Interpretation des klassischen Kunststoffschalenstuhls aus den 50er Jahren.<\/p>\n<p>Er ist \u00e4u\u00dferst funktionell und gleichzeitig ein au\u00dfergew\u00f6hnliches Designobjekt.<\/p>\n<p>Das charakteristische Merkmal ist die sehr charakteristische Form der Sitzschale mit sehr bequemen Armlehnen. Die Ergonomie des Stuhls wurde optimiert, was ihn zu einem perfekten Home-Office-Stuhl macht, der selbst bei langen Videokonferenzen einen einzigartigen Komfort bietet.<\/p>\n<p>Er ist ein Meisterwerk des renommierten deutschen Designers Werner Aisslinger. Nicht umsonst ist der Juli Plastic der erste deutsche Designstuhl, der in die st\u00e4ndige Sammlung des Museum of Modern Art in New York<\/p>\n","protected":false},"excerpt":{"rendered":"<p>Entwurf: Werner Aisslinger<\/p>\n<p>Kleiner Sessel auf 5-Speichen-Fu\u00df mit Rollen<\/p>\n","protected":false},"featured_media":32953,"template":"","meta":[],"product_brand":[],"product_cat":[523,94],"product_tag":[331,335,887,888],"class_list":{"0":"post-98551","1":"product","2":"type-product","3":"status-publish","4":"has-post-thumbnail","6":"product_cat-alle","7":"product_cat-stuehle","8":"product_tag-cappellini-de","9":"product_tag-design-de","10":"product_tag-juli-plastic-de","11":"product_tag-werner-aisslinger-de","13":"first","14":"instock","15":"taxable","16":"shipping-taxable","17":"purchasable","18":"product-type-simple"},"gallery_images":[32958,32963],"_links":{"self":[{"href":"https:\/\/shoppingb2b.haworth.com\/de\/wp-json\/wp\/v2\/product\/98551","targetHints":{"allow":["GET"]}}],"collection":[{"href":"https:\/\/shoppingb2b.haworth.com\/de\/wp-json\/wp\/v2\/product"}],"about":[{"href":"https:\/\/shoppingb2b.haworth.com\/de\/wp-json\/wp\/v2\/types\/product"}],"wp:featuredmedia":[{"embeddable":true,"href":"https:\/\/shoppingb2b.haworth.com\/de\/wp-json\/wp\/v2\/media\/32953"}],"wp:attachment":[{"href":"https:\/\/shoppingb2b.haworth.com\/de\/wp-json\/wp\/v2\/media?parent=98551"}],"wp:term":[{"taxonomy":"product_brand","embeddable":true,"href":"https:\/\/shoppingb2b.haworth.com\/de\/wp-json\/wp\/v2\/product_brand?post=98551"},{"taxonomy":"product_cat","embeddable":true,"href":"https:\/\/shoppingb2b.haworth.com\/de\/wp-json\/wp\/v2\/product_cat?post=98551"},{"taxonomy":"product_tag","embeddable":true,"href":"https:\/\/shoppingb2b.haworth.com\/de\/wp-json\/wp\/v2\/product_tag?post=98551"}],"curies":[{"name":"wp","href":"https:\/\/api.w.org\/{rel}","templated":true}]}}