{"id":98555,"date":"2021-05-21T13:28:37","date_gmt":"2021-05-21T12:28:37","guid":{"rendered":"https:\/\/shopping.haworth.com\/product\/cappellini-lotus\/"},"modified":"2021-05-21T13:28:37","modified_gmt":"2021-05-21T12:28:37","slug":"cappellini-lotus","status":"publish","type":"product","link":"https:\/\/shoppingb2b.haworth.com\/de\/produkt\/cappellini-lotus\/","title":{"rendered":"Cappellini Lotus"},"content":{"rendered":"<p>Jasper Morrison hatte die Vision, einen \u00e4u\u00dferst komfortablen und ergonomischen Arbeitsstuhl zu entwerfen, der so wenig Volumen wie m\u00f6glich ben\u00f6tigt.<\/p>\n<p>Der Lotus-Stuhl ist ein elegantes Produkt, das sich durch ein sehr raffiniertes Design auszeichnet, ein charakteristisches Merkmal aller Produkte von Morrison.<\/p>\n<p>Der Stuhl ist das Ergebnis eines langen und sorgf\u00e4ltigen Designprojekts, das zur Schaffung eines funktionellen Produkts f\u00fchrte, das trotz der geringen Dicke der Sitzschale und seiner extremen optischen Leichtigkeit h\u00f6chsten Komfort bietet.<\/p>\n<p>Die Schale ist aus gebogenem Buchensperrholz mit verschiedenen Schichten aus Polyurethanschaum und elastischen Gurten gefertigt und garantiert so eine maximale Haltbarkeit bei minimaler Dicke.<\/p>\n<p>Die Polsterstoffe des Stuhls sind mit den Polyurethanschaum-Polstern mitgestanzt, was dem Sitz seine ausgepr\u00e4gte dreidimensionale Wirkung verleiht. Dieser Stuhl ist ein Design-Statement, das das Beste der italienischen Handwerkskunst repr\u00e4sentiert und ideal f\u00fcr ein anspruchsvolles Home Office ist<\/p>\n","protected":false},"excerpt":{"rendered":"<p>Entwurf: Jasper Morrison<\/p>\n<p>Sessel mit Armlehnen, mit 5-Speichen-Aluminiumdruckgussfu\u00df mit Rollen<\/p>\n","protected":false},"featured_media":32980,"template":"","meta":[],"product_brand":[],"product_cat":[523,94],"product_tag":[331,335,784,894,893],"class_list":{"0":"post-98555","1":"product","2":"type-product","3":"status-publish","4":"has-post-thumbnail","6":"product_cat-alle","7":"product_cat-stuehle","8":"product_tag-cappellini-de","9":"product_tag-design-de","10":"product_tag-europe-de","11":"product_tag-jasper-morrison-de","12":"product_tag-lotus-de","14":"first","15":"instock","16":"taxable","17":"shipping-taxable","18":"purchasable","19":"product-type-simple"},"gallery_images":[32986,32991],"_links":{"self":[{"href":"https:\/\/shoppingb2b.haworth.com\/de\/wp-json\/wp\/v2\/product\/98555","targetHints":{"allow":["GET"]}}],"collection":[{"href":"https:\/\/shoppingb2b.haworth.com\/de\/wp-json\/wp\/v2\/product"}],"about":[{"href":"https:\/\/shoppingb2b.haworth.com\/de\/wp-json\/wp\/v2\/types\/product"}],"wp:featuredmedia":[{"embeddable":true,"href":"https:\/\/shoppingb2b.haworth.com\/de\/wp-json\/wp\/v2\/media\/32980"}],"wp:attachment":[{"href":"https:\/\/shoppingb2b.haworth.com\/de\/wp-json\/wp\/v2\/media?parent=98555"}],"wp:term":[{"taxonomy":"product_brand","embeddable":true,"href":"https:\/\/shoppingb2b.haworth.com\/de\/wp-json\/wp\/v2\/product_brand?post=98555"},{"taxonomy":"product_cat","embeddable":true,"href":"https:\/\/shoppingb2b.haworth.com\/de\/wp-json\/wp\/v2\/product_cat?post=98555"},{"taxonomy":"product_tag","embeddable":true,"href":"https:\/\/shoppingb2b.haworth.com\/de\/wp-json\/wp\/v2\/product_tag?post=98555"}],"curies":[{"name":"wp","href":"https:\/\/api.w.org\/{rel}","templated":true}]}}