{"id":98561,"date":"2021-05-21T13:28:37","date_gmt":"2021-05-21T12:28:37","guid":{"rendered":"https:\/\/shopping.haworth.com\/product\/cappellini-drop\/"},"modified":"2021-05-21T13:28:37","modified_gmt":"2021-05-21T12:28:37","slug":"cappellini-drop","status":"publish","type":"product","link":"https:\/\/shoppingb2b.haworth.com\/de\/produkt\/cappellini-drop\/","title":{"rendered":"Cappellini Drop"},"content":{"rendered":"<p>Drop von Nendo ist ein zweiseitiges S\u00e4ulenregal aus lasergeschnittenem Blech, das eine geniale Herausforderung an die Schwerkraft darstellt.<\/p>\n<p>Der Name &#8222;Drop&#8220; ist offensichtlich inspiriert von dem schr\u00e4gen Winkel des oberen Regals, der eine Vielzahl von witzigen M\u00f6glichkeiten zur Aufbewahrung von B\u00fcchern und anderen Objekten bietet.<\/p>\n<p>Trotz seiner scheinbar instabilen Konstruktion ist das B\u00fccherregal solide und gut ausbalanciert, auch dank einer Gegengewichtsplatte am unteren Ende der Struktur, die f\u00fcr maximale Stabilit\u00e4t sorgt.<\/p>\n","protected":false},"excerpt":{"rendered":"<p>Entwurf: Nendo<\/p>\n<p>Zweiseitiges S\u00e4ulen-B\u00fccherregal<\/p>\n","protected":false},"featured_media":33242,"template":"","meta":[],"product_brand":[],"product_cat":[523,517],"product_tag":[903,331,335,902,784,899,336],"class_list":{"0":"post-98561","1":"product","2":"type-product","3":"status-publish","4":"has-post-thumbnail","6":"product_cat-alle","7":"product_cat-zubehoer","8":"product_tag-bookshelf-de","9":"product_tag-cappellini-de","10":"product_tag-design-de","11":"product_tag-drop-de","12":"product_tag-europe-de","13":"product_tag-nendo-de","14":"product_tag-startseite","16":"first","17":"instock","18":"taxable","19":"shipping-taxable","20":"purchasable","21":"product-type-simple"},"gallery_images":[33247,33252],"_links":{"self":[{"href":"https:\/\/shoppingb2b.haworth.com\/de\/wp-json\/wp\/v2\/product\/98561","targetHints":{"allow":["GET"]}}],"collection":[{"href":"https:\/\/shoppingb2b.haworth.com\/de\/wp-json\/wp\/v2\/product"}],"about":[{"href":"https:\/\/shoppingb2b.haworth.com\/de\/wp-json\/wp\/v2\/types\/product"}],"wp:featuredmedia":[{"embeddable":true,"href":"https:\/\/shoppingb2b.haworth.com\/de\/wp-json\/wp\/v2\/media\/33242"}],"wp:attachment":[{"href":"https:\/\/shoppingb2b.haworth.com\/de\/wp-json\/wp\/v2\/media?parent=98561"}],"wp:term":[{"taxonomy":"product_brand","embeddable":true,"href":"https:\/\/shoppingb2b.haworth.com\/de\/wp-json\/wp\/v2\/product_brand?post=98561"},{"taxonomy":"product_cat","embeddable":true,"href":"https:\/\/shoppingb2b.haworth.com\/de\/wp-json\/wp\/v2\/product_cat?post=98561"},{"taxonomy":"product_tag","embeddable":true,"href":"https:\/\/shoppingb2b.haworth.com\/de\/wp-json\/wp\/v2\/product_tag?post=98561"}],"curies":[{"name":"wp","href":"https:\/\/api.w.org\/{rel}","templated":true}]}}