{"id":147337,"date":"2022-02-28T14:59:45","date_gmt":"2022-02-28T13:59:45","guid":{"rendered":"https:\/\/shopping.haworth.com\/?post_type=product&#038;p=147337"},"modified":"2022-04-05T11:41:39","modified_gmt":"2022-04-05T10:41:39","slug":"hiya-altura-ajustable-120x80","status":"publish","type":"product","link":"https:\/\/shoppingb2b.haworth.com\/es\/producto\/hiya-altura-ajustable-120x80\/","title":{"rendered":"Hiya &#8211; altura ajustable 120&#215;80"},"content":{"rendered":"<div class=\"row\"  id=\"row-681987950\">\n\n\t<div id=\"col-1875041924\" class=\"col medium-6 small-12 large-6\"  >\n\t\t<div class=\"col-inner\"  >\n\t\t\t\n\t\t\t\n<h2>Hiya<\/h2>\n<p>Las mesas de altura ajustable fomentan los cambios de postura para promover el movimiento y el bienestar, y conseguir as\u00ed que las personas puedan trabajar de la manera m\u00e1s c\u00f3moda posible.La mesa HiYa es una soluci\u00f3n asequible con flexibilidad de dise\u00f1o que satisface las necesidades ergon\u00f3micas de las personas.<br \/>\nUna mesa independiente de altura ajustable que proporciona un amplio rango de ajuste para proporcionar soporte a m\u00e1s personas y sus diversos estilos de trabajo. HiYa crea flexibilidad de dise\u00f1o para cualquier entorno.<\/p>\n<div class=\"accordion\" rel=\"\">\n<div class=\"accordion-item\"><a href=\"#\" class=\"accordion-title plain\"><button class=\"toggle\"><i class=\"icon-angle-down\"><\/i><\/button><span>Caracter\u00edsticas<\/span><\/a><div class=\"accordion-inner\">\n<ul>\n<li>Su sencillo e intuitivo control permite un f\u00e1cil ajuste<\/li>\n<li>La viga telesc\u00f3pica es compatible con tableros de distinta longitud<\/li>\n<li>Certificaci\u00f3n GS<\/li>\n<\/ul>\n<\/div><\/div>\n<\/div>\n\t\t<\/div>\n\t\t\t<\/div>\n\n\t\n\n\t<div id=\"col-395930160\" class=\"col medium-6 small-12 large-6\"  >\n\t\t<div class=\"col-inner\"  >\n\t\t\t\n\t\t\t\n\t<div class=\"img has-hover x md-x lg-x y md-y lg-y\" id=\"image_1076918752\">\n\t\t\t\t\t\t\t\t<div class=\"img-inner dark\" >\n\t\t\t<img loading=\"lazy\" decoding=\"async\" width=\"800\" height=\"800\" src=\"https:\/\/shoppingb2b.haworth.com\/wp-content\/uploads\/2021\/02\/HiYa_140x80_TITANIUM_01-800x800.png\" class=\"attachment-large size-large\" alt=\"\" srcset=\"https:\/\/shoppingb2b.haworth.com\/wp-content\/uploads\/2021\/02\/HiYa_140x80_TITANIUM_01-800x800.png 800w, https:\/\/shoppingb2b.haworth.com\/wp-content\/uploads\/2021\/02\/HiYa_140x80_TITANIUM_01-400x400.png 400w, https:\/\/shoppingb2b.haworth.com\/wp-content\/uploads\/2021\/02\/HiYa_140x80_TITANIUM_01-280x280.png 280w, https:\/\/shoppingb2b.haworth.com\/wp-content\/uploads\/2021\/02\/HiYa_140x80_TITANIUM_01-768x768.png 768w, https:\/\/shoppingb2b.haworth.com\/wp-content\/uploads\/2021\/02\/HiYa_140x80_TITANIUM_01-247x247.png 247w, https:\/\/shoppingb2b.haworth.com\/wp-content\/uploads\/2021\/02\/HiYa_140x80_TITANIUM_01-512x512.png 512w, https:\/\/shoppingb2b.haworth.com\/wp-content\/uploads\/2021\/02\/HiYa_140x80_TITANIUM_01.png 1000w\" sizes=\"auto, (max-width: 800px) 100vw, 800px\" \/>\t\t\t\t\t\t\n\t\t\t\t\t<\/div>\n\t\t\t\t\t\t\t\t\n<style>\n#image_1076918752 {\n  width: 100%;\n}\n<\/style>\n\t<\/div>\n\t\n\t\t<\/div>\n\t\t\t<\/div>\n\n\t\n<\/div>\n","protected":false},"excerpt":{"rendered":"<p style=\"text-align: center;\">Dise\u00f1o: Haworth Design Studio<br \/>\nLa mesa HiYa es una soluci\u00f3n asequible de dise\u00f1o flexible<br \/>\nque proporciona soporte a las necesidades ergon\u00f3micas de las personas.<\/p>\n","protected":false},"featured_media":20367,"template":"","meta":[],"product_brand":[],"product_cat":[98,648],"product_tag":[666,667,649,669,670,671,672,673,674,675,676,677,678],"class_list":{"0":"post-147337","1":"product","2":"type-product","3":"status-publish","4":"has-post-thumbnail","6":"product_cat-escritorios-y-mesas","7":"product_cat-todo-es","8":"product_tag-austria-es","9":"product_tag-belgium-es","10":"product_tag-germany-es","11":"product_tag-hiya-es","12":"product_tag-hiyaidea-es","13":"product_tag-hungary-es","14":"product_tag-italy-es","15":"product_tag-luxembourg-es","16":"product_tag-netherlands-es","17":"product_tag-poland-es","18":"product_tag-portugal-es","19":"product_tag-spain-es","20":"product_tag-tables-es","22":"first","23":"instock","24":"taxable","25":"shipping-taxable","26":"purchasable","27":"product-type-simple"},"gallery_images":[20372,199347],"_links":{"self":[{"href":"https:\/\/shoppingb2b.haworth.com\/es\/wp-json\/wp\/v2\/product\/147337","targetHints":{"allow":["GET"]}}],"collection":[{"href":"https:\/\/shoppingb2b.haworth.com\/es\/wp-json\/wp\/v2\/product"}],"about":[{"href":"https:\/\/shoppingb2b.haworth.com\/es\/wp-json\/wp\/v2\/types\/product"}],"wp:featuredmedia":[{"embeddable":true,"href":"https:\/\/shoppingb2b.haworth.com\/es\/wp-json\/wp\/v2\/media\/20367"}],"wp:attachment":[{"href":"https:\/\/shoppingb2b.haworth.com\/es\/wp-json\/wp\/v2\/media?parent=147337"}],"wp:term":[{"taxonomy":"product_brand","embeddable":true,"href":"https:\/\/shoppingb2b.haworth.com\/es\/wp-json\/wp\/v2\/product_brand?post=147337"},{"taxonomy":"product_cat","embeddable":true,"href":"https:\/\/shoppingb2b.haworth.com\/es\/wp-json\/wp\/v2\/product_cat?post=147337"},{"taxonomy":"product_tag","embeddable":true,"href":"https:\/\/shoppingb2b.haworth.com\/es\/wp-json\/wp\/v2\/product_tag?post=147337"}],"curies":[{"name":"wp","href":"https:\/\/api.w.org\/{rel}","templated":true}]}}