{"id":15743,"date":"2020-08-25T15:14:10","date_gmt":"2020-08-25T14:14:10","guid":{"rendered":"https:\/\/shopping.haworth.com\/product\/pip\/"},"modified":"2021-04-01T09:05:22","modified_gmt":"2021-04-01T08:05:22","slug":"es-pip","status":"publish","type":"product","link":"https:\/\/shoppingb2b.haworth.com\/es\/producto\/es-pip\/","title":{"rendered":"Pip"},"content":{"rendered":"<div class=\"row\"  id=\"row-1435951488\">\n\n\t<div id=\"col-1723557272\" class=\"col medium-6 small-12 large-6\"  >\n\t\t<div class=\"col-inner\"  >\n\t\t\t\n\t\t\t\n<h2>Pip<\/h2>\n<h5>Por Patricia Urquiola<\/h5>\n<h5>La mesa para ordenador port\u00e1til Pip contribuye a crear un ambiente c\u00e1lido, aportando una caracter\u00edstica ligera pero funcional al espacio de trabajo.<\/h5>\n<h5>Pip es una mesa independiente y ligera que puedes colocar donde necesites.<\/h5>\n<h5>Liviana y de f\u00e1cil manejor, Pip es tan eficiente como t\u00fa. Sus l\u00edneas estilizadas y su calido dise\u00f1o permiten que se adapte a cualquier lugar, complementando el entorno y agregando un espacio de trabajo personal funcional.<\/h5>\n\t\t<\/div>\n\t\t\t<\/div>\n\n\t\n\n\t<div id=\"col-1616536982\" class=\"col medium-6 small-12 large-6\"  >\n\t\t<div class=\"col-inner\"  >\n\t\t\t\n\t\t\t\n\t<div class=\"img has-hover x md-x lg-x y md-y lg-y\" id=\"image_1813750881\">\n\t\t\t\t\t\t\t\t<div class=\"img-inner dark\" >\n\t\t\t<img loading=\"lazy\" decoding=\"async\" width=\"800\" height=\"800\" src=\"https:\/\/shoppingb2b.haworth.com\/wp-content\/uploads\/2020\/08\/PIP-LOW-TABLE_01-800x800.png\" class=\"attachment-large size-large\" alt=\"\" srcset=\"https:\/\/shoppingb2b.haworth.com\/wp-content\/uploads\/2020\/08\/PIP-LOW-TABLE_01-800x800.png 800w, https:\/\/shoppingb2b.haworth.com\/wp-content\/uploads\/2020\/08\/PIP-LOW-TABLE_01-400x400.png 400w, https:\/\/shoppingb2b.haworth.com\/wp-content\/uploads\/2020\/08\/PIP-LOW-TABLE_01-280x280.png 280w, https:\/\/shoppingb2b.haworth.com\/wp-content\/uploads\/2020\/08\/PIP-LOW-TABLE_01-768x768.png 768w, https:\/\/shoppingb2b.haworth.com\/wp-content\/uploads\/2020\/08\/PIP-LOW-TABLE_01-247x247.png 247w, https:\/\/shoppingb2b.haworth.com\/wp-content\/uploads\/2020\/08\/PIP-LOW-TABLE_01-512x512.png 512w, https:\/\/shoppingb2b.haworth.com\/wp-content\/uploads\/2020\/08\/PIP-LOW-TABLE_01.png 1000w\" sizes=\"auto, (max-width: 800px) 100vw, 800px\" \/>\t\t\t\t\t\t\n\t\t\t\t\t<\/div>\n\t\t\t\t\t\t\t\t\n<style>\n#image_1813750881 {\n  width: 100%;\n}\n<\/style>\n\t<\/div>\n\t\n\t\t<\/div>\n\t\t\t<\/div>\n\n\t\n<\/div>\n","protected":false},"excerpt":{"rendered":"<p style=\"text-align: center;\">Espacio de trabajo personal: en cualquier sitio en que lo necesites.<\/p>\n","protected":false},"featured_media":15744,"template":"","meta":[],"product_brand":[],"product_cat":[98,648],"product_tag":[666,667,685,649,671,672,673,674,705,706,675,676,677,678],"class_list":{"0":"post-15743","1":"product","2":"type-product","3":"status-publish","4":"has-post-thumbnail","6":"product_cat-escritorios-y-mesas","7":"product_cat-todo-es","8":"product_tag-austria-es","9":"product_tag-belgium-es","10":"product_tag-desk-es","11":"product_tag-germany-es","12":"product_tag-hungary-es","13":"product_tag-italy-es","14":"product_tag-luxembourg-es","15":"product_tag-netherlands-es","16":"product_tag-pip-es","17":"product_tag-pipidea-es","18":"product_tag-poland-es","19":"product_tag-portugal-es","20":"product_tag-spain-es","21":"product_tag-tables-es","23":"first","24":"instock","25":"taxable","26":"shipping-taxable","27":"product-type-simple"},"gallery_images":[15745,15746,15747],"_links":{"self":[{"href":"https:\/\/shoppingb2b.haworth.com\/es\/wp-json\/wp\/v2\/product\/15743","targetHints":{"allow":["GET"]}}],"collection":[{"href":"https:\/\/shoppingb2b.haworth.com\/es\/wp-json\/wp\/v2\/product"}],"about":[{"href":"https:\/\/shoppingb2b.haworth.com\/es\/wp-json\/wp\/v2\/types\/product"}],"wp:featuredmedia":[{"embeddable":true,"href":"https:\/\/shoppingb2b.haworth.com\/es\/wp-json\/wp\/v2\/media\/15744"}],"wp:attachment":[{"href":"https:\/\/shoppingb2b.haworth.com\/es\/wp-json\/wp\/v2\/media?parent=15743"}],"wp:term":[{"taxonomy":"product_brand","embeddable":true,"href":"https:\/\/shoppingb2b.haworth.com\/es\/wp-json\/wp\/v2\/product_brand?post=15743"},{"taxonomy":"product_cat","embeddable":true,"href":"https:\/\/shoppingb2b.haworth.com\/es\/wp-json\/wp\/v2\/product_cat?post=15743"},{"taxonomy":"product_tag","embeddable":true,"href":"https:\/\/shoppingb2b.haworth.com\/es\/wp-json\/wp\/v2\/product_tag?post=15743"}],"curies":[{"name":"wp","href":"https:\/\/api.w.org\/{rel}","templated":true}]}}