{"id":15761,"date":"2020-08-25T15:14:03","date_gmt":"2020-08-25T14:14:03","guid":{"rendered":"https:\/\/shopping.haworth.com\/product\/nia\/"},"modified":"2021-04-01T09:05:29","modified_gmt":"2021-04-01T08:05:29","slug":"es-nia","status":"publish","type":"product","link":"https:\/\/shoppingb2b.haworth.com\/es\/producto\/es-nia\/","title":{"rendered":"Nia"},"content":{"rendered":"<div class=\"row\"  id=\"row-284553280\">\n\n\t<div id=\"col-1300149437\" class=\"col medium-6 small-12 large-6\"  >\n\t\t<div class=\"col-inner\"  >\n\t\t\t\n\t\t\t\n<h2>Nia<\/h2>\n<div class=\"pdp-tabs-overview__description\">\n<p>El espacio de trabajo ideal para el trabajador del conocimiento del ma\u00f1ana ha de proporcionar soporte donde se necesita y libertad donde se desea. Dise\u00f1ada para proporcionar soporte a la actividad durante la jornada laboral, Nia ofrece la gran comodidad de una silla lounge con la ingenier\u00eda precisa de una silla de trabajo de alto rendimiento: combina comodidad, rendimiento y est\u00e9tica en un solo producto. Su estilizado dise\u00f1o oculta un mecanismo inteligente que, seg\u00fan han demostrado numerosas pruebas, proporciona una comodidad notable independientemente de c\u00f3mo se siente.<\/p>\n<p>El mundo del trabajo cambia constantemente<br \/>\nLos espacios de oficina se han vuelto cada vez m\u00e1s vers\u00e1tiles para adaptarse a diferentes tareas y comportamientos de la fuerza laboral cambiante. Las pr\u00e1cticas de trabajo flexibles han aumentado el n\u00famero y la variedad de espacios de trabajo no asignados y han agregado complejidad al dise\u00f1o del espacio de trabajo.<\/p>\n<p>Trabajo tradicional vs trabajo \u00e1gil<br \/>\nLos trabajadores \u00e1giles no quieren invertir tiempo en ajustar una silla de trabajo en la que solo pasan unas pocas horas. El espacio de trabajo ideal para el trabajador del conocimiento del ma\u00f1ana brinda soporte donde se necesita y libertad donde se desea.<\/p>\n<p>Nia. La primera silla Active Seating<br \/>\nNia est\u00e1 dise\u00f1ada para combinar el estilo y la comodidad de una silla lounge con el rendimiento de una silla de trabajo, creando una soluci\u00f3n para muchos entornos de trabajo diferentes, desde salas de reuniones \/ conferencias, a \u00e1reas de trabajo de concentraci\u00f3n o a zonas de colaboraci\u00f3n.<\/p>\n<\/div>\n\t\t<\/div>\n\t\t\t<\/div>\n\n\t\n\n\t<div id=\"col-2000502504\" class=\"col medium-6 small-12 large-6\"  >\n\t\t<div class=\"col-inner\"  >\n\t\t\t\n\t\t\t\n\t<div class=\"img has-hover x md-x lg-x y md-y lg-y\" id=\"image_1184268496\">\n\t\t\t\t\t\t\t\t<div class=\"img-inner dark\" >\n\t\t\t<img loading=\"lazy\" decoding=\"async\" width=\"800\" height=\"800\" src=\"https:\/\/shoppingb2b.haworth.com\/wp-content\/uploads\/2021\/03\/MK-R20-0012-HAWORTH-STORE-WAVE-1_NIA-BROWN_00-800x800.png\" class=\"attachment-large size-large\" alt=\"\" srcset=\"https:\/\/shoppingb2b.haworth.com\/wp-content\/uploads\/2021\/03\/MK-R20-0012-HAWORTH-STORE-WAVE-1_NIA-BROWN_00-800x800.png 800w, https:\/\/shoppingb2b.haworth.com\/wp-content\/uploads\/2021\/03\/MK-R20-0012-HAWORTH-STORE-WAVE-1_NIA-BROWN_00-400x400.png 400w, https:\/\/shoppingb2b.haworth.com\/wp-content\/uploads\/2021\/03\/MK-R20-0012-HAWORTH-STORE-WAVE-1_NIA-BROWN_00-280x280.png 280w, https:\/\/shoppingb2b.haworth.com\/wp-content\/uploads\/2021\/03\/MK-R20-0012-HAWORTH-STORE-WAVE-1_NIA-BROWN_00-768x768.png 768w, https:\/\/shoppingb2b.haworth.com\/wp-content\/uploads\/2021\/03\/MK-R20-0012-HAWORTH-STORE-WAVE-1_NIA-BROWN_00-1536x1536.png 1536w, https:\/\/shoppingb2b.haworth.com\/wp-content\/uploads\/2021\/03\/MK-R20-0012-HAWORTH-STORE-WAVE-1_NIA-BROWN_00-247x247.png 247w, https:\/\/shoppingb2b.haworth.com\/wp-content\/uploads\/2021\/03\/MK-R20-0012-HAWORTH-STORE-WAVE-1_NIA-BROWN_00-1024x1024.png 1024w, https:\/\/shoppingb2b.haworth.com\/wp-content\/uploads\/2021\/03\/MK-R20-0012-HAWORTH-STORE-WAVE-1_NIA-BROWN_00-512x512.png 512w, https:\/\/shoppingb2b.haworth.com\/wp-content\/uploads\/2021\/03\/MK-R20-0012-HAWORTH-STORE-WAVE-1_NIA-BROWN_00.png 2000w\" sizes=\"auto, (max-width: 800px) 100vw, 800px\" \/>\t\t\t\t\t\t\n\t\t\t\t\t<\/div>\n\t\t\t\t\t\t\t\t\n<style>\n#image_1184268496 {\n  width: 100%;\n}\n<\/style>\n\t<\/div>\n\t\n\t\t<\/div>\n\t\t\t<\/div>\n\n\t\n<\/div>\n<div class=\"accordion\" rel=\"\">\n<div class=\"accordion-item\"><a href=\"#\" class=\"accordion-title plain\"><button class=\"toggle\"><i class=\"icon-angle-down\"><\/i><\/button><span>Caracter\u00edsticas<\/span><\/a><div class=\"accordion-inner\">\n<ul>\n<li>Libertad seg\u00fan se desee, soporte seg\u00fan sea necesario<\/li>\n<li>Ajuste sencillo e intuitivo<\/li>\n<li>Mecanismo patentado inteligente y \u00fanico<\/li>\n<li>Admite una amplia variedad de posturas<\/li>\n<li>Se adapta a una extensa gama de entornos de trabajo<\/li>\n<\/ul>\n<p>&nbsp;<\/div><\/div>\n<\/div>\n<div class=\"is-divider divider clearfix\" style=\"max-width:0px;height:80px;\"><\/div>\n<div class=\"video video-fit mb box-shadow-4\" style=\"padding-top:56.25%;\"><p><iframe loading=\"lazy\" title=\"Meet Nia\" src=\"https:\/\/player.vimeo.com\/video\/358088110?dnt=1&amp;app_id=122963\" width=\"1020\" height=\"574\" frameborder=\"0\" allow=\"autoplay; fullscreen; picture-in-picture\" allowfullscreen><\/iframe><\/p>\n<\/div>\n","protected":false},"excerpt":{"rendered":"<p style=\"text-align: center;\">Las sillas de trabajo tradicionales contrastan con la cada vez m\u00e1s residencial est\u00e9tica del espacio de trabajo. Nia, con su estilizado perfil tapizado y sus mecanismos ocultos, encaja en esta tendencia sin comprometer el rendimiento.<\/p>\n","protected":false},"featured_media":15762,"template":"","meta":[],"product_brand":[],"product_cat":[95,648],"product_tag":[666,667,649,671,977,672,673,674,650,651,675,676,677],"class_list":{"0":"post-15761","1":"product","2":"type-product","3":"status-publish","4":"has-post-thumbnail","6":"product_cat-sillas","7":"product_cat-todo-es","8":"product_tag-austria-es","9":"product_tag-belgium-es","10":"product_tag-germany-es","11":"product_tag-hungary-es","12":"product_tag-ireland-es","13":"product_tag-italy-es","14":"product_tag-luxembourg-es","15":"product_tag-netherlands-es","16":"product_tag-nia-es","17":"product_tag-niaidea-es","18":"product_tag-poland-es","19":"product_tag-portugal-es","20":"product_tag-spain-es","22":"first","23":"instock","24":"taxable","25":"shipping-taxable","26":"purchasable","27":"product-type-simple"},"gallery_images":[15763,15764],"_links":{"self":[{"href":"https:\/\/shoppingb2b.haworth.com\/es\/wp-json\/wp\/v2\/product\/15761","targetHints":{"allow":["GET"]}}],"collection":[{"href":"https:\/\/shoppingb2b.haworth.com\/es\/wp-json\/wp\/v2\/product"}],"about":[{"href":"https:\/\/shoppingb2b.haworth.com\/es\/wp-json\/wp\/v2\/types\/product"}],"wp:featuredmedia":[{"embeddable":true,"href":"https:\/\/shoppingb2b.haworth.com\/es\/wp-json\/wp\/v2\/media\/15762"}],"wp:attachment":[{"href":"https:\/\/shoppingb2b.haworth.com\/es\/wp-json\/wp\/v2\/media?parent=15761"}],"wp:term":[{"taxonomy":"product_brand","embeddable":true,"href":"https:\/\/shoppingb2b.haworth.com\/es\/wp-json\/wp\/v2\/product_brand?post=15761"},{"taxonomy":"product_cat","embeddable":true,"href":"https:\/\/shoppingb2b.haworth.com\/es\/wp-json\/wp\/v2\/product_cat?post=15761"},{"taxonomy":"product_tag","embeddable":true,"href":"https:\/\/shoppingb2b.haworth.com\/es\/wp-json\/wp\/v2\/product_tag?post=15761"}],"curies":[{"name":"wp","href":"https:\/\/api.w.org\/{rel}","templated":true}]}}