{"id":15799,"date":"2020-08-25T15:13:48","date_gmt":"2020-08-25T14:13:48","guid":{"rendered":"https:\/\/shopping.haworth.com\/product\/zody-2\/"},"modified":"2021-04-01T09:05:38","modified_gmt":"2021-04-01T08:05:38","slug":"es-zody-2","status":"publish","type":"product","link":"https:\/\/shoppingb2b.haworth.com\/es\/producto\/es-zody-2\/","title":{"rendered":"Zody"},"content":{"rendered":"<div class=\"row\"  id=\"row-1621789140\">\n\n\t<div id=\"col-1615068051\" class=\"col medium-6 small-12 large-6\"  >\n\t\t<div class=\"col-inner\"  >\n\t\t\t\n\t\t\t\n<h2>Sostenibilidad excepcional<\/h2>\n<p>Certificada GREENGUARD Gold y BIFMA level TM 3, Zody est\u00e1 fabricada con un 42 % de contenido reciclado y, al final de su vida \u00fatil, se desmonta f\u00e1cilmente y es reciclable en un 93%.<\/p>\n<h2>Est\u00e9tica Global<\/h2>\n<p>ITO Design y Haworth Design Studio trabajaron conjuntamente en el dise\u00f1o de Zody, bas\u00e1ndose en el estudio cient\u00edfico del cuerpo humano.<\/p>\n<p>M\u00e1s de tres millones de sillas Zody se utilizan en la actualidad globalmente, prueba del enfoque del equipo en la creaci\u00f3n de una silla que se adapte a usuarios de todo el mundo.<\/p>\n<p>Su est\u00e9tica ligera y sus numerosas opciones de acabados, disponibles en una variedad de colores, aseguran que Zody puede encajar en cualquier entorno.<\/p>\n<h2>Ergonom\u00eda avanzada<\/h2>\n<p>Zody cuenta con un soporte p\u00e9lvico y lumbar asim\u00e9trico (PAL) patentado que permite a los usuarios configurar su propia comodidad a lo largo del d\u00eda.<\/p>\n<p>El soporte p\u00e9lvico y el soporte lumbar, ajustable en altura y, de forma independiente para la zona izquierda y derecha de la regi\u00f3n lumbar, en profundidad, contribuyen a que la columna vertebral adpote la forma natural de doble S.<\/p>\n<p>Este sistema \u00fanico, adem\u00e1s de una serie de ajustes ergon\u00f3micos adicionales como el bastidor de respaldo flexible o el respaldo en malla, maximizan la comodidad y el bienestar del usuario.<\/p>\n\t\t<\/div>\n\t\t\t<\/div>\n\n\t\n\n\t<div id=\"col-1590353149\" class=\"col medium-6 small-12 large-6\"  >\n\t\t<div class=\"col-inner\"  >\n\t\t\t\n\t\t\t\n\t<div class=\"img has-hover x md-x lg-x y md-y lg-y\" id=\"image_1514645898\">\n\t\t\t\t\t\t\t\t<div class=\"img-inner dark\" >\n\t\t\t<img loading=\"lazy\" decoding=\"async\" width=\"800\" height=\"800\" src=\"https:\/\/shoppingb2b.haworth.com\/wp-content\/uploads\/2020\/04\/ZODY_02AP_Back-800x800.png\" class=\"attachment-large size-large\" alt=\"\" srcset=\"https:\/\/shoppingb2b.haworth.com\/wp-content\/uploads\/2020\/04\/ZODY_02AP_Back-800x800.png 800w, https:\/\/shoppingb2b.haworth.com\/wp-content\/uploads\/2020\/04\/ZODY_02AP_Back-247x247.png 247w, https:\/\/shoppingb2b.haworth.com\/wp-content\/uploads\/2020\/04\/ZODY_02AP_Back-512x512.png 512w, https:\/\/shoppingb2b.haworth.com\/wp-content\/uploads\/2020\/04\/ZODY_02AP_Back-507x507.png 507w, https:\/\/shoppingb2b.haworth.com\/wp-content\/uploads\/2020\/04\/ZODY_02AP_Back-400x400.png 400w, https:\/\/shoppingb2b.haworth.com\/wp-content\/uploads\/2020\/04\/ZODY_02AP_Back-280x280.png 280w, https:\/\/shoppingb2b.haworth.com\/wp-content\/uploads\/2020\/04\/ZODY_02AP_Back-768x768.png 768w, https:\/\/shoppingb2b.haworth.com\/wp-content\/uploads\/2020\/04\/ZODY_02AP_Back.png 1000w\" sizes=\"auto, (max-width: 800px) 100vw, 800px\" \/>\t\t\t\t\t\t\n\t\t\t\t\t<\/div>\n\t\t\t\t\t\t\t\t\n<style>\n#image_1514645898 {\n  width: 100%;\n}\n<\/style>\n\t<\/div>\n\t\n\t\t<\/div>\n\t\t\t<\/div>\n\n\t\n<\/div>\n<div class=\"is-divider divider clearfix\" style=\"max-width:0px;height:80px;\"><\/div>\n<div class=\"video video-fit mb box-shadow-4\" style=\"padding-top:56.25%;\"><p><iframe loading=\"lazy\" title=\"Zody Adjustment Video\" src=\"https:\/\/player.vimeo.com\/video\/424028939?dnt=1&amp;app_id=122963\" width=\"1020\" height=\"574\" frameborder=\"0\" allow=\"autoplay; fullscreen; picture-in-picture\" allowfullscreen><\/iframe><\/p>\n<\/div>\n","protected":false},"excerpt":{"rendered":"<p style=\"text-align: center;\">Zody es una silla de alto rendimiento que combina el bienestar y la comodidad con la sosteniblidad y el dise\u00f1o.<br \/>\nPor ITO Design y Michael Welsh<\/p>\n","protected":false},"featured_media":15800,"template":"","meta":[],"product_brand":[],"product_cat":[1056,95,648],"product_tag":[666,667,973,649,671,700,977,672,673,674,675,676,112,677,690,717],"class_list":{"0":"post-15799","1":"product","2":"type-product","3":"status-publish","4":"has-post-thumbnail","6":"product_cat-black-friday-es","7":"product_cat-sillas","8":"product_cat-todo-es","9":"product_tag-austria-es","10":"product_tag-belgium-es","11":"product_tag-bulgaria-es","12":"product_tag-germany-es","13":"product_tag-hungary-es","14":"product_tag-intuityidea-es","15":"product_tag-ireland-es","16":"product_tag-italy-es","17":"product_tag-luxembourg-es","18":"product_tag-netherlands-es","19":"product_tag-poland-es","20":"product_tag-portugal-es","21":"product_tag-silla-de-escritorio","22":"product_tag-spain-es","23":"product_tag-tibasidea-es","24":"product_tag-zody-es","26":"first","27":"instock","28":"taxable","29":"shipping-taxable","30":"product-type-simple"},"gallery_images":[1187,15801],"_links":{"self":[{"href":"https:\/\/shoppingb2b.haworth.com\/es\/wp-json\/wp\/v2\/product\/15799","targetHints":{"allow":["GET"]}}],"collection":[{"href":"https:\/\/shoppingb2b.haworth.com\/es\/wp-json\/wp\/v2\/product"}],"about":[{"href":"https:\/\/shoppingb2b.haworth.com\/es\/wp-json\/wp\/v2\/types\/product"}],"wp:featuredmedia":[{"embeddable":true,"href":"https:\/\/shoppingb2b.haworth.com\/es\/wp-json\/wp\/v2\/media\/15800"}],"wp:attachment":[{"href":"https:\/\/shoppingb2b.haworth.com\/es\/wp-json\/wp\/v2\/media?parent=15799"}],"wp:term":[{"taxonomy":"product_brand","embeddable":true,"href":"https:\/\/shoppingb2b.haworth.com\/es\/wp-json\/wp\/v2\/product_brand?post=15799"},{"taxonomy":"product_cat","embeddable":true,"href":"https:\/\/shoppingb2b.haworth.com\/es\/wp-json\/wp\/v2\/product_cat?post=15799"},{"taxonomy":"product_tag","embeddable":true,"href":"https:\/\/shoppingb2b.haworth.com\/es\/wp-json\/wp\/v2\/product_tag?post=15799"}],"curies":[{"name":"wp","href":"https:\/\/api.w.org\/{rel}","templated":true}]}}