{"id":15805,"date":"2020-06-05T01:23:59","date_gmt":"2020-06-05T00:23:59","guid":{"rendered":"https:\/\/shopping.haworth.com\/product\/power-module\/"},"modified":"2021-04-01T09:05:42","modified_gmt":"2021-04-01T08:05:42","slug":"es-modulo-de-electrificacion-bachmann","status":"publish","type":"product","link":"https:\/\/shoppingb2b.haworth.com\/es\/producto\/es-modulo-de-electrificacion-bachmann\/","title":{"rendered":"M\u00f3dulo de electrificaci\u00f3n Bachmann"},"content":{"rendered":"<h1 class=\"text\">El dise\u00f1o y la tecnolog\u00eda se encuentran<\/h1>\n<p>DESK 2 ALU BLACK es un m\u00f3dulo de enchufes que proporciona soporte a diferentes necesidades.<\/p>\n<p>El aspecto est\u00e9ticamente agradable de dos colores del producto se debe a una combinaci\u00f3n de aluminio y tapas de extremo hechas de pl\u00e1stico negro. Al igual que con su producto hermano DESK 2, DESK 2 ALU BLACK tambi\u00e9n se fija a muebles con soportes de montaje en una configuraci\u00f3n que ahorra espacio.<\/p>\n","protected":false},"excerpt":{"rendered":"<p style=\"text-align: center;\">2 tomas de enchufes, 2 cargadores USB y cable de alimentaci\u00f3n de 3 metros<\/p>\n<div class=\"row pb-3\">\n<div class=\"col-md-6 col-sm-6 no-padding\">\n<div class=\"headline\"><\/div>\n<\/div>\n<\/div>\n<div class=\"col-md-4 col-sm-6 col-lg col-12\">\n<div class=\"row\">\n<div class=\"col-md-9 col-sm-10 col-10\">\n<p class=\"circles\">\n<\/div>\n<\/div>\n<\/div>\n","protected":false},"featured_media":15807,"template":"","meta":[],"product_brand":[],"product_cat":[697,648],"product_tag":[666,685,649,671,672,673,674,113,675,676,720,677],"class_list":{"0":"post-15805","1":"product","2":"type-product","3":"status-publish","4":"has-post-thumbnail","6":"product_cat-accesorios-e-iluminacion-es","7":"product_cat-todo-es","8":"product_tag-austria-es","9":"product_tag-desk-es","10":"product_tag-germany-es","11":"product_tag-hungary-es","12":"product_tag-italy-es","13":"product_tag-luxembourg-es","14":"product_tag-netherlands-es","15":"product_tag-oficina-del-hogar","16":"product_tag-poland-es","17":"product_tag-portugal-es","18":"product_tag-power-module-es","19":"product_tag-spain-es","21":"first","22":"instock","23":"taxable","24":"shipping-taxable","25":"product-type-simple"},"gallery_images":[],"_links":{"self":[{"href":"https:\/\/shoppingb2b.haworth.com\/es\/wp-json\/wp\/v2\/product\/15805","targetHints":{"allow":["GET"]}}],"collection":[{"href":"https:\/\/shoppingb2b.haworth.com\/es\/wp-json\/wp\/v2\/product"}],"about":[{"href":"https:\/\/shoppingb2b.haworth.com\/es\/wp-json\/wp\/v2\/types\/product"}],"wp:featuredmedia":[{"embeddable":true,"href":"https:\/\/shoppingb2b.haworth.com\/es\/wp-json\/wp\/v2\/media\/15807"}],"wp:attachment":[{"href":"https:\/\/shoppingb2b.haworth.com\/es\/wp-json\/wp\/v2\/media?parent=15805"}],"wp:term":[{"taxonomy":"product_brand","embeddable":true,"href":"https:\/\/shoppingb2b.haworth.com\/es\/wp-json\/wp\/v2\/product_brand?post=15805"},{"taxonomy":"product_cat","embeddable":true,"href":"https:\/\/shoppingb2b.haworth.com\/es\/wp-json\/wp\/v2\/product_cat?post=15805"},{"taxonomy":"product_tag","embeddable":true,"href":"https:\/\/shoppingb2b.haworth.com\/es\/wp-json\/wp\/v2\/product_tag?post=15805"}],"curies":[{"name":"wp","href":"https:\/\/api.w.org\/{rel}","templated":true}]}}