{"id":15817,"date":"2020-06-04T22:17:32","date_gmt":"2020-06-04T21:17:32","guid":{"rendered":"https:\/\/shopping.haworth.com\/product\/adapt-monitor-arm-dual\/"},"modified":"2021-04-01T09:05:48","modified_gmt":"2021-04-01T08:05:48","slug":"es-soporte-de-monitor-doble-adapt","status":"publish","type":"product","link":"https:\/\/shoppingb2b.haworth.com\/es\/producto\/es-soporte-de-monitor-doble-adapt\/","title":{"rendered":"Soporte de monitor doble Adapt"},"content":{"rendered":"<div>Los soportes de monitor son la forma m\u00e1s ergon\u00f3mica de garantizar que tu pantalla est\u00e9 siempre a la altura y en el \u00e1ngulo correctos para ti, tanto si est\u00e1s de pie como sentado.<\/div>\n<div><\/div>\n<div>Nuestros brazos y soportes para monitor se pueden adaptar f\u00e1cilmente para satisfacer tus necesidades individuales, ayud\u00e1ndote a trabajar de forma c\u00f3moda y productiva .<\/div>\n","protected":false},"excerpt":{"rendered":"<p style=\"text-align: center;\">Soporte de monitor para fijaci\u00f3n de una pantalla a una mesa de trabajo; ampliamente ajustable<\/p>\n","protected":false},"featured_media":15818,"template":"","meta":[],"product_brand":[],"product_cat":[697,648],"product_tag":[723,666,667,685,649,671,672,673,724,674,113,675,676,677],"class_list":{"0":"post-15817","1":"product","2":"type-product","3":"status-publish","4":"has-post-thumbnail","6":"product_cat-accesorios-e-iluminacion-es","7":"product_cat-todo-es","8":"product_tag-adapt-es","9":"product_tag-austria-es","10":"product_tag-belgium-es","11":"product_tag-desk-es","12":"product_tag-germany-es","13":"product_tag-hungary-es","14":"product_tag-italy-es","15":"product_tag-luxembourg-es","16":"product_tag-monitor-arm-es","17":"product_tag-netherlands-es","18":"product_tag-oficina-del-hogar","19":"product_tag-poland-es","20":"product_tag-portugal-es","21":"product_tag-spain-es","23":"first","24":"instock","25":"taxable","26":"shipping-taxable","27":"product-type-simple"},"gallery_images":[15819],"_links":{"self":[{"href":"https:\/\/shoppingb2b.haworth.com\/es\/wp-json\/wp\/v2\/product\/15817","targetHints":{"allow":["GET"]}}],"collection":[{"href":"https:\/\/shoppingb2b.haworth.com\/es\/wp-json\/wp\/v2\/product"}],"about":[{"href":"https:\/\/shoppingb2b.haworth.com\/es\/wp-json\/wp\/v2\/types\/product"}],"wp:featuredmedia":[{"embeddable":true,"href":"https:\/\/shoppingb2b.haworth.com\/es\/wp-json\/wp\/v2\/media\/15818"}],"wp:attachment":[{"href":"https:\/\/shoppingb2b.haworth.com\/es\/wp-json\/wp\/v2\/media?parent=15817"}],"wp:term":[{"taxonomy":"product_brand","embeddable":true,"href":"https:\/\/shoppingb2b.haworth.com\/es\/wp-json\/wp\/v2\/product_brand?post=15817"},{"taxonomy":"product_cat","embeddable":true,"href":"https:\/\/shoppingb2b.haworth.com\/es\/wp-json\/wp\/v2\/product_cat?post=15817"},{"taxonomy":"product_tag","embeddable":true,"href":"https:\/\/shoppingb2b.haworth.com\/es\/wp-json\/wp\/v2\/product_tag?post=15817"}],"curies":[{"name":"wp","href":"https:\/\/api.w.org\/{rel}","templated":true}]}}