{"id":15825,"date":"2020-04-30T15:12:05","date_gmt":"2020-04-30T14:12:05","guid":{"rendered":"https:\/\/shopping.haworth.com\/product\/eddy\/"},"modified":"2021-04-01T09:06:03","modified_gmt":"2021-04-01T08:06:03","slug":"es-eddy","status":"publish","type":"product","link":"https:\/\/shoppingb2b.haworth.com\/es\/producto\/es-eddy\/","title":{"rendered":"Eddy"},"content":{"rendered":"<div class=\"row\"  id=\"row-1525097712\">\n\n\t<div id=\"col-691072345\" class=\"col medium-6 small-12 large-6\"  >\n\t\t<div class=\"col-inner\"  >\n\t\t\t\n\t\t\t\n<p>DISE\u00d1ADA POR JOHANNES TORPE<\/p>\n<h2>Vers\u00e1til<\/h2>\n<p>Gracias a sus ruedas, es f\u00e1cil de mover y configurar y te proporciona una mini estaci\u00f3n de trabajo ajustable siempre que la necesites.<\/p>\n<h2>Eficiente<\/h2>\n<p>Eddy favorece la energ\u00eda, la creatividad y la conectividad en el espacio de trabajo &#8230; o en cualquier lugar.<\/p>\n<h2>M\u00f3vil<\/h2>\n<p>Eddy te permite desplazarte y trabajar donde seas m\u00e1s eficaz.<\/p>\n\t\t<\/div>\n\t\t\t<\/div>\n\n\t\n\n\t<div id=\"col-152344823\" class=\"col medium-6 small-12 large-6\"  >\n\t\t<div class=\"col-inner\"  >\n\t\t\t\n\t\t\t\n\t<div class=\"img has-hover x md-x lg-x y md-y lg-y\" id=\"image_713078138\">\n\t\t\t\t\t\t\t\t<div class=\"img-inner dark\" >\n\t\t\t<img loading=\"lazy\" decoding=\"async\" width=\"750\" height=\"775\" src=\"https:\/\/shoppingb2b.haworth.com\/wp-content\/uploads\/2020\/04\/eddy_accessory_body_01.jpg\" class=\"attachment-large size-large\" alt=\"\" srcset=\"https:\/\/shoppingb2b.haworth.com\/wp-content\/uploads\/2020\/04\/eddy_accessory_body_01.jpg 750w, https:\/\/shoppingb2b.haworth.com\/wp-content\/uploads\/2020\/04\/eddy_accessory_body_01-247x255.jpg 247w, https:\/\/shoppingb2b.haworth.com\/wp-content\/uploads\/2020\/04\/eddy_accessory_body_01-512x529.jpg 512w, https:\/\/shoppingb2b.haworth.com\/wp-content\/uploads\/2020\/04\/eddy_accessory_body_01-507x524.jpg 507w, https:\/\/shoppingb2b.haworth.com\/wp-content\/uploads\/2020\/04\/eddy_accessory_body_01-387x400.jpg 387w\" sizes=\"auto, (max-width: 750px) 100vw, 750px\" \/>\t\t\t\t\t\t\n\t\t\t\t\t<\/div>\n\t\t\t\t\t\t\t\t\n<style>\n#image_713078138 {\n  width: 45%;\n}\n<\/style>\n\t<\/div>\n\t\n\t\t<\/div>\n\t\t\t<\/div>\n\n\t\n<\/div>\n","protected":false},"excerpt":{"rendered":"<p style=\"text-align: center;\">Eddy es un accesorio vers\u00e1til para oficinas peque\u00f1as y espacios de reuni\u00f3n.<\/p>\n","protected":false},"featured_media":15826,"template":"","meta":[],"product_brand":[],"product_cat":[98],"product_tag":[685,727,649,110,113],"class_list":{"0":"post-15825","1":"product","2":"type-product","3":"status-publish","4":"has-post-thumbnail","6":"product_cat-escritorios-y-mesas","7":"product_tag-desk-es","8":"product_tag-eddy-es","9":"product_tag-germany-es","10":"product_tag-haworth-es","11":"product_tag-oficina-del-hogar","13":"first","14":"instock","15":"taxable","16":"shipping-taxable","17":"purchasable","18":"product-type-simple"},"gallery_images":[15827,15828,15829],"_links":{"self":[{"href":"https:\/\/shoppingb2b.haworth.com\/es\/wp-json\/wp\/v2\/product\/15825","targetHints":{"allow":["GET"]}}],"collection":[{"href":"https:\/\/shoppingb2b.haworth.com\/es\/wp-json\/wp\/v2\/product"}],"about":[{"href":"https:\/\/shoppingb2b.haworth.com\/es\/wp-json\/wp\/v2\/types\/product"}],"wp:featuredmedia":[{"embeddable":true,"href":"https:\/\/shoppingb2b.haworth.com\/es\/wp-json\/wp\/v2\/media\/15826"}],"wp:attachment":[{"href":"https:\/\/shoppingb2b.haworth.com\/es\/wp-json\/wp\/v2\/media?parent=15825"}],"wp:term":[{"taxonomy":"product_brand","embeddable":true,"href":"https:\/\/shoppingb2b.haworth.com\/es\/wp-json\/wp\/v2\/product_brand?post=15825"},{"taxonomy":"product_cat","embeddable":true,"href":"https:\/\/shoppingb2b.haworth.com\/es\/wp-json\/wp\/v2\/product_cat?post=15825"},{"taxonomy":"product_tag","embeddable":true,"href":"https:\/\/shoppingb2b.haworth.com\/es\/wp-json\/wp\/v2\/product_tag?post=15825"}],"curies":[{"name":"wp","href":"https:\/\/api.w.org\/{rel}","templated":true}]}}