{"id":15834,"date":"2020-04-20T17:23:23","date_gmt":"2020-04-20T16:23:23","guid":{"rendered":"https:\/\/shopping.haworth.com\/product\/lively\/"},"modified":"2021-04-01T09:05:55","modified_gmt":"2021-04-01T08:05:55","slug":"es-lively","status":"publish","type":"product","link":"https:\/\/shoppingb2b.haworth.com\/es\/producto\/es-lively\/","title":{"rendered":"Lively"},"content":{"rendered":"<h4 style=\"text-align: left;\">DISE\u00d1ADA POR STEVE NEMETH &amp; HAWORTH DESIGN STUDIO<\/h4>\n<h2>Ergonom\u00eda desde un enfoque cient\u00edfico<\/h2>\n<p>Ergonom\u00eda basada en la ciencia, confort y dise\u00f1o personalizados, durabilidad, regulaci\u00f3n personalizada, y amplia variedad de acabados, al alcance de todos los bolsillos.<\/p>\n<p>Asiento ajustable en altura y profundidad, tensi\u00f3n de basculaci\u00f3n autom\u00e1tica en funci\u00f3n del peso del usuario.<\/p>\n<h2>Dise\u00f1ada para ti.<\/h2>\n<div>Lively\u00a0 es m\u00e1s que una silla c\u00f3moda y bien construida. Tambi\u00e9n es un diamante en bruto.<\/div>\n<div><\/div>\n<div>Una silla dise\u00f1ada para proporcionar soporte a una amplia gama de aplicaciones, y para\u00a0 distintos grupos demogr\u00e1ficos.<\/div>\n","protected":false},"excerpt":{"rendered":"<h4 style=\"text-align: center;\">Lively aporta funcionalidades avanzadas y dise\u00f1o con una excelente relaci\u00f3n calidad \/ precio.<\/h4>\n","protected":false},"featured_media":1195,"template":"","meta":[],"product_brand":[],"product_cat":[1056,95,648],"product_tag":[666,667,649,110,671,672,111,673,674,675,676,677,732],"class_list":{"0":"post-15834","1":"product","2":"type-product","3":"status-publish","4":"has-post-thumbnail","6":"product_cat-black-friday-es","7":"product_cat-sillas","8":"product_cat-todo-es","9":"product_tag-austria-es","10":"product_tag-belgium-es","11":"product_tag-germany-es","12":"product_tag-haworth-es","13":"product_tag-hungary-es","14":"product_tag-italy-es","15":"product_tag-lively-es","16":"product_tag-luxembourg-es","17":"product_tag-netherlands-es","18":"product_tag-poland-es","19":"product_tag-portugal-es","20":"product_tag-spain-es","21":"product_tag-swivel-chair-es","23":"first","24":"outofstock","25":"taxable","26":"shipping-taxable","27":"product-type-simple"},"gallery_images":[1191],"_links":{"self":[{"href":"https:\/\/shoppingb2b.haworth.com\/es\/wp-json\/wp\/v2\/product\/15834","targetHints":{"allow":["GET"]}}],"collection":[{"href":"https:\/\/shoppingb2b.haworth.com\/es\/wp-json\/wp\/v2\/product"}],"about":[{"href":"https:\/\/shoppingb2b.haworth.com\/es\/wp-json\/wp\/v2\/types\/product"}],"wp:featuredmedia":[{"embeddable":true,"href":"https:\/\/shoppingb2b.haworth.com\/es\/wp-json\/wp\/v2\/media\/1195"}],"wp:attachment":[{"href":"https:\/\/shoppingb2b.haworth.com\/es\/wp-json\/wp\/v2\/media?parent=15834"}],"wp:term":[{"taxonomy":"product_brand","embeddable":true,"href":"https:\/\/shoppingb2b.haworth.com\/es\/wp-json\/wp\/v2\/product_brand?post=15834"},{"taxonomy":"product_cat","embeddable":true,"href":"https:\/\/shoppingb2b.haworth.com\/es\/wp-json\/wp\/v2\/product_cat?post=15834"},{"taxonomy":"product_tag","embeddable":true,"href":"https:\/\/shoppingb2b.haworth.com\/es\/wp-json\/wp\/v2\/product_tag?post=15834"}],"curies":[{"name":"wp","href":"https:\/\/api.w.org\/{rel}","templated":true}]}}