{"id":98397,"date":"2021-05-21T13:28:38","date_gmt":"2021-05-21T12:28:38","guid":{"rendered":"https:\/\/shopping.haworth.com\/product\/cappellini-bambi\/"},"modified":"2021-05-21T13:28:38","modified_gmt":"2021-05-21T12:28:38","slug":"cappellini-bambi","status":"publish","type":"product","link":"https:\/\/shoppingb2b.haworth.com\/es\/producto\/cappellini-bambi\/","title":{"rendered":"Cappellini Bambi"},"content":{"rendered":"<p>La mesa Bambi desaf\u00eda la gravedad, su nombre evoca la precaria estabilidad de las patas de un cervatillo. La idea b\u00e1sica era crear un escritorio a partir de un solo plato, doblado en diferentes direcciones.<\/p>\n<p>Su estabilidad est\u00e1 asegurada por los \u00e1ngulos opuestos de las dos patas, que se cruzan a 90 grados. El dise\u00f1o confiere al escritorio una sensaci\u00f3n de fragilidad a primera vista, mientras que en realidad es un objeto de mobiliario fuerte y bien equilibrado.<\/p>\n<p>El escritorio Bambi refleja a la perfecci\u00f3n el enfoque de dise\u00f1o japon\u00e9s de Nendo caracterizado por la combinaci\u00f3n de detalles muy sofisticados pero con la sorpresa infantil de la simplicidad.<\/p>\n","protected":false},"excerpt":{"rendered":"<p>Dise\u00f1o: Nendo<\/p>\n<p>Descripci\u00f3n del art\u00edculo: Mesa rectangular, con dimensiones ideales para un escritorio de oficina en casa, fabricada en placa de aluminio plegada cortada a l\u00e1ser con base de soporte de metal y patas en extrusi\u00f3n de metal.<\/p>\n","protected":false},"featured_media":32809,"template":"","meta":[],"product_brand":[],"product_cat":[98,648],"product_tag":[850,848,685,792,849,686],"class_list":{"0":"post-98397","1":"product","2":"type-product","3":"status-publish","4":"has-post-thumbnail","6":"product_cat-escritorios-y-mesas","7":"product_cat-todo-es","8":"product_tag-bambi-es","9":"product_tag-cappellini-es","10":"product_tag-desk-es","11":"product_tag-europe-es","12":"product_tag-inicio","13":"product_tag-table-es","15":"first","16":"instock","17":"taxable","18":"shipping-taxable","19":"purchasable","20":"product-type-simple"},"gallery_images":[32819,32814],"_links":{"self":[{"href":"https:\/\/shoppingb2b.haworth.com\/es\/wp-json\/wp\/v2\/product\/98397","targetHints":{"allow":["GET"]}}],"collection":[{"href":"https:\/\/shoppingb2b.haworth.com\/es\/wp-json\/wp\/v2\/product"}],"about":[{"href":"https:\/\/shoppingb2b.haworth.com\/es\/wp-json\/wp\/v2\/types\/product"}],"wp:featuredmedia":[{"embeddable":true,"href":"https:\/\/shoppingb2b.haworth.com\/es\/wp-json\/wp\/v2\/media\/32809"}],"wp:attachment":[{"href":"https:\/\/shoppingb2b.haworth.com\/es\/wp-json\/wp\/v2\/media?parent=98397"}],"wp:term":[{"taxonomy":"product_brand","embeddable":true,"href":"https:\/\/shoppingb2b.haworth.com\/es\/wp-json\/wp\/v2\/product_brand?post=98397"},{"taxonomy":"product_cat","embeddable":true,"href":"https:\/\/shoppingb2b.haworth.com\/es\/wp-json\/wp\/v2\/product_cat?post=98397"},{"taxonomy":"product_tag","embeddable":true,"href":"https:\/\/shoppingb2b.haworth.com\/es\/wp-json\/wp\/v2\/product_tag?post=98397"}],"curies":[{"name":"wp","href":"https:\/\/api.w.org\/{rel}","templated":true}]}}