{"id":98412,"date":"2021-05-21T13:28:38","date_gmt":"2021-05-21T12:28:38","guid":{"rendered":"https:\/\/shopping.haworth.com\/product\/cappellini-big-shadow\/"},"modified":"2021-05-21T13:28:38","modified_gmt":"2021-05-21T12:28:38","slug":"cappellini-big-shadow","status":"publish","type":"product","link":"https:\/\/shoppingb2b.haworth.com\/es\/producto\/cappellini-big-shadow\/","title":{"rendered":"Cappellini Big Shadow"},"content":{"rendered":"<p>Uno de los primeros productos de dise\u00f1o de Marcel Wanders, Big Shadow es un fiel reflejo de su lenguaje de dise\u00f1o: el uso de materiales sencillos pero con t\u00e9cnicas innovadoras en combinaci\u00f3n con estilos y arquetipos tradicionales.<\/p>\n<p>La inspiraci\u00f3n para esta l\u00e1mpara se puede encontrar en las l\u00e1mparas de mesa abat-jour, revisadas aqu\u00ed en una clave contempor\u00e1nea con la tela que cubre no solo la pantalla sino tambi\u00e9n toda la base, para crear una fuente de luz c\u00e1lida y acogedora.<\/p>\n<p>La l\u00e1mpara Big Shadow es un producto ligero e ir\u00f3nico, el manifiesto de la visi\u00f3n distintiva del dise\u00f1o de Wanders, que se centra en las relaciones entre pasado y futuro y busca dise\u00f1ar nuevos cl\u00e1sicos que superen el tiempo y las tendencias a corto plazo.<\/p>\n","protected":false},"excerpt":{"rendered":"<p>Dise\u00f1o: Marcel Wanders<\/p>\n<p>Descripci\u00f3n del art\u00edculo: L\u00e1mpara de pie con luz difusa<\/p>\n","protected":false},"featured_media":32844,"template":"","meta":[],"product_brand":[],"product_cat":[697,648],"product_tag":[698,856,792,110,849,793],"class_list":{"0":"post-98412","1":"product","2":"type-product","3":"status-publish","4":"has-post-thumbnail","6":"product_cat-accesorios-e-iluminacion-es","7":"product_cat-todo-es","8":"product_tag-accessories-es","9":"product_tag-capppellini-es","10":"product_tag-europe-es","11":"product_tag-haworth-es","12":"product_tag-inicio","13":"product_tag-lighting-es","15":"first","16":"instock","17":"taxable","18":"shipping-taxable","19":"purchasable","20":"product-type-simple"},"gallery_images":[32849,32854],"_links":{"self":[{"href":"https:\/\/shoppingb2b.haworth.com\/es\/wp-json\/wp\/v2\/product\/98412","targetHints":{"allow":["GET"]}}],"collection":[{"href":"https:\/\/shoppingb2b.haworth.com\/es\/wp-json\/wp\/v2\/product"}],"about":[{"href":"https:\/\/shoppingb2b.haworth.com\/es\/wp-json\/wp\/v2\/types\/product"}],"wp:featuredmedia":[{"embeddable":true,"href":"https:\/\/shoppingb2b.haworth.com\/es\/wp-json\/wp\/v2\/media\/32844"}],"wp:attachment":[{"href":"https:\/\/shoppingb2b.haworth.com\/es\/wp-json\/wp\/v2\/media?parent=98412"}],"wp:term":[{"taxonomy":"product_brand","embeddable":true,"href":"https:\/\/shoppingb2b.haworth.com\/es\/wp-json\/wp\/v2\/product_brand?post=98412"},{"taxonomy":"product_cat","embeddable":true,"href":"https:\/\/shoppingb2b.haworth.com\/es\/wp-json\/wp\/v2\/product_cat?post=98412"},{"taxonomy":"product_tag","embeddable":true,"href":"https:\/\/shoppingb2b.haworth.com\/es\/wp-json\/wp\/v2\/product_tag?post=98412"}],"curies":[{"name":"wp","href":"https:\/\/api.w.org\/{rel}","templated":true}]}}