{"id":98417,"date":"2021-05-21T13:28:38","date_gmt":"2021-05-21T12:28:38","guid":{"rendered":"https:\/\/shopping.haworth.com\/product\/cappellini-bong\/"},"modified":"2021-05-21T13:28:38","modified_gmt":"2021-05-21T12:28:38","slug":"cappellini-bong","status":"publish","type":"product","link":"https:\/\/shoppingb2b.haworth.com\/es\/producto\/cappellini-bong\/","title":{"rendered":"Cappellini Bong"},"content":{"rendered":"<p>Las formas favoritas de Giulio Cappellini son sencillas, pero poco comunes, y la mesa Bong representa a la perfecci\u00f3n este concepto:<\/p>\n<p>una esfera cortada en la parte superior para convertirse en una Mesa auxiliar o un asiento. Bong est\u00e1 hecho de fibra de vidrio moldeada, fabricado con un proceso patentado desarrollado por Cappellini.<\/p>\n<p>El interior de la mesa est\u00e1 completamente hueco, lo que la hace extremadamente liviana y f\u00e1cilmente transportable, y crea un bonito contraste entre el peso real y el percibido, en particular con el acabado de m\u00e1rmol blanco de Carrara que no es real, pero se obtiene con una aplicaci\u00f3n 3D particular. , llamado DipPrint\u00ae, que utiliza presi\u00f3n hidrost\u00e1tica para aplicar una decoraci\u00f3n especial en una superficie.<\/p>\n<p>Gracias a su ligereza y su dise\u00f1o sencillo y esencial, Bong es una pieza de dise\u00f1o de firma, apta para todo tipo de ambientes dom\u00e9sticos.<\/p>\n","protected":false},"excerpt":{"rendered":"<p>Dise\u00f1o: Giulio Cappellini<\/p>\n<p>Descripci\u00f3n del art\u00edculo: Mesa auxiliar<\/p>\n","protected":false},"featured_media":32870,"template":"","meta":[],"product_brand":[],"product_cat":[862],"product_tag":[864,848,863,792,110],"class_list":{"0":"post-98417","1":"product","2":"type-product","3":"status-publish","4":"has-post-thumbnail","6":"product_cat-cappellini-es","7":"product_tag-bong-es","8":"product_tag-cappellini-es","9":"product_tag-diseno","10":"product_tag-europe-es","11":"product_tag-haworth-es","13":"first","14":"instock","15":"taxable","16":"shipping-taxable","17":"purchasable","18":"product-type-simple"},"gallery_images":[32878,32883],"_links":{"self":[{"href":"https:\/\/shoppingb2b.haworth.com\/es\/wp-json\/wp\/v2\/product\/98417","targetHints":{"allow":["GET"]}}],"collection":[{"href":"https:\/\/shoppingb2b.haworth.com\/es\/wp-json\/wp\/v2\/product"}],"about":[{"href":"https:\/\/shoppingb2b.haworth.com\/es\/wp-json\/wp\/v2\/types\/product"}],"wp:featuredmedia":[{"embeddable":true,"href":"https:\/\/shoppingb2b.haworth.com\/es\/wp-json\/wp\/v2\/media\/32870"}],"wp:attachment":[{"href":"https:\/\/shoppingb2b.haworth.com\/es\/wp-json\/wp\/v2\/media?parent=98417"}],"wp:term":[{"taxonomy":"product_brand","embeddable":true,"href":"https:\/\/shoppingb2b.haworth.com\/es\/wp-json\/wp\/v2\/product_brand?post=98417"},{"taxonomy":"product_cat","embeddable":true,"href":"https:\/\/shoppingb2b.haworth.com\/es\/wp-json\/wp\/v2\/product_cat?post=98417"},{"taxonomy":"product_tag","embeddable":true,"href":"https:\/\/shoppingb2b.haworth.com\/es\/wp-json\/wp\/v2\/product_tag?post=98417"}],"curies":[{"name":"wp","href":"https:\/\/api.w.org\/{rel}","templated":true}]}}