{"id":98532,"date":"2021-05-21T13:28:38","date_gmt":"2021-05-21T12:28:38","guid":{"rendered":"https:\/\/shopping.haworth.com\/product\/cappellini-cloud\/"},"modified":"2021-05-21T13:28:38","modified_gmt":"2021-05-21T12:28:38","slug":"cappellini-cloud","status":"publish","type":"product","link":"https:\/\/shoppingb2b.haworth.com\/es\/producto\/cappellini-cloud\/","title":{"rendered":"Cappellini Cloud"},"content":{"rendered":"<p>La estanter\u00eda Cloud, con compartimentos huecos, es un elemento de decoraci\u00f3n extravagante con un toque pop y un dise\u00f1o inolvidable.<\/p>\n<p>Fabricada con tecnolog\u00eda de rotomoldeo, en polietileno blanco, Cloud es una estanter\u00eda a dos caras que aporta ligereza a cualquier ambiente, formando una configuraci\u00f3n que puede ser personalizada por el comprador:<\/p>\n<p>los m\u00f3dulos se pueden interconectar a voluntad, mediante una junta retr\u00e1ctil, para crear una estructura de colmena.<\/p>\n","protected":false},"excerpt":{"rendered":"<p>Dise\u00f1o: Ronan &amp; Erwan Bouroullec<\/p>\n<p>Librer\u00eda modular de dos caras.<\/p>\n","protected":false},"featured_media":32894,"template":"","meta":[],"product_brand":[],"product_cat":[697,648],"product_tag":[848,871,863,872],"class_list":{"0":"post-98532","1":"product","2":"type-product","3":"status-publish","4":"has-post-thumbnail","6":"product_cat-accesorios-e-iluminacion-es","7":"product_cat-todo-es","8":"product_tag-cappellini-es","9":"product_tag-cloud-es","10":"product_tag-diseno","11":"product_tag-storage-es","13":"first","14":"instock","15":"taxable","16":"shipping-taxable","17":"purchasable","18":"product-type-simple"},"gallery_images":[32899,32904],"_links":{"self":[{"href":"https:\/\/shoppingb2b.haworth.com\/es\/wp-json\/wp\/v2\/product\/98532","targetHints":{"allow":["GET"]}}],"collection":[{"href":"https:\/\/shoppingb2b.haworth.com\/es\/wp-json\/wp\/v2\/product"}],"about":[{"href":"https:\/\/shoppingb2b.haworth.com\/es\/wp-json\/wp\/v2\/types\/product"}],"wp:featuredmedia":[{"embeddable":true,"href":"https:\/\/shoppingb2b.haworth.com\/es\/wp-json\/wp\/v2\/media\/32894"}],"wp:attachment":[{"href":"https:\/\/shoppingb2b.haworth.com\/es\/wp-json\/wp\/v2\/media?parent=98532"}],"wp:term":[{"taxonomy":"product_brand","embeddable":true,"href":"https:\/\/shoppingb2b.haworth.com\/es\/wp-json\/wp\/v2\/product_brand?post=98532"},{"taxonomy":"product_cat","embeddable":true,"href":"https:\/\/shoppingb2b.haworth.com\/es\/wp-json\/wp\/v2\/product_cat?post=98532"},{"taxonomy":"product_tag","embeddable":true,"href":"https:\/\/shoppingb2b.haworth.com\/es\/wp-json\/wp\/v2\/product_tag?post=98532"}],"curies":[{"name":"wp","href":"https:\/\/api.w.org\/{rel}","templated":true}]}}