{"id":98540,"date":"2021-05-21T13:28:38","date_gmt":"2021-05-21T12:28:38","guid":{"rendered":"https:\/\/shopping.haworth.com\/product\/cappellini-fronzoni\/"},"modified":"2021-05-21T13:28:38","modified_gmt":"2021-05-21T12:28:38","slug":"cappellini-fronzoni","status":"publish","type":"product","link":"https:\/\/shoppingb2b.haworth.com\/es\/producto\/cappellini-fronzoni\/","title":{"rendered":"Cappellini Fronzoni"},"content":{"rendered":"<p>La mesa Fronzoni, dise\u00f1ada por el reconocido dise\u00f1ador italiano A.G. Fronzoni en los a\u00f1os 60, es universalmente reconocida como el manifiesto oficial del minimalismo.<\/p>\n<p>Las proporciones perfectas y el uso preciso de materiales y colores hacen de este objeto un claro ejemplo de c\u00f3mo la sencillez representa la m\u00e1xima s\u00edntesis del dise\u00f1o.<\/p>\n<p>La mesa Fronzoni es un producto sobrio y esencial, que refleja la idea de Fronzoni de que el valor de la geometr\u00eda prevalece sobre la funci\u00f3n. A.G. Fronzoni es considerado un maestro del minimalismo y un promotor de la m\u00e1xima de \u00abmenos es m\u00e1s\u00bb.<\/p>\n<p>Este es el escritorio de trabajo perfecto para los amantes del dise\u00f1o con un dise\u00f1o perfectamente limpio y esencial.<\/p>\n","protected":false},"excerpt":{"rendered":"<p>Dise\u00f1o: AG Fronzoni<\/p>\n<p>Descripci\u00f3n del art\u00edculo: Mesa rectangular con base de metal y tapa de madera.<\/p>\n","protected":false},"featured_media":32922,"template":"","meta":[],"product_brand":[],"product_cat":[98,648],"product_tag":[848,685,863,792,875,686],"class_list":{"0":"post-98540","1":"product","2":"type-product","3":"status-publish","4":"has-post-thumbnail","6":"product_cat-escritorios-y-mesas","7":"product_cat-todo-es","8":"product_tag-cappellini-es","9":"product_tag-desk-es","10":"product_tag-diseno","11":"product_tag-europe-es","12":"product_tag-fronzoni-es","13":"product_tag-table-es","15":"first","16":"instock","17":"taxable","18":"shipping-taxable","19":"purchasable","20":"product-type-simple"},"gallery_images":[32927,32932],"_links":{"self":[{"href":"https:\/\/shoppingb2b.haworth.com\/es\/wp-json\/wp\/v2\/product\/98540","targetHints":{"allow":["GET"]}}],"collection":[{"href":"https:\/\/shoppingb2b.haworth.com\/es\/wp-json\/wp\/v2\/product"}],"about":[{"href":"https:\/\/shoppingb2b.haworth.com\/es\/wp-json\/wp\/v2\/types\/product"}],"wp:featuredmedia":[{"embeddable":true,"href":"https:\/\/shoppingb2b.haworth.com\/es\/wp-json\/wp\/v2\/media\/32922"}],"wp:attachment":[{"href":"https:\/\/shoppingb2b.haworth.com\/es\/wp-json\/wp\/v2\/media?parent=98540"}],"wp:term":[{"taxonomy":"product_brand","embeddable":true,"href":"https:\/\/shoppingb2b.haworth.com\/es\/wp-json\/wp\/v2\/product_brand?post=98540"},{"taxonomy":"product_cat","embeddable":true,"href":"https:\/\/shoppingb2b.haworth.com\/es\/wp-json\/wp\/v2\/product_cat?post=98540"},{"taxonomy":"product_tag","embeddable":true,"href":"https:\/\/shoppingb2b.haworth.com\/es\/wp-json\/wp\/v2\/product_tag?post=98540"}],"curies":[{"name":"wp","href":"https:\/\/api.w.org\/{rel}","templated":true}]}}