{"id":98552,"date":"2021-05-21T13:28:38","date_gmt":"2021-05-21T12:28:38","guid":{"rendered":"https:\/\/shopping.haworth.com\/product\/cappellini-juli-plastic\/"},"modified":"2021-05-21T13:28:38","modified_gmt":"2021-05-21T12:28:38","slug":"cappellini-juli-plastic","status":"publish","type":"product","link":"https:\/\/shoppingb2b.haworth.com\/es\/producto\/cappellini-juli-plastic\/","title":{"rendered":"Cappellini Juli Plastic"},"content":{"rendered":"<p>Nacida como una interpretaci\u00f3n contempor\u00e1nea de la cl\u00e1sica silla de pl\u00e1stico de los a\u00f1os 50, Juli Plastic es extremadamente funcional y una pieza de dise\u00f1o excepcional al mismo tiempo.<\/p>\n<p>La caracter\u00edstica distintiva es la forma muy caracter\u00edstica de la carcasa del asiento con apoyabrazos muy c\u00f3modos.<\/p>\n<p>La ergonom\u00eda de la silla se ha optimizado, lo que la convierte en una silla perfecta para la oficina en casa que proporciona una comodidad \u00fanica incluso durante las videoconferencias m\u00e1s largas.<\/p>\n<p>Esta es una obra maestra del renombrado dise\u00f1ador alem\u00e1n Werner Aisslinger. No es casualidad que Juli Plastic sea la primera silla de dise\u00f1o alem\u00e1n en formar parte de la colecci\u00f3n permanente del Museo de Arte Moderno de Nueva York.<\/p>\n","protected":false},"excerpt":{"rendered":"<p>Dise\u00f1o: Werner Aisslinger<\/p>\n<p>Descripci\u00f3n del art\u00edculo:\u00a0 Sill\u00f3n peque\u00f1o sobre base de 5 radios con ruedas<\/p>\n","protected":false},"featured_media":32955,"template":"","meta":[],"product_brand":[],"product_cat":[95,648],"product_tag":[848,863,889,890],"class_list":{"0":"post-98552","1":"product","2":"type-product","3":"status-publish","4":"has-post-thumbnail","6":"product_cat-sillas","7":"product_cat-todo-es","8":"product_tag-cappellini-es","9":"product_tag-diseno","10":"product_tag-juli-plastic-es","11":"product_tag-werner-aisslinger-es","13":"first","14":"instock","15":"taxable","16":"shipping-taxable","17":"purchasable","18":"product-type-simple"},"gallery_images":[32960,32965],"_links":{"self":[{"href":"https:\/\/shoppingb2b.haworth.com\/es\/wp-json\/wp\/v2\/product\/98552","targetHints":{"allow":["GET"]}}],"collection":[{"href":"https:\/\/shoppingb2b.haworth.com\/es\/wp-json\/wp\/v2\/product"}],"about":[{"href":"https:\/\/shoppingb2b.haworth.com\/es\/wp-json\/wp\/v2\/types\/product"}],"wp:featuredmedia":[{"embeddable":true,"href":"https:\/\/shoppingb2b.haworth.com\/es\/wp-json\/wp\/v2\/media\/32955"}],"wp:attachment":[{"href":"https:\/\/shoppingb2b.haworth.com\/es\/wp-json\/wp\/v2\/media?parent=98552"}],"wp:term":[{"taxonomy":"product_brand","embeddable":true,"href":"https:\/\/shoppingb2b.haworth.com\/es\/wp-json\/wp\/v2\/product_brand?post=98552"},{"taxonomy":"product_cat","embeddable":true,"href":"https:\/\/shoppingb2b.haworth.com\/es\/wp-json\/wp\/v2\/product_cat?post=98552"},{"taxonomy":"product_tag","embeddable":true,"href":"https:\/\/shoppingb2b.haworth.com\/es\/wp-json\/wp\/v2\/product_tag?post=98552"}],"curies":[{"name":"wp","href":"https:\/\/api.w.org\/{rel}","templated":true}]}}