{"id":98554,"date":"2021-05-21T13:28:37","date_gmt":"2021-05-21T12:28:37","guid":{"rendered":"https:\/\/shopping.haworth.com\/product\/cappellini-gong\/"},"modified":"2021-05-21T13:28:37","modified_gmt":"2021-05-21T12:28:37","slug":"cappellini-gong","status":"publish","type":"product","link":"https:\/\/shoppingb2b.haworth.com\/es\/producto\/cappellini-gong\/","title":{"rendered":"Cappellini Gong"},"content":{"rendered":"<p>Con la mesa Gong, Giulio Cappellini quer\u00eda crear un dise\u00f1o minimalista aprovechando la resistencia del metal reduciendo los vol\u00famenes al m\u00ednimo.<\/p>\n<p>Dos placas de metal redondas id\u00e9nticas y extremadamente delgadas unidas por una barra delgada del mismo material. Es un \u00edcono absoluto del dise\u00f1o con un hermoso y equilibrado juego de formas y formas.<\/p>\n<p>Gong es una peque\u00f1a Mesa auxiliar, extremadamente vers\u00e1til, lo que la convierte en uno de los dise\u00f1os m\u00e1s vendidos de Cappellini de todos los tiempos.<\/p>\n","protected":false},"excerpt":{"rendered":"<p>Dise\u00f1o: Giulio Cappellini<\/p>\n<p>Descripci\u00f3n del art\u00edculo: Mesa auxiliar desmontable<\/p>\n","protected":false},"featured_media":32943,"template":"","meta":[],"product_brand":[],"product_cat":[98,648],"product_tag":[848,863,792,892],"class_list":{"0":"post-98554","1":"product","2":"type-product","3":"status-publish","4":"has-post-thumbnail","6":"product_cat-escritorios-y-mesas","7":"product_cat-todo-es","8":"product_tag-cappellini-es","9":"product_tag-diseno","10":"product_tag-europe-es","11":"product_tag-gong-es","13":"first","14":"instock","15":"taxable","16":"shipping-taxable","17":"purchasable","18":"product-type-simple"},"gallery_images":[32948],"_links":{"self":[{"href":"https:\/\/shoppingb2b.haworth.com\/es\/wp-json\/wp\/v2\/product\/98554","targetHints":{"allow":["GET"]}}],"collection":[{"href":"https:\/\/shoppingb2b.haworth.com\/es\/wp-json\/wp\/v2\/product"}],"about":[{"href":"https:\/\/shoppingb2b.haworth.com\/es\/wp-json\/wp\/v2\/types\/product"}],"wp:featuredmedia":[{"embeddable":true,"href":"https:\/\/shoppingb2b.haworth.com\/es\/wp-json\/wp\/v2\/media\/32943"}],"wp:attachment":[{"href":"https:\/\/shoppingb2b.haworth.com\/es\/wp-json\/wp\/v2\/media?parent=98554"}],"wp:term":[{"taxonomy":"product_brand","embeddable":true,"href":"https:\/\/shoppingb2b.haworth.com\/es\/wp-json\/wp\/v2\/product_brand?post=98554"},{"taxonomy":"product_cat","embeddable":true,"href":"https:\/\/shoppingb2b.haworth.com\/es\/wp-json\/wp\/v2\/product_cat?post=98554"},{"taxonomy":"product_tag","embeddable":true,"href":"https:\/\/shoppingb2b.haworth.com\/es\/wp-json\/wp\/v2\/product_tag?post=98554"}],"curies":[{"name":"wp","href":"https:\/\/api.w.org\/{rel}","templated":true}]}}