{"id":98557,"date":"2021-05-21T13:28:37","date_gmt":"2021-05-21T12:28:37","guid":{"rendered":"https:\/\/shopping.haworth.com\/product\/cappellini-lotus\/"},"modified":"2021-05-21T13:28:37","modified_gmt":"2021-05-21T12:28:37","slug":"cappellini-lotus","status":"publish","type":"product","link":"https:\/\/shoppingb2b.haworth.com\/es\/producto\/cappellini-lotus\/","title":{"rendered":"Cappellini Lotus"},"content":{"rendered":"<p>Jasper Morrison imagin\u00f3 dise\u00f1ar una silla operativa extremadamente c\u00f3moda y ergon\u00f3mica utilizando el menor volumen posible.<\/p>\n<p>La silla Lotus es un producto elegante caracterizado por un dise\u00f1o muy refinado, una caracter\u00edstica distintiva de todos los productos de Morrison.<\/p>\n<p>La silla es el resultado de un largo y cuidado proyecto de dise\u00f1o que dio lugar a la creaci\u00f3n de un producto funcional, ofreciendo el m\u00e1ximo confort a pesar del esbelto grosor de la carcasa del asiento y su extrema ligereza visual.<\/p>\n<p>La carcasa est\u00e1 realizada en contrachapado de haya curvado con varias capas de espuma de poliuretano y Cintas el\u00e1sticas, lo que garantiza la m\u00e1xima resistencia con un espesor m\u00ednimo.<\/p>\n<p>Las telas de tapicer\u00eda de la silla est\u00e1n co-estampadas con las almohadillas de espuma de poliuretano, lo que le da al asiento su efecto tridimensional distintivo. Esta silla es una declaraci\u00f3n de dise\u00f1o, representa lo mejor de la artesan\u00eda italiana e ideal para una oficina hogare\u00f1a sofisticada.<\/p>\n","protected":false},"excerpt":{"rendered":"<p>Dise\u00f1o: Jasper Morrison<\/p>\n<p>Descripci\u00f3n del art\u00edculo:\u00a0 Sill\u00f3n con reposabrazos, con base de aluminio fundido a presi\u00f3n de 5 radios con ruedas<\/p>\n","protected":false},"featured_media":32982,"template":"","meta":[],"product_brand":[],"product_cat":[95,648],"product_tag":[848,863,792,897,896],"class_list":{"0":"post-98557","1":"product","2":"type-product","3":"status-publish","4":"has-post-thumbnail","6":"product_cat-sillas","7":"product_cat-todo-es","8":"product_tag-cappellini-es","9":"product_tag-diseno","10":"product_tag-europe-es","11":"product_tag-jasper-morrison-es","12":"product_tag-lotus-es","14":"first","15":"instock","16":"taxable","17":"shipping-taxable","18":"purchasable","19":"product-type-simple"},"gallery_images":[32988,32993],"_links":{"self":[{"href":"https:\/\/shoppingb2b.haworth.com\/es\/wp-json\/wp\/v2\/product\/98557","targetHints":{"allow":["GET"]}}],"collection":[{"href":"https:\/\/shoppingb2b.haworth.com\/es\/wp-json\/wp\/v2\/product"}],"about":[{"href":"https:\/\/shoppingb2b.haworth.com\/es\/wp-json\/wp\/v2\/types\/product"}],"wp:featuredmedia":[{"embeddable":true,"href":"https:\/\/shoppingb2b.haworth.com\/es\/wp-json\/wp\/v2\/media\/32982"}],"wp:attachment":[{"href":"https:\/\/shoppingb2b.haworth.com\/es\/wp-json\/wp\/v2\/media?parent=98557"}],"wp:term":[{"taxonomy":"product_brand","embeddable":true,"href":"https:\/\/shoppingb2b.haworth.com\/es\/wp-json\/wp\/v2\/product_brand?post=98557"},{"taxonomy":"product_cat","embeddable":true,"href":"https:\/\/shoppingb2b.haworth.com\/es\/wp-json\/wp\/v2\/product_cat?post=98557"},{"taxonomy":"product_tag","embeddable":true,"href":"https:\/\/shoppingb2b.haworth.com\/es\/wp-json\/wp\/v2\/product_tag?post=98557"}],"curies":[{"name":"wp","href":"https:\/\/api.w.org\/{rel}","templated":true}]}}