{"id":98559,"date":"2021-05-21T13:28:37","date_gmt":"2021-05-21T12:28:37","guid":{"rendered":"https:\/\/shopping.haworth.com\/product\/cappellini-ribbon\/"},"modified":"2021-05-21T13:28:37","modified_gmt":"2021-05-21T12:28:37","slug":"cappellini-ribbon","status":"publish","type":"product","link":"https:\/\/shoppingb2b.haworth.com\/es\/producto\/cappellini-ribbon\/","title":{"rendered":"Cappellini Ribbon"},"content":{"rendered":"<p>El estudio de dise\u00f1o japon\u00e9s Nendo, dirigido por el renombrado Oki Sato, se ha inspirado en los cordones de una zapatilla de bailarina para dise\u00f1ar el taburete Ribbon.<\/p>\n<p>El taburete est\u00e1 hecho de cintas de chapa cortada con l\u00e1ser que fluyen continuamente. Gracias a su dise\u00f1o \u00fanico, Ribbon es una peque\u00f1a escultura que se puede integrar en diferentes contextos, ya sea una arquitectura moderna o un entorno cl\u00e1sico.<\/p>\n<p>Ribbon, sencillo y esencial, pero a la vez refinado, es un objeto po\u00e9tico, un claro ejemplo de la fabricaci\u00f3n italiana de alta calidad. El taburete ha recibido numerosos premios como el Red Dot Award.<\/p>\n","protected":false},"excerpt":{"rendered":"<p>Dise\u00f1o: Nendo<\/p>\n<p>Descripci\u00f3n del art\u00edculo: Taburete de chapa cortada con l\u00e1ser<\/p>\n","protected":false},"featured_media":33007,"template":"","meta":[],"product_brand":[],"product_cat":[697,95,648],"product_tag":[848,863,792,901,900],"class_list":{"0":"post-98559","1":"product","2":"type-product","3":"status-publish","4":"has-post-thumbnail","6":"product_cat-accesorios-e-iluminacion-es","7":"product_cat-sillas","8":"product_cat-todo-es","9":"product_tag-cappellini-es","10":"product_tag-diseno","11":"product_tag-europe-es","12":"product_tag-nendo-es","13":"product_tag-ribbon-es","15":"first","16":"instock","17":"taxable","18":"shipping-taxable","19":"purchasable","20":"product-type-simple"},"gallery_images":[33012,33017],"_links":{"self":[{"href":"https:\/\/shoppingb2b.haworth.com\/es\/wp-json\/wp\/v2\/product\/98559","targetHints":{"allow":["GET"]}}],"collection":[{"href":"https:\/\/shoppingb2b.haworth.com\/es\/wp-json\/wp\/v2\/product"}],"about":[{"href":"https:\/\/shoppingb2b.haworth.com\/es\/wp-json\/wp\/v2\/types\/product"}],"wp:featuredmedia":[{"embeddable":true,"href":"https:\/\/shoppingb2b.haworth.com\/es\/wp-json\/wp\/v2\/media\/33007"}],"wp:attachment":[{"href":"https:\/\/shoppingb2b.haworth.com\/es\/wp-json\/wp\/v2\/media?parent=98559"}],"wp:term":[{"taxonomy":"product_brand","embeddable":true,"href":"https:\/\/shoppingb2b.haworth.com\/es\/wp-json\/wp\/v2\/product_brand?post=98559"},{"taxonomy":"product_cat","embeddable":true,"href":"https:\/\/shoppingb2b.haworth.com\/es\/wp-json\/wp\/v2\/product_cat?post=98559"},{"taxonomy":"product_tag","embeddable":true,"href":"https:\/\/shoppingb2b.haworth.com\/es\/wp-json\/wp\/v2\/product_tag?post=98559"}],"curies":[{"name":"wp","href":"https:\/\/api.w.org\/{rel}","templated":true}]}}