{"id":98562,"date":"2021-05-21T13:28:37","date_gmt":"2021-05-21T12:28:37","guid":{"rendered":"https:\/\/shopping.haworth.com\/product\/cappellini-drop\/"},"modified":"2021-05-21T13:28:37","modified_gmt":"2021-05-21T12:28:37","slug":"cappellini-drop","status":"publish","type":"product","link":"https:\/\/shoppingb2b.haworth.com\/es\/producto\/cappellini-drop\/","title":{"rendered":"Cappellini Drop"},"content":{"rendered":"<p>Un ingenioso desaf\u00edo contra la fuerza de la gravedad, Drop by Nendo es una estanter\u00eda de columna de dos caras fabricada con chapa cortada con l\u00e1ser.<\/p>\n<p>Su nombre, \u201cDrop\u201d (\u00abgota\u00bb), est\u00e1 inspirado en el \u00e1ngulo inclinado del estante superior, que ofrece una amplia variedad de divertidas opciones para almacenar libros y otros objetos.<\/p>\n<p>A pesar de su dise\u00f1o aparentemente inestable, la estanter\u00eda es s\u00f3lida y equilibrada, tambi\u00e9n gracias en parte al contrapeso ubicado en la parte inferior de la estructura, que asegura la m\u00e1xima estabilidad.<\/p>\n","protected":false},"excerpt":{"rendered":"<p>Dise\u00f1o: Nendo<\/p>\n<p>Descripci\u00f3n del art\u00edculo: estanter\u00eda de columna de dos caras<\/p>\n","protected":false},"featured_media":33244,"template":"","meta":[],"product_brand":[],"product_cat":[697,648],"product_tag":[905,848,863,904,792,849,901],"class_list":{"0":"post-98562","1":"product","2":"type-product","3":"status-publish","4":"has-post-thumbnail","6":"product_cat-accesorios-e-iluminacion-es","7":"product_cat-todo-es","8":"product_tag-bookshelf-es","9":"product_tag-cappellini-es","10":"product_tag-diseno","11":"product_tag-drop-es","12":"product_tag-europe-es","13":"product_tag-inicio","14":"product_tag-nendo-es","16":"first","17":"instock","18":"taxable","19":"shipping-taxable","20":"purchasable","21":"product-type-simple"},"gallery_images":[33249,33254],"_links":{"self":[{"href":"https:\/\/shoppingb2b.haworth.com\/es\/wp-json\/wp\/v2\/product\/98562","targetHints":{"allow":["GET"]}}],"collection":[{"href":"https:\/\/shoppingb2b.haworth.com\/es\/wp-json\/wp\/v2\/product"}],"about":[{"href":"https:\/\/shoppingb2b.haworth.com\/es\/wp-json\/wp\/v2\/types\/product"}],"wp:featuredmedia":[{"embeddable":true,"href":"https:\/\/shoppingb2b.haworth.com\/es\/wp-json\/wp\/v2\/media\/33244"}],"wp:attachment":[{"href":"https:\/\/shoppingb2b.haworth.com\/es\/wp-json\/wp\/v2\/media?parent=98562"}],"wp:term":[{"taxonomy":"product_brand","embeddable":true,"href":"https:\/\/shoppingb2b.haworth.com\/es\/wp-json\/wp\/v2\/product_brand?post=98562"},{"taxonomy":"product_cat","embeddable":true,"href":"https:\/\/shoppingb2b.haworth.com\/es\/wp-json\/wp\/v2\/product_cat?post=98562"},{"taxonomy":"product_tag","embeddable":true,"href":"https:\/\/shoppingb2b.haworth.com\/es\/wp-json\/wp\/v2\/product_tag?post=98562"}],"curies":[{"name":"wp","href":"https:\/\/api.w.org\/{rel}","templated":true}]}}