{"id":711,"date":"2020-04-17T14:52:10","date_gmt":"2020-04-17T13:52:10","guid":{"rendered":"http:\/\/s833217312.online.de\/?page_id=711"},"modified":"2021-01-13T16:08:36","modified_gmt":"2021-01-13T15:08:36","slug":"legales","status":"publish","type":"page","link":"https:\/\/shoppingb2b.haworth.com\/fr\/legales\/","title":{"rendered":"L\u00e9gales"},"content":{"rendered":"\n<p>Informations selon \u00a7 5 TMG:<\/p>\n\n\n\n<p>Haworth GmbH<br>Am Deisterbahnhof 6<br>31848 Bad M\u00fcnder, Allemagne<\/p>\n\n\n\n<p>Repr\u00e9sent\u00e9 par:<br>Directeurs g\u00e9n\u00e9raux: Christian Ennenbach et Maik Haenel<\/p>\n\n\n\n<p>Contact:<br>T\u00e9l\u00e9phone: +49 (0) 5042501-0<br>T\u00e9l\u00e9copie: +49 (0) 5042501-200<br>Courriel: <a href=\"mailto:shopping@haworth.com\" target=\"_blank\" rel=\"noreferrer noopener\">shopping@haworth.com<\/a><\/p>\n\n\n\n<p>&nbsp;<br>Enregistrer l&rsquo;entr\u00e9e:<br>Inscription au registre du commerce.<br>Tribunal d&rsquo;enregistrement: tribunal de district de Hanovre (Allemagne)<br>Num\u00e9ro de registre: HRB 212482<\/p>\n\n\n\n<p>Num\u00e9ro de TVA:<br>Num\u00e9ro d&rsquo;identification de la taxe de vente conform\u00e9ment au \u00a727 de la loi sur la taxe de vente:<br>DE 123990410<\/p>\n","protected":false},"excerpt":{"rendered":"<p>Informations selon \u00a7 5 TMG: Haworth GmbHAm Deisterbahnhof 631848 Bad M\u00fcnder, Allemagne Repr\u00e9sent\u00e9 par:Directeurs g\u00e9n\u00e9raux: Christian Ennenbach et Maik Haenel Contact:T\u00e9l\u00e9phone: +49 (0) 5042501-0T\u00e9l\u00e9copie: +49 (0) 5042501-200Courriel: shopping@haworth.com &nbsp;Enregistrer l&rsquo;entr\u00e9e:Inscription au registre du commerce.Tribunal d&rsquo;enregistrement: tribunal de district de Hanovre (Allemagne)Num\u00e9ro de registre: HRB 212482 Num\u00e9ro de TVA:Num\u00e9ro d&rsquo;identification de la taxe de vente conform\u00e9ment [&#8230;]\n","protected":false},"author":3990,"featured_media":0,"parent":0,"menu_order":0,"comment_status":"closed","ping_status":"closed","template":"","meta":{"footnotes":""},"class_list":["post-711","page","type-page","status-publish","hentry"],"_links":{"self":[{"href":"https:\/\/shoppingb2b.haworth.com\/fr\/wp-json\/wp\/v2\/pages\/711","targetHints":{"allow":["GET"]}}],"collection":[{"href":"https:\/\/shoppingb2b.haworth.com\/fr\/wp-json\/wp\/v2\/pages"}],"about":[{"href":"https:\/\/shoppingb2b.haworth.com\/fr\/wp-json\/wp\/v2\/types\/page"}],"author":[{"embeddable":true,"href":"https:\/\/shoppingb2b.haworth.com\/fr\/wp-json\/wp\/v2\/users\/3990"}],"replies":[{"embeddable":true,"href":"https:\/\/shoppingb2b.haworth.com\/fr\/wp-json\/wp\/v2\/comments?post=711"}],"version-history":[{"count":0,"href":"https:\/\/shoppingb2b.haworth.com\/fr\/wp-json\/wp\/v2\/pages\/711\/revisions"}],"wp:attachment":[{"href":"https:\/\/shoppingb2b.haworth.com\/fr\/wp-json\/wp\/v2\/media?parent=711"}],"curies":[{"name":"wp","href":"https:\/\/api.w.org\/{rel}","templated":true}]}}