{"id":11456,"date":"2021-02-10T09:25:21","date_gmt":"2021-02-10T08:25:21","guid":{"rendered":"https:\/\/shopping.haworth.com\/?post_type=product&#038;p=11456"},"modified":"2021-03-31T22:10:49","modified_gmt":"2021-03-31T21:10:49","slug":"ch-fern","status":"publish","type":"product","link":"https:\/\/shoppingb2b.haworth.com\/fr\/produit\/ch-fern\/","title":{"rendered":"Fern"},"content":{"rendered":"<div class=\"row\"  id=\"row-1660750566\">\n\n\t<div id=\"col-1756503178\" class=\"col medium-6 small-12 large-6\"  >\n\t\t<div class=\"col-inner\"  >\n\t\t\t\n\t\t\t\n<h2>Aper\u00e7u de Fern<\/h2>\n<h5>Caract\u00e9ristiques<\/h5>\n<h5>Wave Suspension&#x2122; syst\u00e8me , m\u00e9canisme \u00e0 3 points avec back-stop en 5 position<\/h5>\n<h5>Dossier flexible au lieu de la rigidit\u00e9 torsionnelle<\/h5>\n\t\t<\/div>\n\t\t\t<\/div>\n\n\t\n\n\t<div id=\"col-416427082\" class=\"col medium-6 small-12 large-6\"  >\n\t\t<div class=\"col-inner\"  >\n\t\t\t\n\t\t\t\n\t<div class=\"img has-hover x md-x lg-x y md-y lg-y\" id=\"image_1649834155\">\n\t\t\t\t\t\t\t\t<div class=\"img-inner dark\" >\n\t\t\t<img loading=\"lazy\" decoding=\"async\" width=\"800\" height=\"800\" src=\"https:\/\/shoppingb2b.haworth.com\/wp-content\/uploads\/2020\/08\/NEW_fern_1000x1000_2-800x800.jpg\" class=\"attachment-large size-large\" alt=\"\" srcset=\"https:\/\/shoppingb2b.haworth.com\/wp-content\/uploads\/2020\/08\/NEW_fern_1000x1000_2-800x800.jpg 800w, https:\/\/shoppingb2b.haworth.com\/wp-content\/uploads\/2020\/08\/NEW_fern_1000x1000_2-400x400.jpg 400w, https:\/\/shoppingb2b.haworth.com\/wp-content\/uploads\/2020\/08\/NEW_fern_1000x1000_2-280x280.jpg 280w, https:\/\/shoppingb2b.haworth.com\/wp-content\/uploads\/2020\/08\/NEW_fern_1000x1000_2-768x768.jpg 768w, https:\/\/shoppingb2b.haworth.com\/wp-content\/uploads\/2020\/08\/NEW_fern_1000x1000_2-247x247.jpg 247w, https:\/\/shoppingb2b.haworth.com\/wp-content\/uploads\/2020\/08\/NEW_fern_1000x1000_2-512x512.jpg 512w, https:\/\/shoppingb2b.haworth.com\/wp-content\/uploads\/2020\/08\/NEW_fern_1000x1000_2.jpg 1000w\" sizes=\"auto, (max-width: 800px) 100vw, 800px\" \/>\t\t\t\t\t\t\n\t\t\t\t\t<\/div>\n\t\t\t\t\t\t\t\t\n<style>\n#image_1649834155 {\n  width: 100%;\n}\n<\/style>\n\t<\/div>\n\t\n\t\t<\/div>\n\t\t\t<\/div>\n\n\t\n\n\t<div id=\"col-879242729\" class=\"col medium-4 small-12 large-4\"  >\n\t\t<div class=\"col-inner\"  >\n\t\t\t\n\t\t\t\n<div class=\"accordion\" rel=\"\">\n<div class=\"accordion-item\"><a href=\"#\" class=\"accordion-title plain\"><button class=\"toggle\"><i class=\"icon-angle-down\"><\/i><\/button><span>Certificats et r\u00e9compenses<\/span><\/a><div class=\"accordion-inner\">\n<ul>\n<li>Certificat &#8211; FIRA: s\u00e9curit\u00e9 structurelle<\/li>\n<li>Certificat &#8211; GreenGuard<\/li>\n<li>Certificat &#8211; GreenGuard Gold<\/li>\n<li>Certificat &#8211; S\u00e9curit\u00e9 GS<\/li>\n<li>German Design Award<\/li>\n<li>Certificat &#8211; FEMB: Level 3<\/li>\n<\/ul>\n<\/div><\/div>\n<\/div>\n\t\t<\/div>\n\t\t\t<\/div>\n\n\t\n<\/div>\n<div class=\"is-divider divider clearfix\" style=\"max-width:0px;height:80px;\"><\/div>\n<div class=\"video video-fit mb box-shadow-4\" style=\"padding-top:56.25%;\"><p><iframe loading=\"lazy\" title=\"Fern Adjustment Video\" src=\"https:\/\/player.vimeo.com\/video\/424026415?dnt=1&amp;app_id=122963\" width=\"1020\" height=\"574\" frameborder=\"0\" allow=\"autoplay; fullscreen\" allowfullscreen><\/iframe><\/p>\n<\/div>\n","protected":false},"excerpt":{"rendered":"<p style=\"text-align: center;\">Le si\u00e8ge de bureau Fern est simple, naturel et sans contrainte.<br \/>\nInspir\u00e9 par la nature, il est en phase avec chacun de vos mouvements.<\/p>\n","protected":false},"featured_media":231034,"template":"","meta":[],"product_brand":[],"product_cat":[93,524],"product_tag":[554,116,193],"class_list":{"0":"post-11456","1":"product","2":"type-product","3":"status-publish","4":"has-post-thumbnail","6":"product_cat-sieges","7":"product_cat-tous","8":"product_tag-lyftidea-fr","9":"product_tag-siege-de-bureau-fr","10":"product_tag-suisse","12":"first","13":"instock","14":"taxable","15":"shipping-taxable","16":"product-type-simple"},"gallery_images":[6957,6920],"_links":{"self":[{"href":"https:\/\/shoppingb2b.haworth.com\/fr\/wp-json\/wp\/v2\/product\/11456","targetHints":{"allow":["GET"]}}],"collection":[{"href":"https:\/\/shoppingb2b.haworth.com\/fr\/wp-json\/wp\/v2\/product"}],"about":[{"href":"https:\/\/shoppingb2b.haworth.com\/fr\/wp-json\/wp\/v2\/types\/product"}],"wp:featuredmedia":[{"embeddable":true,"href":"https:\/\/shoppingb2b.haworth.com\/fr\/wp-json\/wp\/v2\/media\/231034"}],"wp:attachment":[{"href":"https:\/\/shoppingb2b.haworth.com\/fr\/wp-json\/wp\/v2\/media?parent=11456"}],"wp:term":[{"taxonomy":"product_brand","embeddable":true,"href":"https:\/\/shoppingb2b.haworth.com\/fr\/wp-json\/wp\/v2\/product_brand?post=11456"},{"taxonomy":"product_cat","embeddable":true,"href":"https:\/\/shoppingb2b.haworth.com\/fr\/wp-json\/wp\/v2\/product_cat?post=11456"},{"taxonomy":"product_tag","embeddable":true,"href":"https:\/\/shoppingb2b.haworth.com\/fr\/wp-json\/wp\/v2\/product_tag?post=11456"}],"curies":[{"name":"wp","href":"https:\/\/api.w.org\/{rel}","templated":true}]}}