{"id":1245,"date":"2020-04-30T15:12:05","date_gmt":"2020-04-30T14:12:05","guid":{"rendered":"http:\/\/s833217312.online.de\/product\/eddy\/"},"modified":"2021-03-31T22:25:25","modified_gmt":"2021-03-31T21:25:25","slug":"de-eddy","status":"publish","type":"product","link":"https:\/\/shoppingb2b.haworth.com\/fr\/produit\/de-eddy\/","title":{"rendered":"Eddy"},"content":{"rendered":"<div class=\"row\"  id=\"row-1048549071\">\n\n\t<div id=\"col-687797567\" class=\"col medium-6 small-12 large-6\"  >\n\t\t<div class=\"col-inner\"  >\n\t\t\t\n\t\t\t\n<p>CON\u00c7U PAR JOHANNES TORPE<\/p>\n<h2>Polyvalence<\/h2>\n<p>Mont\u00e9 sur roulettes, r\u00e9glable en hauteur, il est facile \u00e0 d\u00e9placer et \u00e0 installer chaque fois que vous avez besoin d&rsquo;un un mini poste de travail.<\/p>\n<h2>Efficacit\u00e9<\/h2>\n<p>Les facilitateurs d&rsquo;espace, comme Eddy, entretiennent l&rsquo;\u00e9nergie, la cr\u00e9ativit\u00e9 et les connexions au travail&#8230; ou ailleurs.<\/p>\n<h2>Mobilit\u00e9<\/h2>\n<p>Avec Eddy, vous bougez pour travailler l\u00e0 o\u00f9 vous vous sentez le mieux.<\/p>\n\t\t<\/div>\n\t\t\t<\/div>\n\n\t\n\n\t<div id=\"col-781255843\" class=\"col medium-6 small-12 large-6\"  >\n\t\t<div class=\"col-inner\"  >\n\t\t\t\n\t\t\t\n\t<div class=\"img has-hover x md-x lg-x y md-y lg-y\" id=\"image_408902186\">\n\t\t\t\t\t\t\t\t<div class=\"img-inner dark\" >\n\t\t\t<img loading=\"lazy\" decoding=\"async\" width=\"750\" height=\"775\" src=\"https:\/\/shoppingb2b.haworth.com\/wp-content\/uploads\/2020\/04\/eddy_accessory_body_01.jpg\" class=\"attachment-large size-large\" alt=\"\" srcset=\"https:\/\/shoppingb2b.haworth.com\/wp-content\/uploads\/2020\/04\/eddy_accessory_body_01.jpg 750w, https:\/\/shoppingb2b.haworth.com\/wp-content\/uploads\/2020\/04\/eddy_accessory_body_01-247x255.jpg 247w, https:\/\/shoppingb2b.haworth.com\/wp-content\/uploads\/2020\/04\/eddy_accessory_body_01-512x529.jpg 512w, https:\/\/shoppingb2b.haworth.com\/wp-content\/uploads\/2020\/04\/eddy_accessory_body_01-507x524.jpg 507w, https:\/\/shoppingb2b.haworth.com\/wp-content\/uploads\/2020\/04\/eddy_accessory_body_01-387x400.jpg 387w\" sizes=\"auto, (max-width: 750px) 100vw, 750px\" \/>\t\t\t\t\t\t\n\t\t\t\t\t<\/div>\n\t\t\t\t\t\t\t\t\n<style>\n#image_408902186 {\n  width: 45%;\n}\n<\/style>\n\t<\/div>\n\t\n\t\t<\/div>\n\t\t\t<\/div>\n\n\t\n<\/div>\n","protected":false},"excerpt":{"rendered":"<p style=\"text-align: center;\">Eddy est un accessoire polyvalent pour le bureau et pour les petits espaces de r\u00e9union.<\/p>\n","protected":false},"featured_media":1289,"template":"","meta":[],"product_brand":[],"product_cat":[96],"product_tag":[176,206,117,246,114],"class_list":{"0":"post-1245","1":"product","2":"type-product","3":"status-publish","4":"has-post-thumbnail","6":"product_cat-bureaux","7":"product_tag-allemagne","8":"product_tag-bureau","9":"product_tag-bureau-a-domicile","10":"product_tag-eddy-fr","11":"product_tag-haworth-fr-2","13":"first","14":"instock","15":"taxable","16":"shipping-taxable","17":"purchasable","18":"product-type-simple"},"gallery_images":[1295,1292,1286],"_links":{"self":[{"href":"https:\/\/shoppingb2b.haworth.com\/fr\/wp-json\/wp\/v2\/product\/1245","targetHints":{"allow":["GET"]}}],"collection":[{"href":"https:\/\/shoppingb2b.haworth.com\/fr\/wp-json\/wp\/v2\/product"}],"about":[{"href":"https:\/\/shoppingb2b.haworth.com\/fr\/wp-json\/wp\/v2\/types\/product"}],"wp:featuredmedia":[{"embeddable":true,"href":"https:\/\/shoppingb2b.haworth.com\/fr\/wp-json\/wp\/v2\/media\/1289"}],"wp:attachment":[{"href":"https:\/\/shoppingb2b.haworth.com\/fr\/wp-json\/wp\/v2\/media?parent=1245"}],"wp:term":[{"taxonomy":"product_brand","embeddable":true,"href":"https:\/\/shoppingb2b.haworth.com\/fr\/wp-json\/wp\/v2\/product_brand?post=1245"},{"taxonomy":"product_cat","embeddable":true,"href":"https:\/\/shoppingb2b.haworth.com\/fr\/wp-json\/wp\/v2\/product_cat?post=1245"},{"taxonomy":"product_tag","embeddable":true,"href":"https:\/\/shoppingb2b.haworth.com\/fr\/wp-json\/wp\/v2\/product_tag?post=1245"}],"curies":[{"name":"wp","href":"https:\/\/api.w.org\/{rel}","templated":true}]}}