{"id":147338,"date":"2022-02-28T14:59:45","date_gmt":"2022-02-28T13:59:45","guid":{"rendered":"https:\/\/shopping.haworth.com\/?post_type=product&#038;p=147338"},"modified":"2022-04-05T11:17:47","modified_gmt":"2022-04-05T10:17:47","slug":"hiya-reglable-en-hauteur-120x80","status":"publish","type":"product","link":"https:\/\/shoppingb2b.haworth.com\/fr\/produit\/hiya-reglable-en-hauteur-120x80\/","title":{"rendered":"Hiya &#8211; R\u00e9glable en hauteur 120&#215;80"},"content":{"rendered":"<div class=\"row\"  id=\"row-1005709852\">\n\n\t<div id=\"col-1840862696\" class=\"col medium-6 small-12 large-6\"  >\n\t\t<div class=\"col-inner\"  >\n\t\t\t\n\t\t\t\n<h2>Aper\u00e7u de Hiya<\/h2>\n<p>Les tables r\u00e9glables en hauteur permettent \u00e0 vos employ\u00e9s de changer de posture, les encourageant \u00e0 bouger et favorisant leur bien-\u00eatre afin qu\u2019ils soient confortablement install\u00e9s pour offrir le meilleur d\u2019eux-m\u00eames.<br \/>\nLa table HiYa est une solution \u00e9conomique au design flexible qui offre l\u2019ergonomie dont vos \u00e9quipes ont besoin.<br \/>\nIl s\u2019agit d\u2019une table individuelle r\u00e9glable en hauteur qui peut \u00eatre adapt\u00e9e de nombreuses mani\u00e8res afin de convenir \u00e0 diff\u00e9rentes personnes et \u00e0 leur fa\u00e7on de travailler. Les diff\u00e9rentes largeurs disponibles permettent d\u2019adapter le mod\u00e8le \u00e0 tout espace.<\/p>\n<div class=\"accordion\" rel=\"\">\n<div class=\"accordion-item\"><a href=\"#\" class=\"accordion-title plain\"><button class=\"toggle\"><i class=\"icon-angle-down\"><\/i><\/button><span>Caract\u00e9ristiques<\/span><\/a><div class=\"accordion-inner\">\n<ul>\n<li>Un simple levier intuitif permet un ajustement et un contr\u00f4le faciles<\/li>\n<li>Une barre t\u00e9lescopique permet de choisir n\u2019importe quelle largeur entre 120 et 140 cm (en option)<\/li>\n<li>Certification GS<\/li>\n<\/ul>\n<\/div><\/div>\n<\/div>\n\t\t<\/div>\n\t\t\t<\/div>\n\n\t\n\n\t<div id=\"col-423358248\" class=\"col medium-6 small-12 large-6\"  >\n\t\t<div class=\"col-inner\"  >\n\t\t\t\n\t\t\t\n\t<div class=\"img has-hover x md-x lg-x y md-y lg-y\" id=\"image_531609287\">\n\t\t\t\t\t\t\t\t<div class=\"img-inner dark\" >\n\t\t\t<img loading=\"lazy\" decoding=\"async\" width=\"800\" height=\"800\" src=\"https:\/\/shoppingb2b.haworth.com\/wp-content\/uploads\/2021\/02\/HiYa_140x80_TITANIUM_01-800x800.png\" class=\"attachment-large size-large\" alt=\"\" srcset=\"https:\/\/shoppingb2b.haworth.com\/wp-content\/uploads\/2021\/02\/HiYa_140x80_TITANIUM_01-800x800.png 800w, https:\/\/shoppingb2b.haworth.com\/wp-content\/uploads\/2021\/02\/HiYa_140x80_TITANIUM_01-400x400.png 400w, https:\/\/shoppingb2b.haworth.com\/wp-content\/uploads\/2021\/02\/HiYa_140x80_TITANIUM_01-280x280.png 280w, https:\/\/shoppingb2b.haworth.com\/wp-content\/uploads\/2021\/02\/HiYa_140x80_TITANIUM_01-768x768.png 768w, https:\/\/shoppingb2b.haworth.com\/wp-content\/uploads\/2021\/02\/HiYa_140x80_TITANIUM_01-247x247.png 247w, https:\/\/shoppingb2b.haworth.com\/wp-content\/uploads\/2021\/02\/HiYa_140x80_TITANIUM_01-512x512.png 512w, https:\/\/shoppingb2b.haworth.com\/wp-content\/uploads\/2021\/02\/HiYa_140x80_TITANIUM_01.png 1000w\" sizes=\"auto, (max-width: 800px) 100vw, 800px\" \/>\t\t\t\t\t\t\n\t\t\t\t\t<\/div>\n\t\t\t\t\t\t\t\t\n<style>\n#image_531609287 {\n  width: 100%;\n}\n<\/style>\n\t<\/div>\n\t\n\t\t<\/div>\n\t\t\t<\/div>\n\n\t\n<\/div>\n","protected":false},"excerpt":{"rendered":"<p style=\"text-align: center;\">Design: Haworth Design Studio<br \/>\nLa table HiYa est une solution abordable avec une flexibilit\u00e9 de conception<br \/>\nqui prend en charge les besoins ergonomiques de votre personnel.<\/p>\n","protected":false},"featured_media":20364,"template":"","meta":[],"product_brand":[],"product_cat":[96,524],"product_tag":[176,458,451,631,630,507,509,620,184,501,456,448,560],"class_list":{"0":"post-147338","1":"product","2":"type-product","3":"status-publish","4":"has-post-thumbnail","6":"product_cat-bureaux","7":"product_cat-tous","8":"product_tag-allemagne","9":"product_tag-austria-fr","10":"product_tag-belgium-fr","11":"product_tag-hiya-fr","12":"product_tag-hiyaidea-fr","13":"product_tag-hungary-fr","14":"product_tag-italy-fr","15":"product_tag-luxembourg-fr","16":"product_tag-pays-bas","17":"product_tag-poland-fr","18":"product_tag-portugal-fr","19":"product_tag-spain-fr","20":"product_tag-tables-fr","22":"first","23":"instock","24":"taxable","25":"shipping-taxable","26":"purchasable","27":"product-type-simple"},"gallery_images":[20369,199344],"_links":{"self":[{"href":"https:\/\/shoppingb2b.haworth.com\/fr\/wp-json\/wp\/v2\/product\/147338","targetHints":{"allow":["GET"]}}],"collection":[{"href":"https:\/\/shoppingb2b.haworth.com\/fr\/wp-json\/wp\/v2\/product"}],"about":[{"href":"https:\/\/shoppingb2b.haworth.com\/fr\/wp-json\/wp\/v2\/types\/product"}],"wp:featuredmedia":[{"embeddable":true,"href":"https:\/\/shoppingb2b.haworth.com\/fr\/wp-json\/wp\/v2\/media\/20364"}],"wp:attachment":[{"href":"https:\/\/shoppingb2b.haworth.com\/fr\/wp-json\/wp\/v2\/media?parent=147338"}],"wp:term":[{"taxonomy":"product_brand","embeddable":true,"href":"https:\/\/shoppingb2b.haworth.com\/fr\/wp-json\/wp\/v2\/product_brand?post=147338"},{"taxonomy":"product_cat","embeddable":true,"href":"https:\/\/shoppingb2b.haworth.com\/fr\/wp-json\/wp\/v2\/product_cat?post=147338"},{"taxonomy":"product_tag","embeddable":true,"href":"https:\/\/shoppingb2b.haworth.com\/fr\/wp-json\/wp\/v2\/product_tag?post=147338"}],"curies":[{"name":"wp","href":"https:\/\/api.w.org\/{rel}","templated":true}]}}