{"id":1981,"date":"2020-06-05T01:54:49","date_gmt":"2020-06-05T00:54:49","guid":{"rendered":"http:\/\/s833217312.online.de\/?post_type=product&#038;p=1981"},"modified":"2021-03-31T22:21:21","modified_gmt":"2021-03-31T21:21:21","slug":"fr-adapt-monitor-arm-dual","status":"publish","type":"product","link":"https:\/\/shoppingb2b.haworth.com\/fr\/produit\/fr-adapt-monitor-arm-dual\/","title":{"rendered":"Support \u00e9cran Dual"},"content":{"rendered":"<p>Le bras support \u00e9cran double est\u00a0 le moyen le plus ergonomique de s&rsquo;assurer que vos \u00e9crans sont toujours \u00e0 la bonne hauteur et au bon angle pour vous, que vous soyez assis ou debout \u00e0 votre bureau.<\/p>\n<p>Ils peuvent facilement \u00eatre adapt\u00e9s \u00e0 vos besoins individuels et vous aident \u00e0 travailler confortablement et de mani\u00e8re productive.<\/p>\n","protected":false},"excerpt":{"rendered":"<p style=\"text-align: center;\">Support \u00e9cran double pour fixer les\u00a0 \u00e9crans au plan de travail. R\u00e9glage permanent<\/p>\n","protected":false},"featured_media":2449,"template":"","meta":[],"product_brand":[],"product_cat":[518,524],"product_tag":[441,206,117,173,422],"class_list":{"0":"post-1981","1":"product","2":"type-product","3":"status-publish","4":"has-post-thumbnail","6":"product_cat-accessoires","7":"product_cat-tous","8":"product_tag-adapt-fr","9":"product_tag-bureau","10":"product_tag-bureau-a-domicile","11":"product_tag-france-fr","12":"product_tag-monitor-arm-fr","14":"first","15":"instock","16":"taxable","17":"shipping-taxable","18":"product-type-simple"},"gallery_images":[2444],"_links":{"self":[{"href":"https:\/\/shoppingb2b.haworth.com\/fr\/wp-json\/wp\/v2\/product\/1981","targetHints":{"allow":["GET"]}}],"collection":[{"href":"https:\/\/shoppingb2b.haworth.com\/fr\/wp-json\/wp\/v2\/product"}],"about":[{"href":"https:\/\/shoppingb2b.haworth.com\/fr\/wp-json\/wp\/v2\/types\/product"}],"wp:featuredmedia":[{"embeddable":true,"href":"https:\/\/shoppingb2b.haworth.com\/fr\/wp-json\/wp\/v2\/media\/2449"}],"wp:attachment":[{"href":"https:\/\/shoppingb2b.haworth.com\/fr\/wp-json\/wp\/v2\/media?parent=1981"}],"wp:term":[{"taxonomy":"product_brand","embeddable":true,"href":"https:\/\/shoppingb2b.haworth.com\/fr\/wp-json\/wp\/v2\/product_brand?post=1981"},{"taxonomy":"product_cat","embeddable":true,"href":"https:\/\/shoppingb2b.haworth.com\/fr\/wp-json\/wp\/v2\/product_cat?post=1981"},{"taxonomy":"product_tag","embeddable":true,"href":"https:\/\/shoppingb2b.haworth.com\/fr\/wp-json\/wp\/v2\/product_tag?post=1981"}],"curies":[{"name":"wp","href":"https:\/\/api.w.org\/{rel}","templated":true}]}}