{"id":2052,"date":"2020-06-04T22:51:27","date_gmt":"2020-06-04T21:51:27","guid":{"rendered":"http:\/\/s833217312.online.de\/?post_type=product&#038;p=2052"},"modified":"2021-03-31T22:22:11","modified_gmt":"2021-03-31T21:22:11","slug":"fr-power-module","status":"publish","type":"product","link":"https:\/\/shoppingb2b.haworth.com\/fr\/produit\/fr-power-module\/","title":{"rendered":"Boitier prises Bachmann"},"content":{"rendered":"<h2><b>Quand le design rencontre la technologie<\/b><\/h2>\n<p>DESK 2 ALU BLACK est un bloc de prises design.<\/p>\n<p>L&rsquo;esth\u00e9tique bicolore du produit est due \u00e0 une combinaison d&rsquo;aluminium et d&#8217;embouts en polyamide noir. Il est se fixe sur des meubles \u00e0 l&rsquo;aide de supports de montage, ce qui permet de gagner de la place.<\/p>\n","protected":false},"excerpt":{"rendered":"<p style=\"text-align: center;\">2 prises de courant, Dual USB charger. 3 m c\u00e2ble avec prise<\/p>\n","protected":false},"featured_media":2596,"template":"","meta":[],"product_brand":[],"product_cat":[518,524],"product_tag":[451,206,117,173,435],"class_list":{"0":"post-2052","1":"product","2":"type-product","3":"status-publish","4":"has-post-thumbnail","6":"product_cat-accessoires","7":"product_cat-tous","8":"product_tag-belgium-fr","9":"product_tag-bureau","10":"product_tag-bureau-a-domicile","11":"product_tag-france-fr","12":"product_tag-power-module-fr","14":"first","15":"instock","16":"taxable","17":"shipping-taxable","18":"product-type-simple"},"gallery_images":[],"_links":{"self":[{"href":"https:\/\/shoppingb2b.haworth.com\/fr\/wp-json\/wp\/v2\/product\/2052","targetHints":{"allow":["GET"]}}],"collection":[{"href":"https:\/\/shoppingb2b.haworth.com\/fr\/wp-json\/wp\/v2\/product"}],"about":[{"href":"https:\/\/shoppingb2b.haworth.com\/fr\/wp-json\/wp\/v2\/types\/product"}],"wp:featuredmedia":[{"embeddable":true,"href":"https:\/\/shoppingb2b.haworth.com\/fr\/wp-json\/wp\/v2\/media\/2596"}],"wp:attachment":[{"href":"https:\/\/shoppingb2b.haworth.com\/fr\/wp-json\/wp\/v2\/media?parent=2052"}],"wp:term":[{"taxonomy":"product_brand","embeddable":true,"href":"https:\/\/shoppingb2b.haworth.com\/fr\/wp-json\/wp\/v2\/product_brand?post=2052"},{"taxonomy":"product_cat","embeddable":true,"href":"https:\/\/shoppingb2b.haworth.com\/fr\/wp-json\/wp\/v2\/product_cat?post=2052"},{"taxonomy":"product_tag","embeddable":true,"href":"https:\/\/shoppingb2b.haworth.com\/fr\/wp-json\/wp\/v2\/product_tag?post=2052"}],"curies":[{"name":"wp","href":"https:\/\/api.w.org\/{rel}","templated":true}]}}