{"id":3666,"date":"2020-07-03T08:06:28","date_gmt":"2020-07-03T07:06:28","guid":{"rendered":"http:\/\/s833217312.online.de\/?post_type=product&#038;p=3666"},"modified":"2021-03-31T22:20:30","modified_gmt":"2021-03-31T21:20:30","slug":"ch-power-module","status":"publish","type":"product","link":"https:\/\/shoppingb2b.haworth.com\/fr\/produit\/ch-power-module\/","title":{"rendered":"Power Module"},"content":{"rendered":"<h3>Le design rencontre la technologie<\/h3>\n<p>DESK 2 ALU BLACK est une multiprise orient\u00e9e design qui peut \u00e9galement \u00eatre \u00e9quip\u00e9e de diff\u00e9rents modules individuels. De cette mani\u00e8re, la barrette de prise peut \u00eatre adapt\u00e9e individuellement \u00e0 diff\u00e9rents besoins.<\/p>\n<p>L&rsquo;aspect bicolore esth\u00e9tique du produit est d\u00fb \u00e0 une combinaison d&#8217;embouts en aluminium et en plastique noir. Comme son produit soeur DESK 2, DESK 2 ALU BLACK est \u00e9galement fix\u00e9 aux meubles \u00e0 l&rsquo;aide de supports de montage pour gagner de la place.<\/p>\n<p>&nbsp;<\/p>\n","protected":false},"excerpt":{"rendered":"<p style=\"text-align: center;\">2 alimentation, double chargeur USB, c\u00e2ble de 3 m avec prise<\/p>\n","protected":false},"featured_media":2590,"template":"","meta":[],"product_brand":[],"product_cat":[518,524],"product_tag":[206,117,435,193],"class_list":{"0":"post-3666","1":"product","2":"type-product","3":"status-publish","4":"has-post-thumbnail","6":"product_cat-accessoires","7":"product_cat-tous","8":"product_tag-bureau","9":"product_tag-bureau-a-domicile","10":"product_tag-power-module-fr","11":"product_tag-suisse","13":"first","14":"instock","15":"taxable","16":"shipping-taxable","17":"product-type-simple"},"gallery_images":[],"_links":{"self":[{"href":"https:\/\/shoppingb2b.haworth.com\/fr\/wp-json\/wp\/v2\/product\/3666","targetHints":{"allow":["GET"]}}],"collection":[{"href":"https:\/\/shoppingb2b.haworth.com\/fr\/wp-json\/wp\/v2\/product"}],"about":[{"href":"https:\/\/shoppingb2b.haworth.com\/fr\/wp-json\/wp\/v2\/types\/product"}],"wp:featuredmedia":[{"embeddable":true,"href":"https:\/\/shoppingb2b.haworth.com\/fr\/wp-json\/wp\/v2\/media\/2590"}],"wp:attachment":[{"href":"https:\/\/shoppingb2b.haworth.com\/fr\/wp-json\/wp\/v2\/media?parent=3666"}],"wp:term":[{"taxonomy":"product_brand","embeddable":true,"href":"https:\/\/shoppingb2b.haworth.com\/fr\/wp-json\/wp\/v2\/product_brand?post=3666"},{"taxonomy":"product_cat","embeddable":true,"href":"https:\/\/shoppingb2b.haworth.com\/fr\/wp-json\/wp\/v2\/product_cat?post=3666"},{"taxonomy":"product_tag","embeddable":true,"href":"https:\/\/shoppingb2b.haworth.com\/fr\/wp-json\/wp\/v2\/product_tag?post=3666"}],"curies":[{"name":"wp","href":"https:\/\/api.w.org\/{rel}","templated":true}]}}