{"id":5015,"date":"2020-08-17T06:11:15","date_gmt":"2020-08-17T05:11:15","guid":{"rendered":"http:\/\/s833217312.online.de\/?post_type=product&#038;p=5015"},"modified":"2021-03-31T22:20:22","modified_gmt":"2021-03-31T21:20:22","slug":"uk-nia","status":"publish","type":"product","link":"https:\/\/shoppingb2b.haworth.com\/fr\/produit\/uk-nia\/","title":{"rendered":"Nia"},"content":{"rendered":"<div class=\"row\"  id=\"row-1682834139\">\n\n\t<div id=\"col-547648347\" class=\"col medium-6 small-12 large-6\"  >\n\t\t<div class=\"col-inner\"  >\n\t\t\t\n\t\t\t\n<h2>Aper\u00e7u Nia<\/h2>\n<div class=\"pdp-tabs-overview__description\">\n<p>L\u2019environnement de travail id\u00e9al pour le travailleur de la connaissance de demain apporte le soutien dont on a besoin et offre la libert\u00e9 que l\u2019on souhaite. Con\u00e7u pour vous soutenir durant toute la journ\u00e9e de travail, Nia vous offre le confort d\u2019un si\u00e8ge lounge dot\u00e9 de l\u2019ing\u00e9nierie pr\u00e9cise d\u2019un si\u00e8ge de travail performant. Il allie confort, performance et esth\u00e9tique en un seul produit. Son design \u00e9lanc\u00e9 cache un m\u00e9canisme intelligent qui, des tests pouss\u00e9s le prouvent, offre un confort incroyable \u00e0 chaque utilisation.<\/p>\n<p>Travail traditionnel vs Travail agile<br \/>\nLes travailleurs agiles ne veulent pas passer du temps \u00e0 ajuster un si\u00e8ge de travail dans lequel ils ne passent que quelques heures. L&rsquo;environnement de travail id\u00e9al pour le travailleur tertiaire du futur apporte le soutien dont on a besoin et offre la libert\u00e9 que l&rsquo;on souhaite.<\/p>\n<p>Nia. Le premier si\u00e8ge de la famille Active Seating<br \/>\nNia est con\u00e7u pour allier le style et le confort d&rsquo;une chaise lounge aux performances d&rsquo;une chaise de travail, cr\u00e9ant ainsi une solution pour de nombreux environnements, depuis les salles de r\u00e9union \/ conf\u00e9rence jusqu\u2019aux espaces de concentration en passant par lesespaces de collaboration.<\/p>\n<\/div>\n\t\t<\/div>\n\t\t\t<\/div>\n\n\t\n\n\t<div id=\"col-1291867654\" class=\"col medium-6 small-12 large-6\"  >\n\t\t<div class=\"col-inner\"  >\n\t\t\t\n\t\t\t\n\t<div class=\"img has-hover x md-x lg-x y md-y lg-y\" id=\"image_341296260\">\n\t\t\t\t\t\t\t\t<div class=\"img-inner dark\" >\n\t\t\t\t\t\t\t\t\t\n\t\t\t\t\t<\/div>\n\t\t\t\t\t\t\t\t\n<style>\n#image_341296260 {\n  width: 100%;\n}\n<\/style>\n\t<\/div>\n\t\n\t\t<\/div>\n\t\t\t<\/div>\n\n\t\n<\/div>\n<div class=\"accordion\" rel=\"\">\n<div class=\"accordion-item\"><a href=\"#\" class=\"accordion-title plain\"><button class=\"toggle\"><i class=\"icon-angle-down\"><\/i><\/button><span>Caract\u00e9ristiques<\/span><\/a><div class=\"accordion-inner\">\n<ul>\n<li>Libert\u00e9 voulue, soutien au besoin<\/li>\n<li>Ajustement simple et intuitif<\/li>\n<li>M\u00e9canisme brevet\u00e9 intelligent et unique<\/li>\n<li>Soutient une grande vari\u00e9t\u00e9 de postures<\/li>\n<li>S\u2019adapte \u00e0 un large \u00e9ventail de param\u00e8tres de travail<\/li>\n<\/ul>\n<\/div><\/div>\n<\/div>\n<div class=\"is-divider divider clearfix\" style=\"max-width:0px;height:80px;\"><\/div>\n<div class=\"video video-fit mb box-shadow-4\" style=\"padding-top:56.25%;\"><p><iframe loading=\"lazy\" title=\"Meet Nia\" src=\"https:\/\/player.vimeo.com\/video\/358088110?dnt=1&amp;app_id=122963\" width=\"1020\" height=\"574\" frameborder=\"0\" allow=\"autoplay; fullscreen\" allowfullscreen><\/iframe><\/p>\n<\/div>\n","protected":false},"excerpt":{"rendered":"<p style=\"text-align: center;\">Les si\u00e8ges traditionnels contrastent avec l&rsquo;esth\u00e9tique de plus en plus r\u00e9sidentielle du lieu de travail. Nia, avec son fin profil rembourr\u00e9 et ses m\u00e9canismes dissimul\u00e9s, est une chaise qui s&rsquo;accorde enfin \u00e0 cette nouvelle esth\u00e9tique sans compromettre les performances.<\/p>\n","protected":false},"featured_media":12111,"template":"","meta":[],"product_brand":[],"product_cat":[93,524],"product_tag":[526,547,445],"class_list":{"0":"post-5015","1":"product","2":"type-product","3":"status-publish","4":"has-post-thumbnail","6":"product_cat-sieges","7":"product_cat-tous","8":"product_tag-nia-fr","9":"product_tag-niaidea-fr","10":"product_tag-united-kingdom-fr","12":"first","13":"instock","14":"taxable","15":"shipping-taxable","16":"product-type-simple"},"gallery_images":[12114,12117],"_links":{"self":[{"href":"https:\/\/shoppingb2b.haworth.com\/fr\/wp-json\/wp\/v2\/product\/5015","targetHints":{"allow":["GET"]}}],"collection":[{"href":"https:\/\/shoppingb2b.haworth.com\/fr\/wp-json\/wp\/v2\/product"}],"about":[{"href":"https:\/\/shoppingb2b.haworth.com\/fr\/wp-json\/wp\/v2\/types\/product"}],"wp:featuredmedia":[{"embeddable":true,"href":"https:\/\/shoppingb2b.haworth.com\/fr\/wp-json\/wp\/v2\/media\/12111"}],"wp:attachment":[{"href":"https:\/\/shoppingb2b.haworth.com\/fr\/wp-json\/wp\/v2\/media?parent=5015"}],"wp:term":[{"taxonomy":"product_brand","embeddable":true,"href":"https:\/\/shoppingb2b.haworth.com\/fr\/wp-json\/wp\/v2\/product_brand?post=5015"},{"taxonomy":"product_cat","embeddable":true,"href":"https:\/\/shoppingb2b.haworth.com\/fr\/wp-json\/wp\/v2\/product_cat?post=5015"},{"taxonomy":"product_tag","embeddable":true,"href":"https:\/\/shoppingb2b.haworth.com\/fr\/wp-json\/wp\/v2\/product_tag?post=5015"}],"curies":[{"name":"wp","href":"https:\/\/api.w.org\/{rel}","templated":true}]}}