{"id":5184,"date":"2020-08-20T15:55:49","date_gmt":"2020-08-20T14:55:50","guid":{"rendered":"http:\/\/s833217312.online.de\/?post_type=product&#038;p=5184"},"modified":"2021-03-31T22:19:39","modified_gmt":"2021-03-31T21:19:39","slug":"fr-zody-2","status":"publish","type":"product","link":"https:\/\/shoppingb2b.haworth.com\/fr\/produit\/fr-zody-2\/","title":{"rendered":"Zody"},"content":{"rendered":"<div class=\"row\"  id=\"row-184223208\">\n\n\t<div id=\"col-1709742964\" class=\"col medium-6 small-12 large-6\"  >\n\t\t<div class=\"col-inner\"  >\n\t\t\t\n\t\t\t\n<h2>Zody Haworth<\/h2>\n<h5><b>Durabilit\u00e9 exceptionnelle<\/b><\/h5>\n<p>Certifi\u00e9 GREENGUARD Gold et BIFMA niveau TM 3, Zody est fabriqu\u00e9 \u00e0 partir de 42 % de mati\u00e8res recycl\u00e9es. \u00c0 la fin de sa vie utile, Zody est facilement d\u00e9montable et recyclable \u00e0 93 %. Gr\u00e2ce au programme \u00ab\u00a0Take Back\u00a0\u00bb, Zody peut \u00eatre renvoy\u00e9 chez Haworth pour y \u00eatre d\u00e9mont\u00e9 afin que chaque composant soit recycl\u00e9.<\/p>\n<p><b>Succ\u00e8s mondial<\/b><\/p>\n<p>Studio de design ITO Design d&rsquo;Haworth a collabor\u00e9 pour combiner le meilleur de l&rsquo;inventivit\u00e9 europ\u00e9enne et nord-am\u00e9ricaine dans un fauteuil de travail enti\u00e8rement ergonomique.<\/p>\n<p>Plus de trois millions de Zody sont utilis\u00e9s aujourd&rsquo;hui dans le monde entier, ce qui t\u00e9moigne de sa performance exceptionnelle en mati\u00e8re d\u2019ergonomie. Zody peut prendre n&rsquo;importe quel aspect et s\u2019adapte \u00e0 tous les environnements.<\/p>\n<h5><b>Ergonomie avanc\u00e9e<\/b><\/h5>\n<p>Zody est dot\u00e9 d&rsquo;un syst\u00e8me brevet\u00e9 de soutien du bassin et lombaire asym\u00e9trique (PAL) qui permet aux utilisateurs de r\u00e9gler leur propre confort tout au long de la journ\u00e9e. Le soutien du bassin aide \u00e0 maintenir la courbure naturelle de la colonne vert\u00e9brale, tandis que le coussin lombaire asym\u00e9trique offre un r\u00e9glage fin ind\u00e9pendant de chaque cot\u00e9 du bas du dos. Ce syst\u00e8me unique, ainsi qu&rsquo;une s\u00e9rie de r\u00e9glages ergonomiques, le cadre flexible et la tension de la r\u00e9sille permettent d&rsquo;am\u00e9liorer le confort et votre bien-\u00eatre.<\/p>\n\t\t<\/div>\n\t\t\t<\/div>\n\n\t\n\n\t<div id=\"col-799448312\" class=\"col medium-6 small-12 large-6\"  >\n\t\t<div class=\"col-inner\"  >\n\t\t\t\n\t\t\t\n\t<div class=\"img has-hover x md-x lg-x y md-y lg-y\" id=\"image_2027447977\">\n\t\t\t\t\t\t\t\t<div class=\"img-inner dark\" >\n\t\t\t<img loading=\"lazy\" decoding=\"async\" width=\"800\" height=\"800\" src=\"https:\/\/shoppingb2b.haworth.com\/wp-content\/uploads\/2020\/04\/ZODY_02AP_Back-800x800.png\" class=\"attachment-large size-large\" alt=\"\" srcset=\"https:\/\/shoppingb2b.haworth.com\/wp-content\/uploads\/2020\/04\/ZODY_02AP_Back-800x800.png 800w, https:\/\/shoppingb2b.haworth.com\/wp-content\/uploads\/2020\/04\/ZODY_02AP_Back-247x247.png 247w, https:\/\/shoppingb2b.haworth.com\/wp-content\/uploads\/2020\/04\/ZODY_02AP_Back-512x512.png 512w, https:\/\/shoppingb2b.haworth.com\/wp-content\/uploads\/2020\/04\/ZODY_02AP_Back-507x507.png 507w, https:\/\/shoppingb2b.haworth.com\/wp-content\/uploads\/2020\/04\/ZODY_02AP_Back-400x400.png 400w, https:\/\/shoppingb2b.haworth.com\/wp-content\/uploads\/2020\/04\/ZODY_02AP_Back-280x280.png 280w, https:\/\/shoppingb2b.haworth.com\/wp-content\/uploads\/2020\/04\/ZODY_02AP_Back-768x768.png 768w, https:\/\/shoppingb2b.haworth.com\/wp-content\/uploads\/2020\/04\/ZODY_02AP_Back.png 1000w\" sizes=\"auto, (max-width: 800px) 100vw, 800px\" \/>\t\t\t\t\t\t\n\t\t\t\t\t<\/div>\n\t\t\t\t\t\t\t\t\n<style>\n#image_2027447977 {\n  width: 100%;\n}\n<\/style>\n\t<\/div>\n\t\n\t\t<\/div>\n\t\t\t<\/div>\n\n\t\n<\/div>\n<div class=\"is-divider divider clearfix\" style=\"max-width:0px;height:80px;\"><\/div>\n<div class=\"video video-fit mb box-shadow-4\" style=\"padding-top:56.25%;\"><p><iframe loading=\"lazy\" title=\"Zody Adjustment Video\" src=\"https:\/\/player.vimeo.com\/video\/424028939?dnt=1&amp;app_id=122963\" width=\"1020\" height=\"574\" frameborder=\"0\" allow=\"autoplay; fullscreen\" allowfullscreen><\/iframe><\/p>\n<\/div>\n","protected":false},"excerpt":{"rendered":"<p style=\"text-align: center;\">Un si\u00e8ge de travail performant, qui allie un confort scientifiquement prouv\u00e9,<br \/>\nun design contemporain et un haut niveau de durabilit\u00e9.<\/p>\n","protected":false},"featured_media":1056,"template":"","meta":[],"product_brand":[],"product_cat":[1057,1048,93,524],"product_tag":[173,616,116,556,191],"class_list":{"0":"post-5184","1":"product","2":"type-product","3":"status-publish","4":"has-post-thumbnail","6":"product_cat-black-friday-fr","7":"product_cat-microsoft-datacenter-security-fr","8":"product_cat-sieges","9":"product_cat-tous","10":"product_tag-france-fr","11":"product_tag-intuityidea-fr","12":"product_tag-siege-de-bureau-fr","13":"product_tag-tibasidea-fr","14":"product_tag-zody-fr","16":"first","17":"instock","18":"taxable","19":"shipping-taxable","20":"product-type-simple"},"gallery_images":[1181,7048],"_links":{"self":[{"href":"https:\/\/shoppingb2b.haworth.com\/fr\/wp-json\/wp\/v2\/product\/5184","targetHints":{"allow":["GET"]}}],"collection":[{"href":"https:\/\/shoppingb2b.haworth.com\/fr\/wp-json\/wp\/v2\/product"}],"about":[{"href":"https:\/\/shoppingb2b.haworth.com\/fr\/wp-json\/wp\/v2\/types\/product"}],"wp:featuredmedia":[{"embeddable":true,"href":"https:\/\/shoppingb2b.haworth.com\/fr\/wp-json\/wp\/v2\/media\/1056"}],"wp:attachment":[{"href":"https:\/\/shoppingb2b.haworth.com\/fr\/wp-json\/wp\/v2\/media?parent=5184"}],"wp:term":[{"taxonomy":"product_brand","embeddable":true,"href":"https:\/\/shoppingb2b.haworth.com\/fr\/wp-json\/wp\/v2\/product_brand?post=5184"},{"taxonomy":"product_cat","embeddable":true,"href":"https:\/\/shoppingb2b.haworth.com\/fr\/wp-json\/wp\/v2\/product_cat?post=5184"},{"taxonomy":"product_tag","embeddable":true,"href":"https:\/\/shoppingb2b.haworth.com\/fr\/wp-json\/wp\/v2\/product_tag?post=5184"}],"curies":[{"name":"wp","href":"https:\/\/api.w.org\/{rel}","templated":true}]}}